{"id":20639,"date":"2021-06-26T19:47:07","date_gmt":"2021-06-26T17:47:07","guid":{"rendered":"https:\/\/www.nanosol.cz\/?post_type=product&#038;p=20639"},"modified":"2025-03-11T11:54:34","modified_gmt":"2025-03-11T10:54:34","slug":"cistic-kuze-leather-cleaner","status":"publish","type":"product","link":"https:\/\/www.nanosol.cz\/sk\/cistic-kuze-leather-cleaner\/","title":{"rendered":"\u010cisti\u010d k\u016f\u017ee Leather Cleaner"},"content":{"rendered":"<div id=\"pl-369\" class=\"panel-layout\">\n<div id=\"pg-369-0\" class=\"panel-grid panel-no-style\">\n<div id=\"pgc-369-0-0\" class=\"panel-grid-cell\" data-weight=\"1\">\n<div id=\"panel-369-0-0-0\" class=\"so-panel widget widget_sow-editor panel-first-child panel-last-child extendedwopts-col col-md-12 col-sm-12 col-xs-12 widgetopts-SO\" data-index=\"0\" data-style=\"{&quot;background_image_attachment&quot;:false,&quot;background_display&quot;:&quot;tile&quot;}\">\n<div class=\"so-widget-sow-editor so-widget-sow-editor-base\">\n<div class=\"siteorigin-widget-tinymce textwidget\">\n<h2>\u010cist\u00edc\u00ed pasta na k\u016f\u017ei Leather Cleaner 75ml<\/h2>\n<p>Extra \u00fa\u010dinn\u00e1 \u010dist\u00edc\u00ed pasta na k\u016f\u017ei jemn\u011b a \u00fa\u010dinn\u011b \u010dist\u00ed v\u00fdrobky z p\u0159\u00edrodn\u00ed i syntetick\u00e9 k\u016f\u017ee.. \u010cist\u00edc\u00ed pasta hladce vy\u010dist\u00ed ko\u017eenou pohovku, kabelku, ko\u017een\u00fd interi\u00e9r v aut\u011b\u00a0 a rovn\u011b\u017e prohloub\u00ed barvy, zv\u00fd\u0161\u00ed elasticitu a z\u00e1rove\u0148 poskytuje matn\u00fd lesk. Oproti tekut\u00fdm prost\u0159edk\u016fm \u010dist\u00ed do hloubky a daleko d\u016fkladn\u011bji.<\/p>\n<h3>Na co pastu k \u010dist\u011bn\u00ed k\u016f\u017ee pou\u017e\u00edt?<\/h3>\n<ul>\n<li>\u010cist\u011bn\u00ed p\u0159\u00edrodn\u00ed k\u016f\u017ee.<\/li>\n<li>\u010cist\u011bn\u00ed syntetick\u00e9 k\u016f\u017ee.<\/li>\n<li>\u010cist\u011bn\u00ed vinylu.<\/li>\n<li>Vhodna do dom\u00e1cnosti i aut.<\/li>\n<\/ul>\n<h3>Postup jak pastu Leather Cleaner pou\u017e\u00edt?<\/h3>\n<ol>\n<li>Naneste had\u0159\u00edkem tenkou vrstvu na \u010di\u0161t\u011bn\u00fd povrch.<\/li>\n<li>Po n\u011bkolika minut\u00e1ch pastu set\u0159ete i s ne\u010distotami.<\/li>\n<li>Jakmile je povrch vy\u010di\u0161t\u011bn\u00fd doporu\u010duji k\u016f\u017ei impregnovat p\u0159\u00edpravkem Autosol Leather care<\/li>\n<\/ol>\n<p>Pokud je zne\u010di\u0161t\u011bn\u00ed siln\u00e9 je mo\u017en\u00e9 m\u00edrn\u011b krou\u017eiv\u00fdmi pohyby \u010di\u0161t\u011bn\u00ed podpo\u0159it. Ned\u0159\u00edt ale k\u016f\u017ei na s\u00edlu, pasta je velmi abrazivn\u00ed a mohla by povrch po\u0161kodit.<\/p>\n<h3>Upozorn\u011bn\u00ed:<\/h3>\n<ul>\n<li>Skladujte mimo dosah d\u011bt\u00ed.<\/li>\n<li>Produkt nen\u00ed vhodn\u00fd na semi\u0161.<\/li>\n<\/ul>\n<h3>Slo\u017een\u00ed:<\/h3>\n<p>5-15% alifatick\u00e9 uhlovod\u00edky, m\u00fddlo, polykarboxyl\u00e1ty, d-limonen.<\/p>\n<h2>Pod\u00edvejte se, jak \u010dist\u00edc\u00ed pasta funguje na ko\u017een\u00e9 pohovce!<\/h2>\n<p>Kr\u00e1tk\u00e9 minutov\u00e9 video, na kter\u00e9m uvid\u00edte okam\u017eit\u00fd efekt \u010dist\u00edc\u00ed pasty.<\/p>\n<div class=\"video-shortcode\"><iframe class=\"lazyload\" title=\"C\u030cis\u030cte\u030cni\u0301 koz\u030cene\u0301 sedac\u030cky \u010dist\u00edc\u00ed pastou na k\u016f\u017ei Leather Cleaner Autosol\" width=\"1270\" height=\"714\" src=\"data:image\/svg+xml,%3Csvg%20xmlns%3D%27http%3A%2F%2Fwww.w3.org%2F2000%2Fsvg%27%20width%3D%271270%27%20height%3D%27714%27%20viewBox%3D%270%200%201270%20714%27%3E%3Crect%20width%3D%271270%27%20height%3D%27714%27%20fill-opacity%3D%220%22%2F%3E%3C%2Fsvg%3E\" data-orig-src=\"https:\/\/www.youtube.com\/embed\/MaNNcyG-WAg?feature=oembed&#038;enablejsapi=1&#038;origin=https:\/\/www.nanosol.cz\" frameborder=\"0\" allow=\"accelerometer; autoplay; clipboard-write; encrypted-media; gyroscope; picture-in-picture; web-share\" referrerpolicy=\"strict-origin-when-cross-origin\" allowfullscreen><\/iframe><\/div>\n<p>Pod\u00edvejte se, kolik jsme toho stihli vy\u010distit na ko\u017een\u00e9 pohovce za pouh\u00e9 2 minuty!<\/p>\n<div class=\"video-shortcode\"><iframe class=\"lazyload\" title=\"C\u030cis\u030cte\u030cni\u0301 koz\u030cene\u0301 seda\u010dky extra \u00fa\u010dinou pastou Leather Cleaner od Autosolu\" width=\"1270\" height=\"714\" src=\"data:image\/svg+xml,%3Csvg%20xmlns%3D%27http%3A%2F%2Fwww.w3.org%2F2000%2Fsvg%27%20width%3D%271270%27%20height%3D%27714%27%20viewBox%3D%270%200%201270%20714%27%3E%3Crect%20width%3D%271270%27%20height%3D%27714%27%20fill-opacity%3D%220%22%2F%3E%3C%2Fsvg%3E\" data-orig-src=\"https:\/\/www.youtube.com\/embed\/fE36K0JB4i8?feature=oembed&#038;enablejsapi=1&#038;origin=https:\/\/www.nanosol.cz\" frameborder=\"0\" allow=\"accelerometer; autoplay; clipboard-write; encrypted-media; gyroscope; picture-in-picture; web-share\" referrerpolicy=\"strict-origin-when-cross-origin\" allowfullscreen><\/iframe><\/div>\n<\/div>\n<\/div>\n<\/div>\n<\/div>\n<\/div>\n<\/div>\n","protected":false},"excerpt":{"rendered":"<p>\u010cist\u00edc\u00ed pasta na k\u016f\u017ei vhodn\u00e1 na p\u0159\u00edrodn\u00ed i syntetickou k\u016f\u017ei Leather Cleaner vhodn\u00e1 i na vinyl. Obsahuje velmi jemn\u00e9 abrazivn\u00ed \u010d\u00e1ste\u010dky, kter\u00fdmi hloubkov\u011b \u010dist\u00ed, obnovuje p\u016fvodn\u00ed barvu a sametov\u00fd vzhled k\u016f\u017ee.<\/p>\n","protected":false},"featured_media":20651,"comment_status":"open","ping_status":"closed","template":"","meta":{"_acf_changed":false},"product_brand":[],"product_cat":[170,95,174],"product_tag":[],"class_list":{"0":"post-20639","1":"product","2":"type-product","3":"status-publish","4":"has-post-thumbnail","6":"product_cat-autokosmetika","7":"product_cat-domacnost","8":"product_cat-motokosmetika","9":"pa_objem-75-ml","10":"pa_vyrobce-autosol","11":"pa_znacka-autosol","13":"first","14":"outofstock","15":"taxable","16":"shipping-taxable","17":"purchasable","18":"product-type-simple"},"bundled_by":[],"bundle_stock_status":"outofstock","bundle_stock_quantity":0,"bundle_virtual":false,"bundle_layout":"","bundle_add_to_cart_form_location":"","bundle_editable_in_cart":false,"bundle_sold_individually_context":"","bundle_item_grouping":"","bundle_min_size":"","bundle_max_size":"","bundle_price":[],"bundled_items":[],"bundle_sell_ids":[],"acf":[],"yoast_head":"<!-- This site is optimized with the Yoast SEO Premium plugin v21.4 (Yoast SEO v21.9.1) - https:\/\/yoast.com\/wordpress\/plugins\/seo\/ -->\n<title>\u00da\u010dinn\u00e1 \u010dist\u00edc\u00ed pasta na k\u016f\u017ei - p\u0159\u00edrodn\u00ed i syntetick\u00e1, Leather Cleaner 75ml<\/title>\n<meta name=\"description\" content=\"\u010cist\u00edc\u00ed pasta na k\u016f\u017ei jemn\u011b \u010d\u00edst\u00ed p\u0159\u00edrodn\u00ed a syntetick\u00e9 k\u016f\u017ee, rovn\u011b\u017e prohloub\u00ed barvy, zv\u00fd\u0161\u00ed elasticitu a z\u00e1rove\u0148 poskytuje matn\u00fd lesk.\" \/>\n<meta name=\"robots\" content=\"index, follow, max-snippet:-1, max-image-preview:large, max-video-preview:-1\" \/>\n<link rel=\"canonical\" href=\"https:\/\/www.nanosol.cz\/sk\/cistic-kuze-leather-cleaner\/\" \/>\n<meta property=\"og:locale\" content=\"sk_SK\" \/>\n<meta property=\"og:type\" content=\"article\" \/>\n<meta property=\"og:title\" content=\"\u010cisti\u010d k\u016f\u017ee Leather Cleaner\" \/>\n<meta property=\"og:description\" content=\"\u010cist\u00edc\u00ed pasta na k\u016f\u017ei jemn\u011b \u010d\u00edst\u00ed p\u0159\u00edrodn\u00ed a syntetick\u00e9 k\u016f\u017ee, rovn\u011b\u017e prohloub\u00ed barvy, zv\u00fd\u0161\u00ed elasticitu a z\u00e1rove\u0148 poskytuje matn\u00fd lesk.\" \/>\n<meta property=\"og:url\" content=\"https:\/\/www.nanosol.cz\/sk\/cistic-kuze-leather-cleaner\/\" \/>\n<meta property=\"og:site_name\" content=\"Nanosol SK\" \/>\n<meta property=\"article:modified_time\" content=\"2025-03-11T10:54:34+00:00\" \/>\n<meta property=\"og:image\" content=\"https:\/\/www.nanosol.cz\/sk\/wp-content\/uploads\/2021\/06\/58-Cistic-kuze-Leather-Cleaner.jpg\" \/>\n\t<meta property=\"og:image:width\" content=\"900\" \/>\n\t<meta property=\"og:image:height\" content=\"900\" \/>\n\t<meta property=\"og:image:type\" content=\"image\/jpeg\" \/>\n<meta name=\"twitter:card\" content=\"summary_large_image\" \/>\n<meta name=\"twitter:label1\" content=\"Cena\" \/>\n\t<meta name=\"twitter:data1\" content=\"112.02&nbsp;&euro;\" \/>\n\t<meta name=\"twitter:label2\" content=\"Dostupnos\u0165\" \/>\n\t<meta name=\"twitter:data2\" content=\"Nie je na sklade\" \/>\n<script type=\"application\/ld+json\" class=\"yoast-schema-graph\">{\"@context\":\"https:\/\/schema.org\",\"@graph\":[{\"@type\":\"WebPage\",\"@id\":\"https:\/\/www.nanosol.cz\/sk\/cistic-kuze-leather-cleaner\/\",\"url\":\"https:\/\/www.nanosol.cz\/sk\/cistic-kuze-leather-cleaner\/\",\"name\":\"\u00da\u010dinn\u00e1 \u010dist\u00edc\u00ed pasta na k\u016f\u017ei - p\u0159\u00edrodn\u00ed i syntetick\u00e1, Leather Cleaner 75ml\",\"isPartOf\":{\"@id\":\"https:\/\/www.nanosol.cz\/sk\/#website\"},\"datePublished\":\"2021-06-26T17:47:07+00:00\",\"dateModified\":\"2025-03-11T10:54:34+00:00\",\"description\":\"\u010cist\u00edc\u00ed pasta na k\u016f\u017ei jemn\u011b \u010d\u00edst\u00ed p\u0159\u00edrodn\u00ed a syntetick\u00e9 k\u016f\u017ee, rovn\u011b\u017e prohloub\u00ed barvy, zv\u00fd\u0161\u00ed elasticitu a z\u00e1rove\u0148 poskytuje matn\u00fd lesk.\",\"breadcrumb\":{\"@id\":\"https:\/\/www.nanosol.cz\/sk\/cistic-kuze-leather-cleaner\/#breadcrumb\"},\"inLanguage\":\"sk-SK\",\"potentialAction\":[{\"@type\":\"ReadAction\",\"target\":[\"https:\/\/www.nanosol.cz\/sk\/cistic-kuze-leather-cleaner\/\"]}]},{\"@type\":\"BreadcrumbList\",\"@id\":\"https:\/\/www.nanosol.cz\/sk\/cistic-kuze-leather-cleaner\/#breadcrumb\",\"itemListElement\":[{\"@type\":\"ListItem\",\"position\":1,\"name\":\"Dom\u016f\",\"item\":\"https:\/\/www.nanosol.cz\/sk\/\"},{\"@type\":\"ListItem\",\"position\":2,\"name\":\"Produkty\",\"item\":\"https:\/\/www.nanosol.cz\/sk\/shop\/\"},{\"@type\":\"ListItem\",\"position\":3,\"name\":\"\u010cisti\u010d k\u016f\u017ee Leather Cleaner\"}]},{\"@type\":\"WebSite\",\"@id\":\"https:\/\/www.nanosol.cz\/sk\/#website\",\"url\":\"https:\/\/www.nanosol.cz\/sk\/\",\"name\":\"Nanosol SK\",\"description\":\"Pr\u00e9miov\u00e9 nano p\u0159\u00edpravky a nano chemie\",\"potentialAction\":[{\"@type\":\"SearchAction\",\"target\":{\"@type\":\"EntryPoint\",\"urlTemplate\":\"https:\/\/www.nanosol.cz\/sk\/?s={search_term_string}\"},\"query-input\":\"required name=search_term_string\"}],\"inLanguage\":\"sk-SK\"}]}<\/script>\n<meta property=\"product:brand\" content=\"Autosol\" \/>\n<meta property=\"product:price:amount\" content=\"135.54\" \/>\n<meta property=\"product:price:currency\" content=\"EUR\" \/>\n<meta property=\"og:availability\" content=\"out of stock\" \/>\n<meta property=\"product:availability\" content=\"out of stock\" \/>\n<meta property=\"product:retailer_item_id\" content=\"01001040\" \/>\n<meta property=\"product:condition\" content=\"new\" \/>\n<!-- \/ Yoast SEO Premium plugin. -->","yoast_head_json":{"title":"\u00da\u010dinn\u00e1 \u010dist\u00edc\u00ed pasta na k\u016f\u017ei - p\u0159\u00edrodn\u00ed i syntetick\u00e1, Leather Cleaner 75ml","description":"\u010cist\u00edc\u00ed pasta na k\u016f\u017ei jemn\u011b \u010d\u00edst\u00ed p\u0159\u00edrodn\u00ed a syntetick\u00e9 k\u016f\u017ee, rovn\u011b\u017e prohloub\u00ed barvy, zv\u00fd\u0161\u00ed elasticitu a z\u00e1rove\u0148 poskytuje matn\u00fd lesk.","robots":{"index":"index","follow":"follow","max-snippet":"max-snippet:-1","max-image-preview":"max-image-preview:large","max-video-preview":"max-video-preview:-1"},"canonical":"https:\/\/www.nanosol.cz\/sk\/cistic-kuze-leather-cleaner\/","og_locale":"sk_SK","og_type":"article","og_title":"\u010cisti\u010d k\u016f\u017ee Leather Cleaner","og_description":"\u010cist\u00edc\u00ed pasta na k\u016f\u017ei jemn\u011b \u010d\u00edst\u00ed p\u0159\u00edrodn\u00ed a syntetick\u00e9 k\u016f\u017ee, rovn\u011b\u017e prohloub\u00ed barvy, zv\u00fd\u0161\u00ed elasticitu a z\u00e1rove\u0148 poskytuje matn\u00fd lesk.","og_url":"https:\/\/www.nanosol.cz\/sk\/cistic-kuze-leather-cleaner\/","og_site_name":"Nanosol SK","article_modified_time":"2025-03-11T10:54:34+00:00","og_image":[{"width":900,"height":900,"url":"https:\/\/www.nanosol.cz\/sk\/wp-content\/uploads\/2021\/06\/58-Cistic-kuze-Leather-Cleaner.jpg","type":"image\/jpeg"}],"twitter_card":"summary_large_image","twitter_misc":{"Cena":"112.02&nbsp;&euro;","Dostupnos\u0165":"Nie je na sklade"},"schema":{"@context":"https:\/\/schema.org","@graph":[{"@type":"WebPage","@id":"https:\/\/www.nanosol.cz\/sk\/cistic-kuze-leather-cleaner\/","url":"https:\/\/www.nanosol.cz\/sk\/cistic-kuze-leather-cleaner\/","name":"\u00da\u010dinn\u00e1 \u010dist\u00edc\u00ed pasta na k\u016f\u017ei - p\u0159\u00edrodn\u00ed i syntetick\u00e1, Leather Cleaner 75ml","isPartOf":{"@id":"https:\/\/www.nanosol.cz\/sk\/#website"},"datePublished":"2021-06-26T17:47:07+00:00","dateModified":"2025-03-11T10:54:34+00:00","description":"\u010cist\u00edc\u00ed pasta na k\u016f\u017ei jemn\u011b \u010d\u00edst\u00ed p\u0159\u00edrodn\u00ed a syntetick\u00e9 k\u016f\u017ee, rovn\u011b\u017e prohloub\u00ed barvy, zv\u00fd\u0161\u00ed elasticitu a z\u00e1rove\u0148 poskytuje matn\u00fd lesk.","breadcrumb":{"@id":"https:\/\/www.nanosol.cz\/sk\/cistic-kuze-leather-cleaner\/#breadcrumb"},"inLanguage":"sk-SK","potentialAction":[{"@type":"ReadAction","target":["https:\/\/www.nanosol.cz\/sk\/cistic-kuze-leather-cleaner\/"]}]},{"@type":"BreadcrumbList","@id":"https:\/\/www.nanosol.cz\/sk\/cistic-kuze-leather-cleaner\/#breadcrumb","itemListElement":[{"@type":"ListItem","position":1,"name":"Dom\u016f","item":"https:\/\/www.nanosol.cz\/sk\/"},{"@type":"ListItem","position":2,"name":"Produkty","item":"https:\/\/www.nanosol.cz\/sk\/shop\/"},{"@type":"ListItem","position":3,"name":"\u010cisti\u010d k\u016f\u017ee Leather Cleaner"}]},{"@type":"WebSite","@id":"https:\/\/www.nanosol.cz\/sk\/#website","url":"https:\/\/www.nanosol.cz\/sk\/","name":"Nanosol SK","description":"Pr\u00e9miov\u00e9 nano p\u0159\u00edpravky a nano chemie","potentialAction":[{"@type":"SearchAction","target":{"@type":"EntryPoint","urlTemplate":"https:\/\/www.nanosol.cz\/sk\/?s={search_term_string}"},"query-input":"required name=search_term_string"}],"inLanguage":"sk-SK"}]},"product_brand":"Autosol","product_price_amount":"135.54","product_price_currency":"EUR","og_availability":"out of stock","product_availability":"out of stock","product_retailer_item_id":"01001040","product_condition":"new"},"_links":{"self":[{"href":"https:\/\/www.nanosol.cz\/sk\/wp-json\/wp\/v2\/product\/20639","targetHints":{"allow":["GET"]}}],"collection":[{"href":"https:\/\/www.nanosol.cz\/sk\/wp-json\/wp\/v2\/product"}],"about":[{"href":"https:\/\/www.nanosol.cz\/sk\/wp-json\/wp\/v2\/types\/product"}],"replies":[{"embeddable":true,"href":"https:\/\/www.nanosol.cz\/sk\/wp-json\/wp\/v2\/comments?post=20639"}],"wp:featuredmedia":[{"embeddable":true,"href":"https:\/\/www.nanosol.cz\/sk\/wp-json\/wp\/v2\/media\/20651"}],"wp:attachment":[{"href":"https:\/\/www.nanosol.cz\/sk\/wp-json\/wp\/v2\/media?parent=20639"}],"wp:term":[{"taxonomy":"product_brand","embeddable":true,"href":"https:\/\/www.nanosol.cz\/sk\/wp-json\/wp\/v2\/product_brand?post=20639"},{"taxonomy":"product_cat","embeddable":true,"href":"https:\/\/www.nanosol.cz\/sk\/wp-json\/wp\/v2\/product_cat?post=20639"},{"taxonomy":"product_tag","embeddable":true,"href":"https:\/\/www.nanosol.cz\/sk\/wp-json\/wp\/v2\/product_tag?post=20639"}],"curies":[{"name":"wp","href":"https:\/\/api.w.org\/{rel}","templated":true}]}}