{"id":20648,"date":"2021-06-26T19:47:43","date_gmt":"2021-06-26T17:47:43","guid":{"rendered":"https:\/\/www.nanosol.cz\/?post_type=product&#038;p=20648"},"modified":"2025-03-11T09:21:23","modified_gmt":"2025-03-11T08:21:23","slug":"interierovy-kartacek","status":"custom-hide-product","type":"product","link":"https:\/\/www.nanosol.cz\/sk\/interierovy-kartacek\/","title":{"rendered":"Interi\u00e9rov\u00fd kart\u00e1\u010dek"},"content":{"rendered":"<p>Mal\u00fd kart\u00e1\u010dek vhodn\u00fd na \u010di\u0161t\u011bn\u00ed mal\u00fdch z\u00e1hyb\u016f v interi\u00e9ru auta nap\u0159. m\u0159\u00ed\u017eky ventilace, spoje plastov\u00fdch \u010d\u00e1st\u00ed apod.<\/p>\n<ul>\n<li>D\u00e9lka \u0161t\u011btinek 25 mm.<\/li>\n<\/ul>\n","protected":false},"excerpt":{"rendered":"<p>Mal\u00fd kart\u00e1\u010dek vhodn\u00fd na \u010di\u0161t\u011bn\u00ed interi\u00e9ru auta.<\/p>\n","protected":false},"featured_media":20864,"comment_status":"open","ping_status":"closed","template":"","meta":{"_acf_changed":false},"product_brand":[],"product_cat":[170,163,474,171],"product_tag":[63],"class_list":{"0":"post-20648","1":"product","2":"type-product","3":"status-custom-hide-product","4":"has-post-thumbnail","6":"product_cat-autokosmetika","7":"product_cat-doplnky-a-prislusenstvi","8":"product_cat-kartace","9":"product_cat-prislusenstvi-houby-uterky-pady-kartace","10":"product_tag-novinka","11":"pa_vyrobce-vikan","13":"first","14":"outofstock","15":"taxable","16":"shipping-taxable","17":"product-type-simple"},"bundled_by":[],"bundle_stock_status":"outofstock","bundle_stock_quantity":0,"bundle_virtual":false,"bundle_layout":"","bundle_add_to_cart_form_location":"","bundle_editable_in_cart":false,"bundle_sold_individually_context":"","bundle_item_grouping":"","bundle_min_size":"","bundle_max_size":"","bundle_price":[],"bundled_items":[],"bundle_sell_ids":[],"acf":[],"yoast_head":"<!-- This site is optimized with the Yoast SEO Premium plugin v21.4 (Yoast SEO v21.9.1) - https:\/\/yoast.com\/wordpress\/plugins\/seo\/ -->\n<title>Interi\u00e9rov\u00fd kart\u00e1\u010dek - Nanosol SK<\/title>\n<meta name=\"robots\" content=\"index, follow, max-snippet:-1, max-image-preview:large, max-video-preview:-1\" \/>\n<link rel=\"canonical\" href=\"https:\/\/www.nanosol.cz\/sk\/interierovy-kartacek\/\" \/>\n<meta property=\"og:locale\" content=\"sk_SK\" \/>\n<meta property=\"og:type\" content=\"article\" \/>\n<meta property=\"og:title\" content=\"Interi\u00e9rov\u00fd kart\u00e1\u010dek\" \/>\n<meta property=\"og:description\" content=\"Mal\u00fd kart\u00e1\u010dek vhodn\u00fd na \u010di\u0161t\u011bn\u00ed interi\u00e9ru auta.\" \/>\n<meta property=\"og:url\" content=\"https:\/\/www.nanosol.cz\/sk\/interierovy-kartacek\/\" \/>\n<meta property=\"og:site_name\" content=\"Nanosol SK\" \/>\n<meta property=\"article:modified_time\" content=\"2025-03-11T08:21:23+00:00\" \/>\n<meta property=\"og:image\" content=\"https:\/\/www.nanosol.cz\/sk\/wp-content\/uploads\/2021\/06\/631559-detailingovy-kartacek-pro-interier-auta-vikan-01.jpg\" \/>\n\t<meta property=\"og:image:width\" content=\"600\" \/>\n\t<meta property=\"og:image:height\" content=\"600\" \/>\n\t<meta property=\"og:image:type\" content=\"image\/jpeg\" \/>\n<meta name=\"twitter:card\" content=\"summary_large_image\" \/>\n<meta name=\"twitter:label1\" content=\"Cena\" \/>\n\t<meta name=\"twitter:data1\" content=\"88.11&nbsp;&euro;\" \/>\n\t<meta name=\"twitter:label2\" content=\"Dostupnos\u0165\" \/>\n\t<meta name=\"twitter:data2\" content=\"Nie je na sklade\" \/>\n<script type=\"application\/ld+json\" class=\"yoast-schema-graph\">{\"@context\":\"https:\/\/schema.org\",\"@graph\":[{\"@type\":\"WebPage\",\"@id\":\"https:\/\/www.nanosol.cz\/sk\/interierovy-kartacek\/\",\"url\":\"https:\/\/www.nanosol.cz\/sk\/interierovy-kartacek\/\",\"name\":\"Interi\u00e9rov\u00fd kart\u00e1\u010dek - Nanosol SK\",\"isPartOf\":{\"@id\":\"https:\/\/www.nanosol.cz\/sk\/#website\"},\"datePublished\":\"2021-06-26T17:47:43+00:00\",\"dateModified\":\"2025-03-11T08:21:23+00:00\",\"breadcrumb\":{\"@id\":\"https:\/\/www.nanosol.cz\/sk\/interierovy-kartacek\/#breadcrumb\"},\"inLanguage\":\"sk-SK\",\"potentialAction\":[{\"@type\":\"ReadAction\",\"target\":[\"https:\/\/www.nanosol.cz\/sk\/interierovy-kartacek\/\"]}]},{\"@type\":\"BreadcrumbList\",\"@id\":\"https:\/\/www.nanosol.cz\/sk\/interierovy-kartacek\/#breadcrumb\",\"itemListElement\":[{\"@type\":\"ListItem\",\"position\":1,\"name\":\"Dom\u016f\",\"item\":\"https:\/\/www.nanosol.cz\/sk\/\"},{\"@type\":\"ListItem\",\"position\":2,\"name\":\"Produkty\",\"item\":\"https:\/\/www.nanosol.cz\/sk\/shop\/\"},{\"@type\":\"ListItem\",\"position\":3,\"name\":\"Interi\u00e9rov\u00fd kart\u00e1\u010dek\"}]},{\"@type\":\"WebSite\",\"@id\":\"https:\/\/www.nanosol.cz\/sk\/#website\",\"url\":\"https:\/\/www.nanosol.cz\/sk\/\",\"name\":\"Nanosol SK\",\"description\":\"Pr\u00e9miov\u00e9 nano p\u0159\u00edpravky a nano chemie\",\"potentialAction\":[{\"@type\":\"SearchAction\",\"target\":{\"@type\":\"EntryPoint\",\"urlTemplate\":\"https:\/\/www.nanosol.cz\/sk\/?s={search_term_string}\"},\"query-input\":\"required name=search_term_string\"}],\"inLanguage\":\"sk-SK\"}]}<\/script>\n<meta property=\"product:price:amount\" content=\"106.61\" \/>\n<meta property=\"product:price:currency\" content=\"EUR\" \/>\n<meta property=\"og:availability\" content=\"out of stock\" \/>\n<meta property=\"product:availability\" content=\"out of stock\" \/>\n<meta property=\"product:retailer_item_id\" content=\"631559\" \/>\n<meta property=\"product:condition\" content=\"new\" \/>\n<!-- \/ Yoast SEO Premium plugin. -->","yoast_head_json":{"title":"Interi\u00e9rov\u00fd kart\u00e1\u010dek - Nanosol SK","robots":{"index":"index","follow":"follow","max-snippet":"max-snippet:-1","max-image-preview":"max-image-preview:large","max-video-preview":"max-video-preview:-1"},"canonical":"https:\/\/www.nanosol.cz\/sk\/interierovy-kartacek\/","og_locale":"sk_SK","og_type":"article","og_title":"Interi\u00e9rov\u00fd kart\u00e1\u010dek","og_description":"Mal\u00fd kart\u00e1\u010dek vhodn\u00fd na \u010di\u0161t\u011bn\u00ed interi\u00e9ru auta.","og_url":"https:\/\/www.nanosol.cz\/sk\/interierovy-kartacek\/","og_site_name":"Nanosol SK","article_modified_time":"2025-03-11T08:21:23+00:00","og_image":[{"width":600,"height":600,"url":"https:\/\/www.nanosol.cz\/sk\/wp-content\/uploads\/2021\/06\/631559-detailingovy-kartacek-pro-interier-auta-vikan-01.jpg","type":"image\/jpeg"}],"twitter_card":"summary_large_image","twitter_misc":{"Cena":"88.11&nbsp;&euro;","Dostupnos\u0165":"Nie je na sklade"},"schema":{"@context":"https:\/\/schema.org","@graph":[{"@type":"WebPage","@id":"https:\/\/www.nanosol.cz\/sk\/interierovy-kartacek\/","url":"https:\/\/www.nanosol.cz\/sk\/interierovy-kartacek\/","name":"Interi\u00e9rov\u00fd kart\u00e1\u010dek - Nanosol SK","isPartOf":{"@id":"https:\/\/www.nanosol.cz\/sk\/#website"},"datePublished":"2021-06-26T17:47:43+00:00","dateModified":"2025-03-11T08:21:23+00:00","breadcrumb":{"@id":"https:\/\/www.nanosol.cz\/sk\/interierovy-kartacek\/#breadcrumb"},"inLanguage":"sk-SK","potentialAction":[{"@type":"ReadAction","target":["https:\/\/www.nanosol.cz\/sk\/interierovy-kartacek\/"]}]},{"@type":"BreadcrumbList","@id":"https:\/\/www.nanosol.cz\/sk\/interierovy-kartacek\/#breadcrumb","itemListElement":[{"@type":"ListItem","position":1,"name":"Dom\u016f","item":"https:\/\/www.nanosol.cz\/sk\/"},{"@type":"ListItem","position":2,"name":"Produkty","item":"https:\/\/www.nanosol.cz\/sk\/shop\/"},{"@type":"ListItem","position":3,"name":"Interi\u00e9rov\u00fd kart\u00e1\u010dek"}]},{"@type":"WebSite","@id":"https:\/\/www.nanosol.cz\/sk\/#website","url":"https:\/\/www.nanosol.cz\/sk\/","name":"Nanosol SK","description":"Pr\u00e9miov\u00e9 nano p\u0159\u00edpravky a nano chemie","potentialAction":[{"@type":"SearchAction","target":{"@type":"EntryPoint","urlTemplate":"https:\/\/www.nanosol.cz\/sk\/?s={search_term_string}"},"query-input":"required name=search_term_string"}],"inLanguage":"sk-SK"}]},"product_price_amount":"106.61","product_price_currency":"EUR","og_availability":"out of stock","product_availability":"out of stock","product_retailer_item_id":"631559","product_condition":"new"},"_links":{"self":[{"href":"https:\/\/www.nanosol.cz\/sk\/wp-json\/wp\/v2\/product\/20648","targetHints":{"allow":["GET"]}}],"collection":[{"href":"https:\/\/www.nanosol.cz\/sk\/wp-json\/wp\/v2\/product"}],"about":[{"href":"https:\/\/www.nanosol.cz\/sk\/wp-json\/wp\/v2\/types\/product"}],"replies":[{"embeddable":true,"href":"https:\/\/www.nanosol.cz\/sk\/wp-json\/wp\/v2\/comments?post=20648"}],"wp:featuredmedia":[{"embeddable":true,"href":"https:\/\/www.nanosol.cz\/sk\/wp-json\/wp\/v2\/media\/20864"}],"wp:attachment":[{"href":"https:\/\/www.nanosol.cz\/sk\/wp-json\/wp\/v2\/media?parent=20648"}],"wp:term":[{"taxonomy":"product_brand","embeddable":true,"href":"https:\/\/www.nanosol.cz\/sk\/wp-json\/wp\/v2\/product_brand?post=20648"},{"taxonomy":"product_cat","embeddable":true,"href":"https:\/\/www.nanosol.cz\/sk\/wp-json\/wp\/v2\/product_cat?post=20648"},{"taxonomy":"product_tag","embeddable":true,"href":"https:\/\/www.nanosol.cz\/sk\/wp-json\/wp\/v2\/product_tag?post=20648"}],"curies":[{"name":"wp","href":"https:\/\/api.w.org\/{rel}","templated":true}]}}