{"id":20711,"date":"2021-06-26T19:51:18","date_gmt":"2021-06-26T17:51:18","guid":{"rendered":"https:\/\/www.nanosol.cz\/?post_type=product&#038;p=20711"},"modified":"2025-03-11T11:46:16","modified_gmt":"2025-03-11T10:46:16","slug":"lestici-pasta-na-pochromovane-plasty-m1","status":"publish","type":"product","link":"https:\/\/www.nanosol.cz\/sk\/lestici-pasta-na-pochromovane-plasty-m1\/","title":{"rendered":"Le\u0161tic\u00ed pasta na pochromovan\u00e9 plasty M1"},"content":{"rendered":"<h2>M1 \u010dist\u00edc\u00ed a le\u0161t\u00edc\u00ed pasta na pochromovan\u00e9 plasty 75 ml<\/h2>\n<p dir=\"ltr\">Vysoce speci\u00e1ln\u00ed pasta vhodn\u00e1 na ve\u0161ker\u00e9 pochromovan\u00e9 plasty. Obsahuje speci\u00e1ln\u00ed Alfa le\u0161t\u00edc\u00ed pr\u00e1\u0161ek ten zaru\u010duje minim\u00e1ln\u00ed abrazi a maxim\u00e1ln\u00ed le\u0161t\u00edc\u00ed v\u00fdsledky. V jednom kroku \u010dist\u00ed a chr\u00e1n\u00ed. Pasta byla vyvinuta ve spolupr\u00e1ci s p\u0159edn\u00edm v\u00fdrobcem autodopl\u0148k\u016f.<\/p>\n<h3>Na co pastu na pochromovan\u00e9 plasty pou\u017e\u00edt?<\/h3>\n<ul>\n<li>\u010cist\u011bn\u00ed ve\u0161ker\u00fdch leskl\u00fdch pochromovan\u00fdch plastov\u00fdch povrch\u016f.<\/li>\n<li>\u010ci\u0161t\u011bn\u00ed ve\u0161ker\u00fdch matn\u00fdch \u00a0pochromovan\u00fdch plastov\u00fdch povrch\u016f.<\/li>\n<li>Na pochromovan\u00e9 plasty v interi\u00e9ru.<\/li>\n<li>Na ve\u0161ker\u00e9 pochromovan\u00e9 plasty v exteri\u00e9ru auta \u010di motorky.<\/li>\n<li>Pastu lze pou\u017e\u00edt i na pochromovan\u00e9 plasty v dom\u00e1cnosti \u010di pr\u016fmyslu.<\/li>\n<\/ul>\n<h3>Postup, jak pastu na pochromovan\u00e9 plasty pou\u017e\u00edt?<\/h3>\n<ol>\n<li>Naneste pastu na povrch \u010d\u00e1sti, kterou chcete \u010distit.<\/li>\n<li>Le\u0161t\u011bte m\u011bkk\u00fdm had\u0159\u00edkem krou\u017eiv\u00fdmi pohyby.<\/li>\n<li>Po uschnut\u00ed odstra\u0148te suchou m\u011bkkou ut\u011brkou zbytky pasty.<\/li>\n<\/ol>\n<p>&nbsp;<\/p>\n<p dir=\"ltr\">Vyvinuto ve spolupr\u00e1ci s vedouc\u00edm v\u00fdrobcem elektro a potahovan\u00fdch plast\u016f &#8211; BIA Kunststoff &#8211; und Galvanotechnik GmbH.<\/p>\n<p>&nbsp;<\/p>\n<h3>Slo\u017een\u00ed:<\/h3>\n<p dir=\"ltr\">15-30% alifatick\u00fdch uhlovod\u00edk\u016f, 5-15% aromatick\u00fdch uhlovod\u00edk\u016f, m\u00fddlo.<\/p>\n","protected":false},"excerpt":{"rendered":"<p>\u010cist\u00edc\u00ed a le\u0161t\u00edc\u00ed pasta na pochomovan\u00e9 plasty M1 Cleaning Polish k \u010di\u0161t\u011bn\u00ed pochormovan\u00fdch nebo pokoven\u00fdch plast\u016f. Nepo\u0161kod\u00ed pokoven\u00fd povrch, ale obnov\u00ed jeho lesk. Bezpe\u010dn\u00e1 varianta pro interi\u00e9rov\u00e9 plasty v automobilech.<\/p>\n","protected":false},"featured_media":20727,"comment_status":"open","ping_status":"closed","template":"","meta":{"_acf_changed":false},"product_brand":[],"product_cat":[170,95],"product_tag":[],"class_list":{"0":"post-20711","1":"product","2":"type-product","3":"status-publish","4":"has-post-thumbnail","6":"product_cat-autokosmetika","7":"product_cat-domacnost","8":"pa_objem-75-ml","9":"pa_vyrobce-autosol","10":"pa_znacka-autosol","12":"first","13":"outofstock","14":"taxable","15":"shipping-taxable","16":"purchasable","17":"product-type-simple"},"bundled_by":[],"bundle_stock_status":"outofstock","bundle_stock_quantity":0,"bundle_virtual":false,"bundle_layout":"","bundle_add_to_cart_form_location":"","bundle_editable_in_cart":false,"bundle_sold_individually_context":"","bundle_item_grouping":"","bundle_min_size":"","bundle_max_size":"","bundle_price":[],"bundled_items":[],"bundle_sell_ids":[],"acf":[],"yoast_head":"<!-- This site is optimized with the Yoast SEO Premium plugin v21.4 (Yoast SEO v21.9.1) - https:\/\/yoast.com\/wordpress\/plugins\/seo\/ -->\n<title>Le\u0161t\u011b\u00edc\u00ed pasta na pochromovan\u00e9 plasty M1 Cleaning Polish<\/title>\n<meta name=\"description\" content=\"Speci\u00e1ln\u00ed pasta vhodn\u00e1 na ve\u0161ker\u00e9 pochromovan\u00e9 plasty. Obsahuje Alfa le\u0161t\u00edc\u00ed pr\u00e1\u0161ek ten zaru\u010duje minim\u00e1ln\u00ed abrazi a maxim\u00e1ln\u00ed le\u0161t\u00edc\u00ed v\u00fdsledky. \u010cist\u00ed a chr\u00e1n\u00ed.\" \/>\n<meta name=\"robots\" content=\"index, follow, max-snippet:-1, max-image-preview:large, max-video-preview:-1\" \/>\n<link rel=\"canonical\" href=\"https:\/\/www.nanosol.cz\/sk\/lestici-pasta-na-pochromovane-plasty-m1\/\" \/>\n<meta property=\"og:locale\" content=\"sk_SK\" \/>\n<meta property=\"og:type\" content=\"article\" \/>\n<meta property=\"og:title\" content=\"Le\u0161tic\u00ed pasta na pochromovan\u00e9 plasty M1\" \/>\n<meta property=\"og:description\" content=\"Speci\u00e1ln\u00ed pasta vhodn\u00e1 na ve\u0161ker\u00e9 pochromovan\u00e9 plasty. Obsahuje Alfa le\u0161t\u00edc\u00ed pr\u00e1\u0161ek ten zaru\u010duje minim\u00e1ln\u00ed abrazi a maxim\u00e1ln\u00ed le\u0161t\u00edc\u00ed v\u00fdsledky. \u010cist\u00ed a chr\u00e1n\u00ed.\" \/>\n<meta property=\"og:url\" content=\"https:\/\/www.nanosol.cz\/sk\/lestici-pasta-na-pochromovane-plasty-m1\/\" \/>\n<meta property=\"og:site_name\" content=\"Nanosol SK\" \/>\n<meta property=\"article:modified_time\" content=\"2025-03-11T10:46:16+00:00\" \/>\n<meta property=\"og:image\" content=\"https:\/\/www.nanosol.cz\/sk\/wp-content\/uploads\/2021\/06\/24-Autokosmetika-Autosol-M1-Cleansing-Polish.jpg\" \/>\n\t<meta property=\"og:image:width\" content=\"900\" \/>\n\t<meta property=\"og:image:height\" content=\"900\" \/>\n\t<meta property=\"og:image:type\" content=\"image\/jpeg\" \/>\n<meta name=\"twitter:card\" content=\"summary_large_image\" \/>\n<meta name=\"twitter:label1\" content=\"Cena\" \/>\n\t<meta name=\"twitter:data1\" content=\"118.84&nbsp;&euro;\" \/>\n\t<meta name=\"twitter:label2\" content=\"Dostupnos\u0165\" \/>\n\t<meta name=\"twitter:data2\" content=\"Nie je na sklade\" \/>\n<script type=\"application\/ld+json\" class=\"yoast-schema-graph\">{\"@context\":\"https:\/\/schema.org\",\"@graph\":[{\"@type\":\"WebPage\",\"@id\":\"https:\/\/www.nanosol.cz\/sk\/lestici-pasta-na-pochromovane-plasty-m1\/\",\"url\":\"https:\/\/www.nanosol.cz\/sk\/lestici-pasta-na-pochromovane-plasty-m1\/\",\"name\":\"Le\u0161t\u011b\u00edc\u00ed pasta na pochromovan\u00e9 plasty M1 Cleaning Polish\",\"isPartOf\":{\"@id\":\"https:\/\/www.nanosol.cz\/sk\/#website\"},\"datePublished\":\"2021-06-26T17:51:18+00:00\",\"dateModified\":\"2025-03-11T10:46:16+00:00\",\"description\":\"Speci\u00e1ln\u00ed pasta vhodn\u00e1 na ve\u0161ker\u00e9 pochromovan\u00e9 plasty. Obsahuje Alfa le\u0161t\u00edc\u00ed pr\u00e1\u0161ek ten zaru\u010duje minim\u00e1ln\u00ed abrazi a maxim\u00e1ln\u00ed le\u0161t\u00edc\u00ed v\u00fdsledky. \u010cist\u00ed a chr\u00e1n\u00ed.\",\"breadcrumb\":{\"@id\":\"https:\/\/www.nanosol.cz\/sk\/lestici-pasta-na-pochromovane-plasty-m1\/#breadcrumb\"},\"inLanguage\":\"sk-SK\",\"potentialAction\":[{\"@type\":\"ReadAction\",\"target\":[\"https:\/\/www.nanosol.cz\/sk\/lestici-pasta-na-pochromovane-plasty-m1\/\"]}]},{\"@type\":\"BreadcrumbList\",\"@id\":\"https:\/\/www.nanosol.cz\/sk\/lestici-pasta-na-pochromovane-plasty-m1\/#breadcrumb\",\"itemListElement\":[{\"@type\":\"ListItem\",\"position\":1,\"name\":\"Dom\u016f\",\"item\":\"https:\/\/www.nanosol.cz\/sk\/\"},{\"@type\":\"ListItem\",\"position\":2,\"name\":\"Produkty\",\"item\":\"https:\/\/www.nanosol.cz\/sk\/shop\/\"},{\"@type\":\"ListItem\",\"position\":3,\"name\":\"Le\u0161tic\u00ed pasta na pochromovan\u00e9 plasty M1\"}]},{\"@type\":\"WebSite\",\"@id\":\"https:\/\/www.nanosol.cz\/sk\/#website\",\"url\":\"https:\/\/www.nanosol.cz\/sk\/\",\"name\":\"Nanosol SK\",\"description\":\"Pr\u00e9miov\u00e9 nano p\u0159\u00edpravky a nano chemie\",\"potentialAction\":[{\"@type\":\"SearchAction\",\"target\":{\"@type\":\"EntryPoint\",\"urlTemplate\":\"https:\/\/www.nanosol.cz\/sk\/?s={search_term_string}\"},\"query-input\":\"required name=search_term_string\"}],\"inLanguage\":\"sk-SK\"}]}<\/script>\n<meta property=\"product:brand\" content=\"Autosol\" \/>\n<meta property=\"product:price:amount\" content=\"143.80\" \/>\n<meta property=\"product:price:currency\" content=\"EUR\" \/>\n<meta property=\"og:availability\" content=\"out of stock\" \/>\n<meta property=\"product:availability\" content=\"out of stock\" \/>\n<meta property=\"product:retailer_item_id\" content=\"01001910\" \/>\n<meta property=\"product:condition\" content=\"new\" \/>\n<!-- \/ Yoast SEO Premium plugin. -->","yoast_head_json":{"title":"Le\u0161t\u011b\u00edc\u00ed pasta na pochromovan\u00e9 plasty M1 Cleaning Polish","description":"Speci\u00e1ln\u00ed pasta vhodn\u00e1 na ve\u0161ker\u00e9 pochromovan\u00e9 plasty. Obsahuje Alfa le\u0161t\u00edc\u00ed pr\u00e1\u0161ek ten zaru\u010duje minim\u00e1ln\u00ed abrazi a maxim\u00e1ln\u00ed le\u0161t\u00edc\u00ed v\u00fdsledky. \u010cist\u00ed a chr\u00e1n\u00ed.","robots":{"index":"index","follow":"follow","max-snippet":"max-snippet:-1","max-image-preview":"max-image-preview:large","max-video-preview":"max-video-preview:-1"},"canonical":"https:\/\/www.nanosol.cz\/sk\/lestici-pasta-na-pochromovane-plasty-m1\/","og_locale":"sk_SK","og_type":"article","og_title":"Le\u0161tic\u00ed pasta na pochromovan\u00e9 plasty M1","og_description":"Speci\u00e1ln\u00ed pasta vhodn\u00e1 na ve\u0161ker\u00e9 pochromovan\u00e9 plasty. Obsahuje Alfa le\u0161t\u00edc\u00ed pr\u00e1\u0161ek ten zaru\u010duje minim\u00e1ln\u00ed abrazi a maxim\u00e1ln\u00ed le\u0161t\u00edc\u00ed v\u00fdsledky. \u010cist\u00ed a chr\u00e1n\u00ed.","og_url":"https:\/\/www.nanosol.cz\/sk\/lestici-pasta-na-pochromovane-plasty-m1\/","og_site_name":"Nanosol SK","article_modified_time":"2025-03-11T10:46:16+00:00","og_image":[{"width":900,"height":900,"url":"https:\/\/www.nanosol.cz\/sk\/wp-content\/uploads\/2021\/06\/24-Autokosmetika-Autosol-M1-Cleansing-Polish.jpg","type":"image\/jpeg"}],"twitter_card":"summary_large_image","twitter_misc":{"Cena":"118.84&nbsp;&euro;","Dostupnos\u0165":"Nie je na sklade"},"schema":{"@context":"https:\/\/schema.org","@graph":[{"@type":"WebPage","@id":"https:\/\/www.nanosol.cz\/sk\/lestici-pasta-na-pochromovane-plasty-m1\/","url":"https:\/\/www.nanosol.cz\/sk\/lestici-pasta-na-pochromovane-plasty-m1\/","name":"Le\u0161t\u011b\u00edc\u00ed pasta na pochromovan\u00e9 plasty M1 Cleaning Polish","isPartOf":{"@id":"https:\/\/www.nanosol.cz\/sk\/#website"},"datePublished":"2021-06-26T17:51:18+00:00","dateModified":"2025-03-11T10:46:16+00:00","description":"Speci\u00e1ln\u00ed pasta vhodn\u00e1 na ve\u0161ker\u00e9 pochromovan\u00e9 plasty. Obsahuje Alfa le\u0161t\u00edc\u00ed pr\u00e1\u0161ek ten zaru\u010duje minim\u00e1ln\u00ed abrazi a maxim\u00e1ln\u00ed le\u0161t\u00edc\u00ed v\u00fdsledky. \u010cist\u00ed a chr\u00e1n\u00ed.","breadcrumb":{"@id":"https:\/\/www.nanosol.cz\/sk\/lestici-pasta-na-pochromovane-plasty-m1\/#breadcrumb"},"inLanguage":"sk-SK","potentialAction":[{"@type":"ReadAction","target":["https:\/\/www.nanosol.cz\/sk\/lestici-pasta-na-pochromovane-plasty-m1\/"]}]},{"@type":"BreadcrumbList","@id":"https:\/\/www.nanosol.cz\/sk\/lestici-pasta-na-pochromovane-plasty-m1\/#breadcrumb","itemListElement":[{"@type":"ListItem","position":1,"name":"Dom\u016f","item":"https:\/\/www.nanosol.cz\/sk\/"},{"@type":"ListItem","position":2,"name":"Produkty","item":"https:\/\/www.nanosol.cz\/sk\/shop\/"},{"@type":"ListItem","position":3,"name":"Le\u0161tic\u00ed pasta na pochromovan\u00e9 plasty M1"}]},{"@type":"WebSite","@id":"https:\/\/www.nanosol.cz\/sk\/#website","url":"https:\/\/www.nanosol.cz\/sk\/","name":"Nanosol SK","description":"Pr\u00e9miov\u00e9 nano p\u0159\u00edpravky a nano chemie","potentialAction":[{"@type":"SearchAction","target":{"@type":"EntryPoint","urlTemplate":"https:\/\/www.nanosol.cz\/sk\/?s={search_term_string}"},"query-input":"required name=search_term_string"}],"inLanguage":"sk-SK"}]},"product_brand":"Autosol","product_price_amount":"143.80","product_price_currency":"EUR","og_availability":"out of stock","product_availability":"out of stock","product_retailer_item_id":"01001910","product_condition":"new"},"_links":{"self":[{"href":"https:\/\/www.nanosol.cz\/sk\/wp-json\/wp\/v2\/product\/20711","targetHints":{"allow":["GET"]}}],"collection":[{"href":"https:\/\/www.nanosol.cz\/sk\/wp-json\/wp\/v2\/product"}],"about":[{"href":"https:\/\/www.nanosol.cz\/sk\/wp-json\/wp\/v2\/types\/product"}],"replies":[{"embeddable":true,"href":"https:\/\/www.nanosol.cz\/sk\/wp-json\/wp\/v2\/comments?post=20711"}],"wp:featuredmedia":[{"embeddable":true,"href":"https:\/\/www.nanosol.cz\/sk\/wp-json\/wp\/v2\/media\/20727"}],"wp:attachment":[{"href":"https:\/\/www.nanosol.cz\/sk\/wp-json\/wp\/v2\/media?parent=20711"}],"wp:term":[{"taxonomy":"product_brand","embeddable":true,"href":"https:\/\/www.nanosol.cz\/sk\/wp-json\/wp\/v2\/product_brand?post=20711"},{"taxonomy":"product_cat","embeddable":true,"href":"https:\/\/www.nanosol.cz\/sk\/wp-json\/wp\/v2\/product_cat?post=20711"},{"taxonomy":"product_tag","embeddable":true,"href":"https:\/\/www.nanosol.cz\/sk\/wp-json\/wp\/v2\/product_tag?post=20711"}],"curies":[{"name":"wp","href":"https:\/\/api.w.org\/{rel}","templated":true}]}}