{"id":21119,"date":"2021-11-17T19:50:30","date_gmt":"2021-11-17T18:50:30","guid":{"rendered":"https:\/\/www.nanosol.cz\/?post_type=product&#038;p=21119"},"modified":"2026-03-17T10:23:23","modified_gmt":"2026-03-17T09:23:23","slug":"sada-na-auto-autokosmetika-5v1","status":"publish","type":"product","link":"https:\/\/www.nanosol.cz\/sk\/sada-na-auto-autokosmetika-5v1\/","title":{"rendered":"Sada na auto: Autokosmetika 5v1"},"content":{"rendered":"<h2>Sada na auto: Autokosmetika 5v1<\/h2>\n<p>Praktick\u00e1 sada autokosmetiky pro kompletn\u00ed p\u00e9\u010di o exteri\u00e9r i interi\u00e9r auta. Kvalitn\u00ed Auto\u0161ampon na myt\u00ed a NANO vosk na auto. \u0160amponem umyjete, usu\u0161\u00edte a NANO vosk dod\u00e1 perfektn\u00ed lesk a dlouhodobou ochranu laku. \u010cisti\u010d interi\u00e9rov\u00fdch skel v kombinaci s Magickou ut\u011brkou ud\u011bl\u00e1 radost v interi\u00e9ru. Zajist\u00ed \u010dist\u00e1 skla zevnit\u0159 vozu. Nav\u00edc se svou velikost\u00ed pohodln\u011b vejde do dve\u0159n\u00ed p\u0159ihr\u00e1dky ka\u017ed\u00e9ho auta.<\/p>\n<h2>Co tedy sada autokosmetiky obsahuje?<\/h2>\n<ul>\n<li>pH neutr\u00e1ln\u00ed Auto\u0161ampon<strong> (500 ml)<\/strong>, kter\u00fd je vhodn\u00fd i pro \u010dast\u00e9 myt\u00ed<\/li>\n<li>NANO vosk na auto<strong> (250 ml)<\/strong> zase usnadn\u00ed \u010di\u0161t\u011bn\u00ed venkovn\u00edch skel a zrc\u00e1tek<\/li>\n<li>S vnit\u0159n\u00edmi skly zase pom\u016f\u017ee \u010cisti\u010d interi\u00e9rov\u00fdch skel<strong> (250 ml)<\/strong> a Magick\u00e1 ut\u011brka<\/li>\n<li>Beze\u0161v\u00e1 ut\u011brka z mikrovl\u00e1kna na aplikaci NANO vosku<\/li>\n<\/ul>\n<h3>Co tato sada neobsahuje?<\/h3>\n<p>Sady nejsou d\u00e1rkov\u00e9 tzn. nedojdou V\u00e1m v kr\u00e1sn\u00e9 \u010dern\u00e9 krabici se stuhou. <strong>Sady<\/strong> jsou tedy t\u00e9maticky poskl\u00e1dan\u00e9 produkty za zv\u00fdhodn\u011bnou cenu. Pokud hled\u00e1te opravdov\u00fd d\u00e1rek, vyberte si <a href=\"https:\/\/www.nanosol.cz\/darkove-balicky\/\">D\u00e1rkov\u00fd bal\u00ed\u010dek<\/a>.<\/p>\n","protected":false},"excerpt":{"rendered":"<p>Praktick\u00e1 sada autokosmetiky pro kompletn\u00ed p\u00e9\u010di o exteri\u00e9r i interi\u00e9r auta.<\/p>\n","protected":false},"featured_media":21126,"comment_status":"open","ping_status":"closed","template":"","meta":{"_acf_changed":false},"product_brand":[],"product_cat":[170,297,57],"product_tag":[],"class_list":{"0":"post-21119","1":"product","2":"type-product","3":"status-publish","4":"has-post-thumbnail","6":"product_cat-autokosmetika","7":"product_cat-sady-autokosmetiky","8":"product_cat-sady","9":"pa_vyrobce-nanosol","10":"pa_znacka-nanosol","12":"first","13":"instock","14":"taxable","15":"shipping-taxable","16":"purchasable","17":"product-type-bundle"},"bundled_by":[],"bundle_stock_status":"instock","bundle_stock_quantity":405,"bundle_virtual":false,"bundle_layout":"default","bundle_add_to_cart_form_location":"default","bundle_editable_in_cart":false,"bundle_sold_individually_context":"product","bundle_item_grouping":"parent","bundle_min_size":"","bundle_max_size":"","bundle_price":{"price":{"min":{"incl_tax":"566.21","excl_tax":"566.214876"},"max":{"incl_tax":"566.21","excl_tax":"566.214876"}},"regular_price":{"min":{"incl_tax":"566.21","excl_tax":"566.214876"},"max":{"incl_tax":"566.21","excl_tax":"566.214876"}}},"bundled_items":[{"bundled_item_id":72,"product_id":21020,"menu_order":0,"quantity_min":1,"quantity_max":1,"quantity_default":1,"priced_individually":false,"shipped_individually":false,"override_title":false,"title":"Auto\u0161ampon pH neutr\u00e1ln\u00ed 500ml","override_description":false,"description":"","optional":false,"hide_thumbnail":false,"discount":"","override_variations":false,"allowed_variations":[],"override_default_variation_attributes":false,"default_variation_attributes":[],"single_product_visibility":"visible","cart_visibility":"visible","order_visibility":"visible","single_product_price_visibility":"visible","cart_price_visibility":"visible","order_price_visibility":"visible","stock_status":"in_stock"},{"bundled_item_id":73,"product_id":21023,"menu_order":1,"quantity_min":1,"quantity_max":1,"quantity_default":1,"priced_individually":false,"shipped_individually":false,"override_title":false,"title":"NANO vosk na auto 250 ml","override_description":false,"description":"","optional":false,"hide_thumbnail":false,"discount":"","override_variations":false,"allowed_variations":[],"override_default_variation_attributes":false,"default_variation_attributes":[],"single_product_visibility":"visible","cart_visibility":"visible","order_visibility":"visible","single_product_price_visibility":"visible","cart_price_visibility":"visible","order_price_visibility":"visible","stock_status":"in_stock"},{"bundled_item_id":74,"product_id":21025,"menu_order":2,"quantity_min":1,"quantity_max":1,"quantity_default":1,"priced_individually":false,"shipped_individually":false,"override_title":false,"title":"\u010cisti\u010d interi\u00e9rov\u00fdch skel Glass Cleaner","override_description":false,"description":"","optional":false,"hide_thumbnail":false,"discount":"","override_variations":false,"allowed_variations":[],"override_default_variation_attributes":false,"default_variation_attributes":[],"single_product_visibility":"visible","cart_visibility":"visible","order_visibility":"visible","single_product_price_visibility":"visible","cart_price_visibility":"visible","order_price_visibility":"visible","stock_status":"in_stock"},{"bundled_item_id":282,"product_id":23327,"menu_order":3,"quantity_min":1,"quantity_max":1,"quantity_default":1,"priced_individually":false,"shipped_individually":false,"override_title":false,"title":"Magick\u00e1 ut\u011brka na sklo \u017elut\u00e1","override_description":false,"description":"","optional":false,"hide_thumbnail":false,"discount":"","override_variations":false,"allowed_variations":[],"override_default_variation_attributes":false,"default_variation_attributes":[],"single_product_visibility":"visible","cart_visibility":"visible","order_visibility":"visible","single_product_price_visibility":"visible","cart_price_visibility":"visible","order_price_visibility":"visible","stock_status":"in_stock"},{"bundled_item_id":272,"product_id":21673,"menu_order":4,"quantity_min":1,"quantity_max":1,"quantity_default":1,"priced_individually":false,"shipped_individually":false,"override_title":false,"title":"Beze\u0161v\u00e1 ut\u011brka z mikrovl\u00e1kna PREMIUM","override_description":false,"description":"","optional":false,"hide_thumbnail":false,"discount":"","override_variations":false,"allowed_variations":[],"override_default_variation_attributes":false,"default_variation_attributes":[],"single_product_visibility":"visible","cart_visibility":"visible","order_visibility":"visible","single_product_price_visibility":"visible","cart_price_visibility":"visible","order_price_visibility":"visible","stock_status":"in_stock"}],"bundle_sell_ids":[],"acf":[],"yoast_head":"<!-- This site is optimized with the Yoast SEO Premium plugin v21.4 (Yoast SEO v21.9.1) - https:\/\/yoast.com\/wordpress\/plugins\/seo\/ -->\n<title>Sada na auto: Autokosmetika 5v1 - NANOSOL<\/title>\n<meta name=\"description\" content=\"Praktick\u00e1 sada na auto Autokosmetika 5v1 pro kompletn\u00ed p\u00e9\u010di o exteri\u00e9r i interi\u00e9r auta.\" \/>\n<meta name=\"robots\" content=\"index, follow, max-snippet:-1, max-image-preview:large, max-video-preview:-1\" \/>\n<link rel=\"canonical\" href=\"https:\/\/www.nanosol.cz\/sk\/sada-na-auto-autokosmetika-5v1\/\" \/>\n<meta property=\"og:locale\" content=\"sk_SK\" \/>\n<meta property=\"og:type\" content=\"article\" \/>\n<meta property=\"og:title\" content=\"Sada na auto: Autokosmetika 5v1\" \/>\n<meta property=\"og:description\" content=\"Praktick\u00e1 sada na auto Autokosmetika 5v1 pro kompletn\u00ed p\u00e9\u010di o exteri\u00e9r i interi\u00e9r auta.\" \/>\n<meta property=\"og:url\" content=\"https:\/\/www.nanosol.cz\/sk\/sada-na-auto-autokosmetika-5v1\/\" \/>\n<meta property=\"og:site_name\" content=\"Nanosol SK\" \/>\n<meta property=\"article:modified_time\" content=\"2026-03-17T09:23:23+00:00\" \/>\n<meta property=\"og:image\" content=\"https:\/\/www.nanosol.cz\/sk\/wp-content\/uploads\/2021\/11\/90000052-Sada-na-auto-Autokosmetika-5v1.jpg\" \/>\n\t<meta property=\"og:image:width\" content=\"1990\" \/>\n\t<meta property=\"og:image:height\" content=\"1990\" \/>\n\t<meta property=\"og:image:type\" content=\"image\/jpeg\" \/>\n<meta name=\"twitter:card\" content=\"summary_large_image\" \/>\n<meta name=\"twitter:label1\" content=\"Cena\" \/>\n\t<meta name=\"twitter:data1\" content=\"566.21&nbsp;&euro;\" \/>\n\t<meta name=\"twitter:label2\" content=\"Dostupnos\u0165\" \/>\n\t<meta name=\"twitter:data2\" content=\"Na sklade\" \/>\n<script type=\"application\/ld+json\" class=\"yoast-schema-graph\">{\"@context\":\"https:\/\/schema.org\",\"@graph\":[{\"@type\":\"WebPage\",\"@id\":\"https:\/\/www.nanosol.cz\/sk\/sada-na-auto-autokosmetika-5v1\/\",\"url\":\"https:\/\/www.nanosol.cz\/sk\/sada-na-auto-autokosmetika-5v1\/\",\"name\":\"Sada na auto: Autokosmetika 5v1 - NANOSOL\",\"isPartOf\":{\"@id\":\"https:\/\/www.nanosol.cz\/sk\/#website\"},\"datePublished\":\"2021-11-17T18:50:30+00:00\",\"dateModified\":\"2026-03-17T09:23:23+00:00\",\"description\":\"Praktick\u00e1 sada na auto Autokosmetika 5v1 pro kompletn\u00ed p\u00e9\u010di o exteri\u00e9r i interi\u00e9r auta.\",\"breadcrumb\":{\"@id\":\"https:\/\/www.nanosol.cz\/sk\/sada-na-auto-autokosmetika-5v1\/#breadcrumb\"},\"inLanguage\":\"sk-SK\",\"potentialAction\":[{\"@type\":\"ReadAction\",\"target\":[\"https:\/\/www.nanosol.cz\/sk\/sada-na-auto-autokosmetika-5v1\/\"]}]},{\"@type\":\"BreadcrumbList\",\"@id\":\"https:\/\/www.nanosol.cz\/sk\/sada-na-auto-autokosmetika-5v1\/#breadcrumb\",\"itemListElement\":[{\"@type\":\"ListItem\",\"position\":1,\"name\":\"Dom\u016f\",\"item\":\"https:\/\/www.nanosol.cz\/sk\/\"},{\"@type\":\"ListItem\",\"position\":2,\"name\":\"Produkty\",\"item\":\"https:\/\/www.nanosol.cz\/sk\/shop\/\"},{\"@type\":\"ListItem\",\"position\":3,\"name\":\"Sada na auto: Autokosmetika 5v1\"}]},{\"@type\":\"WebSite\",\"@id\":\"https:\/\/www.nanosol.cz\/sk\/#website\",\"url\":\"https:\/\/www.nanosol.cz\/sk\/\",\"name\":\"Nanosol SK\",\"description\":\"Pr\u00e9miov\u00e9 nano p\u0159\u00edpravky a nano chemie\",\"potentialAction\":[{\"@type\":\"SearchAction\",\"target\":{\"@type\":\"EntryPoint\",\"urlTemplate\":\"https:\/\/www.nanosol.cz\/sk\/?s={search_term_string}\"},\"query-input\":\"required name=search_term_string\"}],\"inLanguage\":\"sk-SK\"}]}<\/script>\n<meta property=\"product:brand\" content=\"NANOSOL\" \/>\n<meta property=\"product:price:amount\" content=\"685.12\" \/>\n<meta property=\"product:price:currency\" content=\"EUR\" \/>\n<meta property=\"og:availability\" content=\"instock\" \/>\n<meta property=\"product:availability\" content=\"instock\" \/>\n<meta property=\"product:retailer_item_id\" content=\"90000052\" \/>\n<meta property=\"product:condition\" content=\"new\" \/>\n<!-- \/ Yoast SEO Premium plugin. -->","yoast_head_json":{"title":"Sada na auto: Autokosmetika 5v1 - NANOSOL","description":"Praktick\u00e1 sada na auto Autokosmetika 5v1 pro kompletn\u00ed p\u00e9\u010di o exteri\u00e9r i interi\u00e9r auta.","robots":{"index":"index","follow":"follow","max-snippet":"max-snippet:-1","max-image-preview":"max-image-preview:large","max-video-preview":"max-video-preview:-1"},"canonical":"https:\/\/www.nanosol.cz\/sk\/sada-na-auto-autokosmetika-5v1\/","og_locale":"sk_SK","og_type":"article","og_title":"Sada na auto: Autokosmetika 5v1","og_description":"Praktick\u00e1 sada na auto Autokosmetika 5v1 pro kompletn\u00ed p\u00e9\u010di o exteri\u00e9r i interi\u00e9r auta.","og_url":"https:\/\/www.nanosol.cz\/sk\/sada-na-auto-autokosmetika-5v1\/","og_site_name":"Nanosol SK","article_modified_time":"2026-03-17T09:23:23+00:00","og_image":[{"width":1990,"height":1990,"url":"https:\/\/www.nanosol.cz\/sk\/wp-content\/uploads\/2021\/11\/90000052-Sada-na-auto-Autokosmetika-5v1.jpg","type":"image\/jpeg"}],"twitter_card":"summary_large_image","twitter_misc":{"Cena":"566.21&nbsp;&euro;","Dostupnos\u0165":"Na sklade"},"schema":{"@context":"https:\/\/schema.org","@graph":[{"@type":"WebPage","@id":"https:\/\/www.nanosol.cz\/sk\/sada-na-auto-autokosmetika-5v1\/","url":"https:\/\/www.nanosol.cz\/sk\/sada-na-auto-autokosmetika-5v1\/","name":"Sada na auto: Autokosmetika 5v1 - NANOSOL","isPartOf":{"@id":"https:\/\/www.nanosol.cz\/sk\/#website"},"datePublished":"2021-11-17T18:50:30+00:00","dateModified":"2026-03-17T09:23:23+00:00","description":"Praktick\u00e1 sada na auto Autokosmetika 5v1 pro kompletn\u00ed p\u00e9\u010di o exteri\u00e9r i interi\u00e9r auta.","breadcrumb":{"@id":"https:\/\/www.nanosol.cz\/sk\/sada-na-auto-autokosmetika-5v1\/#breadcrumb"},"inLanguage":"sk-SK","potentialAction":[{"@type":"ReadAction","target":["https:\/\/www.nanosol.cz\/sk\/sada-na-auto-autokosmetika-5v1\/"]}]},{"@type":"BreadcrumbList","@id":"https:\/\/www.nanosol.cz\/sk\/sada-na-auto-autokosmetika-5v1\/#breadcrumb","itemListElement":[{"@type":"ListItem","position":1,"name":"Dom\u016f","item":"https:\/\/www.nanosol.cz\/sk\/"},{"@type":"ListItem","position":2,"name":"Produkty","item":"https:\/\/www.nanosol.cz\/sk\/shop\/"},{"@type":"ListItem","position":3,"name":"Sada na auto: Autokosmetika 5v1"}]},{"@type":"WebSite","@id":"https:\/\/www.nanosol.cz\/sk\/#website","url":"https:\/\/www.nanosol.cz\/sk\/","name":"Nanosol SK","description":"Pr\u00e9miov\u00e9 nano p\u0159\u00edpravky a nano chemie","potentialAction":[{"@type":"SearchAction","target":{"@type":"EntryPoint","urlTemplate":"https:\/\/www.nanosol.cz\/sk\/?s={search_term_string}"},"query-input":"required name=search_term_string"}],"inLanguage":"sk-SK"}]},"product_brand":"NANOSOL","product_price_amount":"685.12","product_price_currency":"EUR","og_availability":"instock","product_availability":"instock","product_retailer_item_id":"90000052","product_condition":"new"},"_links":{"self":[{"href":"https:\/\/www.nanosol.cz\/sk\/wp-json\/wp\/v2\/product\/21119","targetHints":{"allow":["GET"]}}],"collection":[{"href":"https:\/\/www.nanosol.cz\/sk\/wp-json\/wp\/v2\/product"}],"about":[{"href":"https:\/\/www.nanosol.cz\/sk\/wp-json\/wp\/v2\/types\/product"}],"replies":[{"embeddable":true,"href":"https:\/\/www.nanosol.cz\/sk\/wp-json\/wp\/v2\/comments?post=21119"}],"wp:featuredmedia":[{"embeddable":true,"href":"https:\/\/www.nanosol.cz\/sk\/wp-json\/wp\/v2\/media\/21126"}],"wp:attachment":[{"href":"https:\/\/www.nanosol.cz\/sk\/wp-json\/wp\/v2\/media?parent=21119"}],"wp:term":[{"taxonomy":"product_brand","embeddable":true,"href":"https:\/\/www.nanosol.cz\/sk\/wp-json\/wp\/v2\/product_brand?post=21119"},{"taxonomy":"product_cat","embeddable":true,"href":"https:\/\/www.nanosol.cz\/sk\/wp-json\/wp\/v2\/product_cat?post=21119"},{"taxonomy":"product_tag","embeddable":true,"href":"https:\/\/www.nanosol.cz\/sk\/wp-json\/wp\/v2\/product_tag?post=21119"}],"curies":[{"name":"wp","href":"https:\/\/api.w.org\/{rel}","templated":true}]}}