{"id":23491,"date":"2022-11-15T15:54:31","date_gmt":"2022-11-15T14:54:31","guid":{"rendered":"https:\/\/www.nanosol.cz\/?post_type=product&#038;p=23491"},"modified":"2025-03-07T11:15:59","modified_gmt":"2025-03-07T10:15:59","slug":"sada-na-auto-nanosterace-5v1","status":"custom-hide-product","type":"product","link":"https:\/\/www.nanosol.cz\/sk\/sada-na-auto-nanosterace-5v1\/","title":{"rendered":"Sada na auto: NANOst\u011bra\u010de 5v1"},"content":{"rendered":"<p>Praktick\u00e1 sada NANOst\u011bra\u010d\u016f a \u0161amponu s NANOvoskem a odstra\u0148ova\u010dem hmyzu INSECTUM. T\u0159i produkty, kter\u00e9 V\u00e1m usnadn\u00ed \u010di\u0161t\u011bn\u00ed a myt\u00ed auta.<\/p>\n","protected":false},"excerpt":{"rendered":"<p>Praktick\u00e1 sada NANOst\u011bra\u010d\u016f a \u0161amponu s NANOvoskem a odstra\u0148ova\u010dem hmyzu INSECTUM. T\u0159i produkty, kter\u00e9 V\u00e1m usnadn\u00ed \u010di\u0161t\u011bn\u00ed a myt\u00ed auta.<\/p>\n","protected":false},"featured_media":23492,"comment_status":"open","ping_status":"closed","template":"","meta":{"_acf_changed":false},"product_brand":[],"product_cat":[170,297,57],"product_tag":[],"class_list":{"0":"post-23491","1":"product","2":"type-product","3":"status-custom-hide-product","4":"has-post-thumbnail","6":"product_cat-autokosmetika","7":"product_cat-sady-autokosmetiky","8":"product_cat-sady","9":"pa_vyrobce-nanosol","10":"pa_znacka-nanosol","12":"first","13":"outofstock","14":"virtual","15":"taxable","16":"product-type-bundle"},"bundled_by":[],"bundle_stock_status":"outofstock","bundle_stock_quantity":0,"bundle_virtual":false,"bundle_layout":"default","bundle_add_to_cart_form_location":"default","bundle_editable_in_cart":false,"bundle_sold_individually_context":"product","bundle_item_grouping":"parent","bundle_min_size":"","bundle_max_size":"","bundle_price":{"price":{"min":{"incl_tax":"682.33","excl_tax":"682.330579"},"max":{"incl_tax":"682.33","excl_tax":"682.330579"}},"regular_price":{"min":{"incl_tax":"682.33","excl_tax":"682.330579"},"max":{"incl_tax":"682.33","excl_tax":"682.330579"}}},"bundled_items":[{"bundled_item_id":242,"product_id":20568,"menu_order":0,"quantity_min":1,"quantity_max":1,"quantity_default":1,"priced_individually":false,"shipped_individually":false,"override_title":false,"title":"Nanost\u011bra\u010de","override_description":false,"description":"","optional":false,"hide_thumbnail":false,"discount":"","override_variations":false,"allowed_variations":[],"override_default_variation_attributes":false,"default_variation_attributes":[],"single_product_visibility":"visible","cart_visibility":"visible","order_visibility":"visible","single_product_price_visibility":"visible","cart_price_visibility":"visible","order_price_visibility":"visible","stock_status":"in_stock"},{"bundled_item_id":248,"product_id":22777,"menu_order":1,"quantity_min":1,"quantity_max":1,"quantity_default":1,"priced_individually":false,"shipped_individually":false,"override_title":false,"title":"NANOPREP \u010disti\u010d povrch\u016f 25ml","override_description":false,"description":"","optional":false,"hide_thumbnail":false,"discount":"","override_variations":false,"allowed_variations":[],"override_default_variation_attributes":false,"default_variation_attributes":[],"single_product_visibility":"visible","cart_visibility":"visible","order_visibility":"visible","single_product_price_visibility":"visible","cart_price_visibility":"visible","order_price_visibility":"visible","stock_status":"in_stock"},{"bundled_item_id":243,"product_id":23231,"menu_order":2,"quantity_min":1,"quantity_max":1,"quantity_default":1,"priced_individually":false,"shipped_individually":false,"override_title":false,"title":"Auto\u0161ampon s voskem WASH 3+","override_description":false,"description":"","optional":false,"hide_thumbnail":false,"discount":"","override_variations":false,"allowed_variations":[],"override_default_variation_attributes":false,"default_variation_attributes":[],"single_product_visibility":"visible","cart_visibility":"visible","order_visibility":"visible","single_product_price_visibility":"visible","cart_price_visibility":"visible","order_price_visibility":"visible","stock_status":"in_stock"},{"bundled_item_id":245,"product_id":22718,"menu_order":3,"quantity_min":1,"quantity_max":1,"quantity_default":1,"priced_individually":false,"shipped_individually":false,"override_title":false,"title":"Odstra\u0148ova\u010d hmyzu INSECTUM","override_description":false,"description":"","optional":false,"hide_thumbnail":false,"discount":"","override_variations":false,"allowed_variations":[],"override_default_variation_attributes":false,"default_variation_attributes":[],"single_product_visibility":"visible","cart_visibility":"visible","order_visibility":"visible","single_product_price_visibility":"visible","cart_price_visibility":"visible","order_price_visibility":"visible","stock_status":"in_stock"},{"bundled_item_id":244,"product_id":20769,"menu_order":4,"quantity_min":1,"quantity_max":1,"quantity_default":1,"priced_individually":false,"shipped_individually":false,"override_title":false,"title":"Ut\u011brka z mikrovl\u00e1kna modr\u00e1","override_description":false,"description":"","optional":false,"hide_thumbnail":false,"discount":"","override_variations":false,"allowed_variations":[],"override_default_variation_attributes":false,"default_variation_attributes":[],"single_product_visibility":"visible","cart_visibility":"visible","order_visibility":"visible","single_product_price_visibility":"visible","cart_price_visibility":"visible","order_price_visibility":"visible","stock_status":"in_stock"},{"bundled_item_id":246,"product_id":21074,"menu_order":5,"quantity_min":1,"quantity_max":1,"quantity_default":1,"priced_individually":false,"shipped_individually":false,"override_title":false,"title":"Ut\u011brka z mikrovl\u00e1kna \u017elut\u00e1","override_description":false,"description":"","optional":false,"hide_thumbnail":false,"discount":"","override_variations":false,"allowed_variations":[],"override_default_variation_attributes":false,"default_variation_attributes":[],"single_product_visibility":"visible","cart_visibility":"visible","order_visibility":"visible","single_product_price_visibility":"visible","cart_price_visibility":"visible","order_price_visibility":"visible","stock_status":"in_stock"}],"bundle_sell_ids":[],"acf":[],"yoast_head":"<!-- This site is optimized with the Yoast SEO Premium plugin v21.4 (Yoast SEO v21.9.1) - https:\/\/yoast.com\/wordpress\/plugins\/seo\/ -->\n<title>Sada na auto: NANOst\u011bra\u010de 5v1 - Nanosol SK<\/title>\n<meta name=\"robots\" content=\"index, follow, max-snippet:-1, max-image-preview:large, max-video-preview:-1\" \/>\n<link rel=\"canonical\" href=\"https:\/\/www.nanosol.cz\/sk\/sada-na-auto-nanosterace-5v1\/\" \/>\n<meta property=\"og:locale\" content=\"sk_SK\" \/>\n<meta property=\"og:type\" content=\"article\" \/>\n<meta property=\"og:title\" content=\"Sada na auto: NANOst\u011bra\u010de 5v1\" \/>\n<meta property=\"og:description\" content=\"Praktick\u00e1 sada NANOst\u011bra\u010d\u016f a \u0161amponu s NANOvoskem a odstra\u0148ova\u010dem hmyzu INSECTUM. T\u0159i produkty, kter\u00e9 V\u00e1m usnadn\u00ed \u010di\u0161t\u011bn\u00ed a myt\u00ed auta.\" \/>\n<meta property=\"og:url\" content=\"https:\/\/www.nanosol.cz\/sk\/sada-na-auto-nanosterace-5v1\/\" \/>\n<meta property=\"og:site_name\" content=\"Nanosol SK\" \/>\n<meta property=\"article:modified_time\" content=\"2025-03-07T10:15:59+00:00\" \/>\n<meta property=\"og:image\" content=\"https:\/\/www.nanosol.cz\/sk\/wp-content\/uploads\/2022\/11\/90000081-sada-na-auto-nanosterace-wash-hmyz-1.jpg\" \/>\n\t<meta property=\"og:image:width\" content=\"1990\" \/>\n\t<meta property=\"og:image:height\" content=\"1990\" \/>\n\t<meta property=\"og:image:type\" content=\"image\/jpeg\" \/>\n<meta name=\"twitter:card\" content=\"summary_large_image\" \/>\n<meta name=\"twitter:label1\" content=\"Cena\" \/>\n\t<meta name=\"twitter:data1\" content=\"682.33&nbsp;&euro;\" \/>\n\t<meta name=\"twitter:label2\" content=\"Dostupnos\u0165\" \/>\n\t<meta name=\"twitter:data2\" content=\"Nie je na sklade\" \/>\n<script type=\"application\/ld+json\" class=\"yoast-schema-graph\">{\"@context\":\"https:\/\/schema.org\",\"@graph\":[{\"@type\":\"WebPage\",\"@id\":\"https:\/\/www.nanosol.cz\/sk\/sada-na-auto-nanosterace-5v1\/\",\"url\":\"https:\/\/www.nanosol.cz\/sk\/sada-na-auto-nanosterace-5v1\/\",\"name\":\"Sada na auto: NANOst\u011bra\u010de 5v1 - Nanosol SK\",\"isPartOf\":{\"@id\":\"https:\/\/www.nanosol.cz\/sk\/#website\"},\"datePublished\":\"2022-11-15T14:54:31+00:00\",\"dateModified\":\"2025-03-07T10:15:59+00:00\",\"breadcrumb\":{\"@id\":\"https:\/\/www.nanosol.cz\/sk\/sada-na-auto-nanosterace-5v1\/#breadcrumb\"},\"inLanguage\":\"sk-SK\",\"potentialAction\":[{\"@type\":\"ReadAction\",\"target\":[\"https:\/\/www.nanosol.cz\/sk\/sada-na-auto-nanosterace-5v1\/\"]}]},{\"@type\":\"BreadcrumbList\",\"@id\":\"https:\/\/www.nanosol.cz\/sk\/sada-na-auto-nanosterace-5v1\/#breadcrumb\",\"itemListElement\":[{\"@type\":\"ListItem\",\"position\":1,\"name\":\"Dom\u016f\",\"item\":\"https:\/\/www.nanosol.cz\/sk\/\"},{\"@type\":\"ListItem\",\"position\":2,\"name\":\"Produkty\",\"item\":\"https:\/\/www.nanosol.cz\/sk\/shop\/\"},{\"@type\":\"ListItem\",\"position\":3,\"name\":\"Sada na auto: NANOst\u011bra\u010de 5v1\"}]},{\"@type\":\"WebSite\",\"@id\":\"https:\/\/www.nanosol.cz\/sk\/#website\",\"url\":\"https:\/\/www.nanosol.cz\/sk\/\",\"name\":\"Nanosol SK\",\"description\":\"Pr\u00e9miov\u00e9 nano p\u0159\u00edpravky a nano chemie\",\"potentialAction\":[{\"@type\":\"SearchAction\",\"target\":{\"@type\":\"EntryPoint\",\"urlTemplate\":\"https:\/\/www.nanosol.cz\/sk\/?s={search_term_string}\"},\"query-input\":\"required name=search_term_string\"}],\"inLanguage\":\"sk-SK\"}]}<\/script>\n<meta property=\"product:brand\" content=\"NANOSOL\" \/>\n<meta property=\"product:price:amount\" content=\"825.62\" \/>\n<meta property=\"product:price:currency\" content=\"EUR\" \/>\n<meta property=\"og:availability\" content=\"out of stock\" \/>\n<meta property=\"product:availability\" content=\"out of stock\" \/>\n<meta property=\"product:retailer_item_id\" content=\"90000081\" \/>\n<meta property=\"product:condition\" content=\"new\" \/>\n<!-- \/ Yoast SEO Premium plugin. -->","yoast_head_json":{"title":"Sada na auto: NANOst\u011bra\u010de 5v1 - Nanosol SK","robots":{"index":"index","follow":"follow","max-snippet":"max-snippet:-1","max-image-preview":"max-image-preview:large","max-video-preview":"max-video-preview:-1"},"canonical":"https:\/\/www.nanosol.cz\/sk\/sada-na-auto-nanosterace-5v1\/","og_locale":"sk_SK","og_type":"article","og_title":"Sada na auto: NANOst\u011bra\u010de 5v1","og_description":"Praktick\u00e1 sada NANOst\u011bra\u010d\u016f a \u0161amponu s NANOvoskem a odstra\u0148ova\u010dem hmyzu INSECTUM. T\u0159i produkty, kter\u00e9 V\u00e1m usnadn\u00ed \u010di\u0161t\u011bn\u00ed a myt\u00ed auta.","og_url":"https:\/\/www.nanosol.cz\/sk\/sada-na-auto-nanosterace-5v1\/","og_site_name":"Nanosol SK","article_modified_time":"2025-03-07T10:15:59+00:00","og_image":[{"width":1990,"height":1990,"url":"https:\/\/www.nanosol.cz\/sk\/wp-content\/uploads\/2022\/11\/90000081-sada-na-auto-nanosterace-wash-hmyz-1.jpg","type":"image\/jpeg"}],"twitter_card":"summary_large_image","twitter_misc":{"Cena":"682.33&nbsp;&euro;","Dostupnos\u0165":"Nie je na sklade"},"schema":{"@context":"https:\/\/schema.org","@graph":[{"@type":"WebPage","@id":"https:\/\/www.nanosol.cz\/sk\/sada-na-auto-nanosterace-5v1\/","url":"https:\/\/www.nanosol.cz\/sk\/sada-na-auto-nanosterace-5v1\/","name":"Sada na auto: NANOst\u011bra\u010de 5v1 - Nanosol SK","isPartOf":{"@id":"https:\/\/www.nanosol.cz\/sk\/#website"},"datePublished":"2022-11-15T14:54:31+00:00","dateModified":"2025-03-07T10:15:59+00:00","breadcrumb":{"@id":"https:\/\/www.nanosol.cz\/sk\/sada-na-auto-nanosterace-5v1\/#breadcrumb"},"inLanguage":"sk-SK","potentialAction":[{"@type":"ReadAction","target":["https:\/\/www.nanosol.cz\/sk\/sada-na-auto-nanosterace-5v1\/"]}]},{"@type":"BreadcrumbList","@id":"https:\/\/www.nanosol.cz\/sk\/sada-na-auto-nanosterace-5v1\/#breadcrumb","itemListElement":[{"@type":"ListItem","position":1,"name":"Dom\u016f","item":"https:\/\/www.nanosol.cz\/sk\/"},{"@type":"ListItem","position":2,"name":"Produkty","item":"https:\/\/www.nanosol.cz\/sk\/shop\/"},{"@type":"ListItem","position":3,"name":"Sada na auto: NANOst\u011bra\u010de 5v1"}]},{"@type":"WebSite","@id":"https:\/\/www.nanosol.cz\/sk\/#website","url":"https:\/\/www.nanosol.cz\/sk\/","name":"Nanosol SK","description":"Pr\u00e9miov\u00e9 nano p\u0159\u00edpravky a nano chemie","potentialAction":[{"@type":"SearchAction","target":{"@type":"EntryPoint","urlTemplate":"https:\/\/www.nanosol.cz\/sk\/?s={search_term_string}"},"query-input":"required name=search_term_string"}],"inLanguage":"sk-SK"}]},"product_brand":"NANOSOL","product_price_amount":"825.62","product_price_currency":"EUR","og_availability":"out of stock","product_availability":"out of stock","product_retailer_item_id":"90000081","product_condition":"new"},"_links":{"self":[{"href":"https:\/\/www.nanosol.cz\/sk\/wp-json\/wp\/v2\/product\/23491","targetHints":{"allow":["GET"]}}],"collection":[{"href":"https:\/\/www.nanosol.cz\/sk\/wp-json\/wp\/v2\/product"}],"about":[{"href":"https:\/\/www.nanosol.cz\/sk\/wp-json\/wp\/v2\/types\/product"}],"replies":[{"embeddable":true,"href":"https:\/\/www.nanosol.cz\/sk\/wp-json\/wp\/v2\/comments?post=23491"}],"wp:featuredmedia":[{"embeddable":true,"href":"https:\/\/www.nanosol.cz\/sk\/wp-json\/wp\/v2\/media\/23492"}],"wp:attachment":[{"href":"https:\/\/www.nanosol.cz\/sk\/wp-json\/wp\/v2\/media?parent=23491"}],"wp:term":[{"taxonomy":"product_brand","embeddable":true,"href":"https:\/\/www.nanosol.cz\/sk\/wp-json\/wp\/v2\/product_brand?post=23491"},{"taxonomy":"product_cat","embeddable":true,"href":"https:\/\/www.nanosol.cz\/sk\/wp-json\/wp\/v2\/product_cat?post=23491"},{"taxonomy":"product_tag","embeddable":true,"href":"https:\/\/www.nanosol.cz\/sk\/wp-json\/wp\/v2\/product_tag?post=23491"}],"curies":[{"name":"wp","href":"https:\/\/api.w.org\/{rel}","templated":true}]}}