{"id":25319,"date":"2023-01-04T16:45:33","date_gmt":"2023-01-04T15:45:33","guid":{"rendered":"https:\/\/www.nanosol.cz\/?post_type=product&#038;p=25319"},"modified":"2026-03-26T12:24:02","modified_gmt":"2026-03-26T11:24:02","slug":"rozmrazovac-skel-defrost","status":"publish","type":"product","link":"https:\/\/www.nanosol.cz\/sk\/rozmrazovac-skel-defrost\/","title":{"rendered":"Rozmrazova\u010d skel DEFROST 500ml"},"content":{"rendered":"<p>R\u00e1no vstanete, chcete v klidu nastartovat a vyjet, ale na oknech je siln\u00e1 vrstva ledu. <span style=\"font-weight: 400;\">Pokud \u010deln\u00ed sklo nezakr\u00fdv\u00e1te <\/span><span style=\"font-weight: 400;\">speci\u00e1ln\u00edm krytem nebo f\u00f3li\u00ed, kter\u00e1 zabr\u00e1n\u00ed tvorb\u011b n\u00e1mrazy. Nejste ani \u0161\u0165astn\u00fdm majitelem auta s nez\u00e1visl\u00fdm topen\u00edm. M\u016f\u017ee b\u00fdt pro V\u00e1s b\u00fdt ka\u017edodenn\u00ed probl\u00e9m jak spr\u00e1vn\u011b rozmrazit \u010deln\u00ed sklo.\u00a0<\/span><strong>Rozmrazova\u010d skel DEFROST<\/strong> V\u00e1m s t\u00edm b\u011bhem p\u00e1r vte\u0159in pom\u016f\u017ee. Opravdu b\u011bhem 15 vte\u0159in se led za\u010dne rozpou\u0161t\u011bt. Funguje spolehliv\u011b a\u017e do -50 \u00b0C a p\u0159itom je \u0161etrn\u00fd k laku auta, t\u011bsn\u011bn\u00edm i gumi\u010dk\u00e1m st\u011bra\u010d\u016f. Nav\u00edc je p\u0159\u00edjemn\u011b parf\u00e9movan\u00fd, tak\u017ee se nemus\u00edte b\u00e1t nep\u0159\u00edjemn\u00e9ho z\u00e1pachu.<\/p>\n<p>\u00dapln\u00e9 odstran\u011bn\u00ed ledu trv\u00e1 p\u00e1r vte\u0159in, post\u0159\u00edk\u00e1te sklo a p\u0159\u00edpravek led rozpust\u00ed. K set\u0159en\u00ed pou\u017eijte \u0161krabku na led. Zajist\u00edte tak mnohem del\u0161\u00ed \u017eivotnost st\u011bra\u010d\u016f.<\/p>\n<h2>Jak pou\u017e\u00edt Rozmrazova\u010d skel DEFROST:<\/h2>\n<ol>\n<li>P\u0159\u00edpravek prot\u0159epejte.<\/li>\n<li>Nast\u0159\u00edkejte na zamrzl\u00fd povrch.<\/li>\n<li>Nechte p\u00e1r vte\u0159in p\u016fsobit.<\/li>\n<li>Set\u0159ete.<\/li>\n<\/ol>\n<p>D\u00edky obsahu etanolu a pe\u010dliv\u011b vyvinut\u00e9mu slo\u017een\u00ed je velice \u00fa\u010dinn\u00fd a \u0161etrn\u011bj\u0161\u00ed ne\u017e jin\u00e9 levn\u011bj\u0161\u00ed rozmrazova\u010de co obsahuj\u00ed metylalkohol.<\/p>\n<p><a href=\"https:\/\/www.nanosol.cz\/wp-content\/uploads\/2023\/01\/80010100-Rozmrazovac-skel-DEFROST-2-NANOSOL.jpg\"><img decoding=\"async\" class=\"lazyload alignnone size-fusion-1200 wp-image-40320\" src=\"https:\/\/www.nanosol.cz\/wp-content\/uploads\/2023\/01\/80010100-Rozmrazovac-skel-DEFROST-2-NANOSOL-1200x600.jpg\" data-orig-src=\"https:\/\/www.nanosol.cz\/wp-content\/uploads\/2023\/01\/80010100-Rozmrazovac-skel-DEFROST-2-NANOSOL-1200x600.jpg\" alt=\"Rozmrazova\u010d skel od Nanosol.\" width=\"1200\" height=\"600\" srcset=\"data:image\/svg+xml,%3Csvg%20xmlns%3D%27http%3A%2F%2Fwww.w3.org%2F2000%2Fsvg%27%20width%3D%271200%27%20height%3D%27600%27%20viewBox%3D%270%200%201200%20600%27%3E%3Crect%20width%3D%271200%27%20height%3D%27600%27%20fill-opacity%3D%220%22%2F%3E%3C%2Fsvg%3E\" data-srcset=\"https:\/\/www.nanosol.cz\/sk\/wp-content\/uploads\/2023\/01\/80010100-Rozmrazovac-skel-DEFROST-2-NANOSOL-64x32.jpg 64w, https:\/\/www.nanosol.cz\/sk\/wp-content\/uploads\/2023\/01\/80010100-Rozmrazovac-skel-DEFROST-2-NANOSOL-300x150.jpg 300w, https:\/\/www.nanosol.cz\/sk\/wp-content\/uploads\/2023\/01\/80010100-Rozmrazovac-skel-DEFROST-2-NANOSOL-500x250.jpg 500w, https:\/\/www.nanosol.cz\/sk\/wp-content\/uploads\/2023\/01\/80010100-Rozmrazovac-skel-DEFROST-2-NANOSOL-600x300.jpg 600w, https:\/\/www.nanosol.cz\/sk\/wp-content\/uploads\/2023\/01\/80010100-Rozmrazovac-skel-DEFROST-2-NANOSOL-700x350.jpg 700w, https:\/\/www.nanosol.cz\/sk\/wp-content\/uploads\/2023\/01\/80010100-Rozmrazovac-skel-DEFROST-2-NANOSOL-768x384.jpg 768w, https:\/\/www.nanosol.cz\/sk\/wp-content\/uploads\/2023\/01\/80010100-Rozmrazovac-skel-DEFROST-2-NANOSOL-800x400.jpg 800w, https:\/\/www.nanosol.cz\/sk\/wp-content\/uploads\/2023\/01\/80010100-Rozmrazovac-skel-DEFROST-2-NANOSOL-1024x512.jpg 1024w, https:\/\/www.nanosol.cz\/sk\/wp-content\/uploads\/2023\/01\/80010100-Rozmrazovac-skel-DEFROST-2-NANOSOL-1200x600.jpg 1200w, https:\/\/www.nanosol.cz\/sk\/wp-content\/uploads\/2023\/01\/80010100-Rozmrazovac-skel-DEFROST-2-NANOSOL-1536x768.jpg 1536w, https:\/\/www.nanosol.cz\/sk\/wp-content\/uploads\/2023\/01\/80010100-Rozmrazovac-skel-DEFROST-2-NANOSOL.jpg 1920w\" data-sizes=\"auto\" data-orig-sizes=\"(max-width: 1200px) 100vw, 1200px\" \/><\/a><\/p>\n<p>&nbsp;<\/p>\n","protected":false},"excerpt":{"rendered":"<p>\u00da\u010dinn\u00fd a k autu \u0161etrn\u00fd rozmrazova\u010d skel, kter\u00fd V\u00e1s nenech\u00e1 ve \u0161tychu. Nav\u00edc je p\u0159\u00edjemn\u011b parf\u00e9movan\u00fd, tak\u017ee se nemus\u00edte b\u00e1t nep\u0159\u00edjemn\u00e9ho z\u00e1pachu.<\/p>\n","protected":false},"featured_media":40323,"comment_status":"open","ping_status":"closed","template":"","meta":{"_acf_changed":false},"product_brand":[],"product_cat":[170,410,431,482],"product_tag":[],"class_list":{"0":"post-25319","1":"product","2":"type-product","3":"status-publish","4":"has-post-thumbnail","6":"product_cat-autokosmetika","7":"product_cat-vse-na-zimu","8":"product_cat-karavany-a-obytne-privesy","9":"product_cat-exterier-karavany-a-obytne-privesy","10":"pa_objem-500-ml","11":"pa_vyrobce-nanosol","12":"pa_znacka-nanosol","14":"first","15":"instock","16":"taxable","17":"shipping-taxable","18":"purchasable","19":"product-type-simple"},"bundled_by":["27490"],"bundle_stock_status":"instock","bundle_stock_quantity":61,"bundle_virtual":false,"bundle_layout":"","bundle_add_to_cart_form_location":"","bundle_editable_in_cart":false,"bundle_sold_individually_context":"","bundle_item_grouping":"","bundle_min_size":"","bundle_max_size":"","bundle_price":[],"bundled_items":[],"bundle_sell_ids":[25325,35683],"acf":[],"yoast_head":"<!-- This site is optimized with the Yoast SEO Premium plugin v21.4 (Yoast SEO v21.9.1) - https:\/\/yoast.com\/wordpress\/plugins\/seo\/ -->\n<title>Rozmrazova\u010d skel DEFROST - NANOSOL<\/title>\n<meta name=\"description\" content=\"Rozmrazova\u010d skel funguje spolehliv\u011b a\u017e do -50 \u00b0C a p\u0159itom je \u0161etrn\u00fd k laku auta, t\u011bsn\u011bn\u00edm i gumi\u010dk\u00e1m st\u011bra\u010d\u016f. Nav\u00edc je p\u0159\u00edjemn\u011b parf\u00e9movan\u00fd.\" \/>\n<meta name=\"robots\" content=\"index, follow, max-snippet:-1, max-image-preview:large, max-video-preview:-1\" \/>\n<link rel=\"canonical\" href=\"https:\/\/www.nanosol.cz\/sk\/rozmrazovac-skel-defrost\/\" \/>\n<meta property=\"og:locale\" content=\"sk_SK\" \/>\n<meta property=\"og:type\" content=\"article\" \/>\n<meta property=\"og:title\" content=\"Rozmrazova\u010d skel DEFROST 500ml\" \/>\n<meta property=\"og:description\" content=\"Rozmrazova\u010d skel funguje spolehliv\u011b a\u017e do -50 \u00b0C a p\u0159itom je \u0161etrn\u00fd k laku auta, t\u011bsn\u011bn\u00edm i gumi\u010dk\u00e1m st\u011bra\u010d\u016f. Nav\u00edc je p\u0159\u00edjemn\u011b parf\u00e9movan\u00fd.\" \/>\n<meta property=\"og:url\" content=\"https:\/\/www.nanosol.cz\/sk\/rozmrazovac-skel-defrost\/\" \/>\n<meta property=\"og:site_name\" content=\"Nanosol SK\" \/>\n<meta property=\"article:modified_time\" content=\"2026-03-26T11:24:02+00:00\" \/>\n<meta property=\"og:image\" content=\"https:\/\/www.nanosol.cz\/sk\/wp-content\/uploads\/2023\/01\/80010100-Rozmrazovac-skel-DEFROST-500ml-NANOSOL-1-1-scaled.jpg\" \/>\n\t<meta property=\"og:image:width\" content=\"1990\" \/>\n\t<meta property=\"og:image:height\" content=\"1990\" \/>\n\t<meta property=\"og:image:type\" content=\"image\/jpeg\" \/>\n<meta name=\"twitter:card\" content=\"summary_large_image\" \/>\n<meta name=\"twitter:label1\" content=\"Cena\" \/>\n\t<meta name=\"twitter:data1\" content=\"94.94&nbsp;&euro;\" \/>\n\t<meta name=\"twitter:label2\" content=\"Dostupnos\u0165\" \/>\n\t<meta name=\"twitter:data2\" content=\"Na sklade\" \/>\n<script type=\"application\/ld+json\" class=\"yoast-schema-graph\">{\"@context\":\"https:\/\/schema.org\",\"@graph\":[{\"@type\":\"WebPage\",\"@id\":\"https:\/\/www.nanosol.cz\/sk\/rozmrazovac-skel-defrost\/\",\"url\":\"https:\/\/www.nanosol.cz\/sk\/rozmrazovac-skel-defrost\/\",\"name\":\"Rozmrazova\u010d skel DEFROST - NANOSOL\",\"isPartOf\":{\"@id\":\"https:\/\/www.nanosol.cz\/sk\/#website\"},\"datePublished\":\"2023-01-04T15:45:33+00:00\",\"dateModified\":\"2026-03-26T11:24:02+00:00\",\"description\":\"Rozmrazova\u010d skel funguje spolehliv\u011b a\u017e do -50 \u00b0C a p\u0159itom je \u0161etrn\u00fd k laku auta, t\u011bsn\u011bn\u00edm i gumi\u010dk\u00e1m st\u011bra\u010d\u016f. Nav\u00edc je p\u0159\u00edjemn\u011b parf\u00e9movan\u00fd.\",\"breadcrumb\":{\"@id\":\"https:\/\/www.nanosol.cz\/sk\/rozmrazovac-skel-defrost\/#breadcrumb\"},\"inLanguage\":\"sk-SK\",\"potentialAction\":[{\"@type\":\"ReadAction\",\"target\":[\"https:\/\/www.nanosol.cz\/sk\/rozmrazovac-skel-defrost\/\"]}]},{\"@type\":\"BreadcrumbList\",\"@id\":\"https:\/\/www.nanosol.cz\/sk\/rozmrazovac-skel-defrost\/#breadcrumb\",\"itemListElement\":[{\"@type\":\"ListItem\",\"position\":1,\"name\":\"Dom\u016f\",\"item\":\"https:\/\/www.nanosol.cz\/sk\/\"},{\"@type\":\"ListItem\",\"position\":2,\"name\":\"Produkty\",\"item\":\"https:\/\/www.nanosol.cz\/sk\/shop\/\"},{\"@type\":\"ListItem\",\"position\":3,\"name\":\"Rozmrazova\u010d skel DEFROST 500ml\"}]},{\"@type\":\"WebSite\",\"@id\":\"https:\/\/www.nanosol.cz\/sk\/#website\",\"url\":\"https:\/\/www.nanosol.cz\/sk\/\",\"name\":\"Nanosol SK\",\"description\":\"Pr\u00e9miov\u00e9 nano p\u0159\u00edpravky a nano chemie\",\"potentialAction\":[{\"@type\":\"SearchAction\",\"target\":{\"@type\":\"EntryPoint\",\"urlTemplate\":\"https:\/\/www.nanosol.cz\/sk\/?s={search_term_string}\"},\"query-input\":\"required name=search_term_string\"}],\"inLanguage\":\"sk-SK\"}]}<\/script>\n<meta property=\"product:brand\" content=\"NANOSOL\" \/>\n<meta property=\"product:price:amount\" content=\"114.88\" \/>\n<meta property=\"product:price:currency\" content=\"EUR\" \/>\n<meta property=\"og:availability\" content=\"instock\" \/>\n<meta property=\"product:availability\" content=\"instock\" \/>\n<meta property=\"product:retailer_item_id\" content=\"80010100\" \/>\n<meta property=\"product:condition\" content=\"new\" \/>\n<!-- \/ Yoast SEO Premium plugin. -->","yoast_head_json":{"title":"Rozmrazova\u010d skel DEFROST - NANOSOL","description":"Rozmrazova\u010d skel funguje spolehliv\u011b a\u017e do -50 \u00b0C a p\u0159itom je \u0161etrn\u00fd k laku auta, t\u011bsn\u011bn\u00edm i gumi\u010dk\u00e1m st\u011bra\u010d\u016f. Nav\u00edc je p\u0159\u00edjemn\u011b parf\u00e9movan\u00fd.","robots":{"index":"index","follow":"follow","max-snippet":"max-snippet:-1","max-image-preview":"max-image-preview:large","max-video-preview":"max-video-preview:-1"},"canonical":"https:\/\/www.nanosol.cz\/sk\/rozmrazovac-skel-defrost\/","og_locale":"sk_SK","og_type":"article","og_title":"Rozmrazova\u010d skel DEFROST 500ml","og_description":"Rozmrazova\u010d skel funguje spolehliv\u011b a\u017e do -50 \u00b0C a p\u0159itom je \u0161etrn\u00fd k laku auta, t\u011bsn\u011bn\u00edm i gumi\u010dk\u00e1m st\u011bra\u010d\u016f. Nav\u00edc je p\u0159\u00edjemn\u011b parf\u00e9movan\u00fd.","og_url":"https:\/\/www.nanosol.cz\/sk\/rozmrazovac-skel-defrost\/","og_site_name":"Nanosol SK","article_modified_time":"2026-03-26T11:24:02+00:00","og_image":[{"width":1990,"height":1990,"url":"https:\/\/www.nanosol.cz\/sk\/wp-content\/uploads\/2023\/01\/80010100-Rozmrazovac-skel-DEFROST-500ml-NANOSOL-1-1-scaled.jpg","type":"image\/jpeg"}],"twitter_card":"summary_large_image","twitter_misc":{"Cena":"94.94&nbsp;&euro;","Dostupnos\u0165":"Na sklade"},"schema":{"@context":"https:\/\/schema.org","@graph":[{"@type":"WebPage","@id":"https:\/\/www.nanosol.cz\/sk\/rozmrazovac-skel-defrost\/","url":"https:\/\/www.nanosol.cz\/sk\/rozmrazovac-skel-defrost\/","name":"Rozmrazova\u010d skel DEFROST - NANOSOL","isPartOf":{"@id":"https:\/\/www.nanosol.cz\/sk\/#website"},"datePublished":"2023-01-04T15:45:33+00:00","dateModified":"2026-03-26T11:24:02+00:00","description":"Rozmrazova\u010d skel funguje spolehliv\u011b a\u017e do -50 \u00b0C a p\u0159itom je \u0161etrn\u00fd k laku auta, t\u011bsn\u011bn\u00edm i gumi\u010dk\u00e1m st\u011bra\u010d\u016f. Nav\u00edc je p\u0159\u00edjemn\u011b parf\u00e9movan\u00fd.","breadcrumb":{"@id":"https:\/\/www.nanosol.cz\/sk\/rozmrazovac-skel-defrost\/#breadcrumb"},"inLanguage":"sk-SK","potentialAction":[{"@type":"ReadAction","target":["https:\/\/www.nanosol.cz\/sk\/rozmrazovac-skel-defrost\/"]}]},{"@type":"BreadcrumbList","@id":"https:\/\/www.nanosol.cz\/sk\/rozmrazovac-skel-defrost\/#breadcrumb","itemListElement":[{"@type":"ListItem","position":1,"name":"Dom\u016f","item":"https:\/\/www.nanosol.cz\/sk\/"},{"@type":"ListItem","position":2,"name":"Produkty","item":"https:\/\/www.nanosol.cz\/sk\/shop\/"},{"@type":"ListItem","position":3,"name":"Rozmrazova\u010d skel DEFROST 500ml"}]},{"@type":"WebSite","@id":"https:\/\/www.nanosol.cz\/sk\/#website","url":"https:\/\/www.nanosol.cz\/sk\/","name":"Nanosol SK","description":"Pr\u00e9miov\u00e9 nano p\u0159\u00edpravky a nano chemie","potentialAction":[{"@type":"SearchAction","target":{"@type":"EntryPoint","urlTemplate":"https:\/\/www.nanosol.cz\/sk\/?s={search_term_string}"},"query-input":"required name=search_term_string"}],"inLanguage":"sk-SK"}]},"product_brand":"NANOSOL","product_price_amount":"114.88","product_price_currency":"EUR","og_availability":"instock","product_availability":"instock","product_retailer_item_id":"80010100","product_condition":"new"},"_links":{"self":[{"href":"https:\/\/www.nanosol.cz\/sk\/wp-json\/wp\/v2\/product\/25319","targetHints":{"allow":["GET"]}}],"collection":[{"href":"https:\/\/www.nanosol.cz\/sk\/wp-json\/wp\/v2\/product"}],"about":[{"href":"https:\/\/www.nanosol.cz\/sk\/wp-json\/wp\/v2\/types\/product"}],"replies":[{"embeddable":true,"href":"https:\/\/www.nanosol.cz\/sk\/wp-json\/wp\/v2\/comments?post=25319"}],"wp:featuredmedia":[{"embeddable":true,"href":"https:\/\/www.nanosol.cz\/sk\/wp-json\/wp\/v2\/media\/40323"}],"wp:attachment":[{"href":"https:\/\/www.nanosol.cz\/sk\/wp-json\/wp\/v2\/media?parent=25319"}],"wp:term":[{"taxonomy":"product_brand","embeddable":true,"href":"https:\/\/www.nanosol.cz\/sk\/wp-json\/wp\/v2\/product_brand?post=25319"},{"taxonomy":"product_cat","embeddable":true,"href":"https:\/\/www.nanosol.cz\/sk\/wp-json\/wp\/v2\/product_cat?post=25319"},{"taxonomy":"product_tag","embeddable":true,"href":"https:\/\/www.nanosol.cz\/sk\/wp-json\/wp\/v2\/product_tag?post=25319"}],"curies":[{"name":"wp","href":"https:\/\/api.w.org\/{rel}","templated":true}]}}