{"id":26641,"date":"2023-06-14T11:35:38","date_gmt":"2023-06-14T09:35:38","guid":{"rendered":"https:\/\/www.nanosol.cz\/?post_type=product&#038;p=26641"},"modified":"2026-04-02T13:59:53","modified_gmt":"2026-04-02T11:59:53","slug":"cistic-kamene-mramoru-a-zuly-marble-5l","status":"publish","type":"product","link":"https:\/\/www.nanosol.cz\/sk\/cistic-kamene-mramoru-a-zuly-marble-5l\/","title":{"rendered":"\u010cisti\u010d kamene, mramoru a \u017euly MARBLE 5 L"},"content":{"rendered":"<p>\u010cisti\u010d kamene, mramoru a \u017euly je \u0161etrn\u00fd ke v\u0161em druh\u016fm kamenn\u00fdch ploch. D\u016fkladn\u011b a hygienicky \u010dist\u00ed kart\u00e1\u010dovan\u00e9 a leskl\u00e9 kamenn\u00e9 povrchy. Vhodn\u00fd jak do dom\u00e1cnosti tak pro venkovn\u00ed pou\u017eit\u00ed v\u010detn\u011b pomn\u00edk\u016f a n\u00e1hrobk\u016f. P\u0159i \u010di\u0161t\u011bn\u00ed se nemus\u00edte b\u00e1t jak\u00e9hokoli po\u0161kozen\u00ed povrchu, tak jako se to m\u016f\u017ee st\u00e1t u prost\u0159edk\u016f, kter\u00e9 nejsou na k\u00e1men p\u0159\u00edmo ur\u010deny.<\/p>\n<h2>\u010cisti\u010d kamene, \u017euly a mramoru je mo\u017en\u00e9 pou\u017e\u00edt na:<\/h2>\n<ul>\n<li>\u010ci\u0161t\u011bn\u00ed kamenn\u00fdch desek.<\/li>\n<li>\u010ci\u0161t\u011bn\u00ed kuchy\u0148sk\u00fdch desek z p\u0159\u00edrodn\u00edho i um\u011bl\u00e9ho kamene.<\/li>\n<li>\u010ci\u0161t\u011bn\u00ed kamenn\u00fdch d\u0159ez\u016f a d\u0159ez\u016f z um\u011bl\u00e9ho kamene.<\/li>\n<li>\u010ci\u0161t\u011bn\u00ed n\u00e1hrobk\u016f a hrob\u016f.<\/li>\n<li>\u010ci\u0161t\u011bn\u00ed kamenn\u00fdch umyvadel a van.<\/li>\n<li>\u010ci\u0161t\u011bn\u00ed venkovn\u00edch i vnit\u0159n\u00edch kamenn\u00fdch schod\u016f a schodi\u0161\u0165.<\/li>\n<\/ul>\n<h2>V\u00fdhody \u010cisti\u010de kamene<\/h2>\n<ul>\n<li>Spolehliv\u011b odstra\u0148uje \u0161p\u00ednu.<\/li>\n<li>Je bezpe\u010dn\u00fd pro p\u0159\u00edrodn\u00ed kameny jako je mramor, \u017eula atd.<\/li>\n<li>Nem\u011bn\u00ed barvu ani vzhled kamene.<\/li>\n<li>Vhodn\u00fd na leskl\u00e9 i matn\u00e9 kameny.<\/li>\n<li>Vhodn\u00fd na nesav\u00e9 i sav\u00e9 kameny.<\/li>\n<\/ul>\n<h3>Pou\u017eit\u00ed \u010cisti\u010de kamene, mramoru a \u017euly:<\/h3>\n<ol>\n<li style=\"list-style-type: none;\">\n<ol>\n<li>P\u0159\u00edpravek dob\u0159e prot\u0159epejte.<\/li>\n<li>Oto\u010dte bezpe\u010dnostn\u00ed pojistku\/trysku do po\u017eadovan\u00e9 polohy.<\/li>\n<li>Nast\u0159\u00edkejte p\u0159\u00edpravek na povrch.<\/li>\n<li>Na nele\u0161t\u011bn\u00e9 kamenn\u00e9 povrchy pou\u017eijte kart\u00e1\u010d. V p\u0159\u00edpad\u011b leskl\u00fdch povrch\u016f m\u016f\u017eete pou\u017e\u00edt p\u0159\u00edmo ut\u011brku z mikrovl\u00e1kna.<\/li>\n<li>Set\u0159ete povrch.<\/li>\n<\/ol>\n<\/li>\n<\/ol>\n<h3>Tipy na \u010di\u0161t\u011bn\u00ed kamene<\/h3>\n<ul>\n<li>Hrub\u00e9 ne\u010distoty odstra\u0148te pomoc\u00ed vody a kart\u00e1\u010de a a\u017e pak pou\u017eijte \u010disti\u010d.<\/li>\n<li>Vysta\u010d\u00ed \u00a0na v\u00edce ne\u017e 50 m2 le\u0161t\u011bn\u00e9ho kamene.<\/li>\n<li>V p\u0159\u00edpad\u011b mramoru, vodu ihned osu\u0161te.<\/li>\n<li>Vosk na kameni rad\u011bji odstra\u0148te jeho nah\u0159\u00e1t\u00edm a set\u0159en\u00edm pop\u0159. jemn\u00fdm kart\u00e1\u010dem.<\/li>\n<\/ul>\n<h4>Upozorn\u011bn\u00ed<\/h4>\n<ul>\n<li>Nepou\u017e\u00edvejte na hork\u00e9m povrchu nebo na p\u0159\u00edm\u00e9m slunci.<\/li>\n<li>Uchov\u00e1vejte mimo dosah d\u011bt\u00ed.<\/li>\n<\/ul>\n<p>&nbsp;<\/p>\n<h3>\u010ci\u0161t\u011bn\u00ed matn\u00e9ho kamene od hl\u00edny<\/h3>\n<p>\u010ci\u0161t\u011bn\u00ed matn\u00fdch povrch\u016f b\u00fdv\u00e1 probl\u00e9m, ale i se sv\u011btl\u00fdm matn\u00fdm kamenem si n\u00e1\u0161 \u010cisti\u010d kamene porad\u00ed s p\u0159ehledem. Na nepravidelnosti v povrchu je pot\u0159eba vz\u00edt sice jemn\u00fd kart\u00e1\u010d, ale v\u00fdsledek stoj\u00ed za to.<\/p>\n\n\t\t<style type=\"text\/css\">\n\t\t\t#gallery-1 {\n\t\t\t\tmargin: auto;\n\t\t\t}\n\t\t\t#gallery-1 .gallery-item {\n\t\t\t\tfloat: left;\n\t\t\t\tmargin-top: 10px;\n\t\t\t\ttext-align: center;\n\t\t\t\twidth: 33%;\n\t\t\t}\n\t\t\t#gallery-1 img {\n\t\t\t\tborder: 2px solid #cfcfcf;\n\t\t\t}\n\t\t\t#gallery-1 .gallery-caption {\n\t\t\t\tmargin-left: 0;\n\t\t\t}\n\t\t\t\/* see gallery_shortcode() in wp-includes\/media.php *\/\n\t\t<\/style>\n\t\t<div id='gallery-1' class='gallery galleryid-26641 gallery-columns-3 gallery-size-fusion-200'><dl class='gallery-item'>\n\t\t\t<dt class='gallery-icon portrait'>\n\t\t\t\t<a href='https:\/\/www.nanosol.cz\/sk\/wp-content\/uploads\/2021\/11\/cisteni-matneho-kamene-mramor-NANOSOL-01.jpeg'><img decoding=\"async\" width=\"1493\" height=\"1990\" src=\"https:\/\/www.nanosol.cz\/sk\/wp-content\/uploads\/2021\/11\/cisteni-matneho-kamene-mramor-NANOSOL-01.jpeg\" class=\"attachment-fusion-200 size-fusion-200 lazyload\" alt=\"\u010cisti\u010d kamene, mramoru a \u017euly\" aria-describedby=\"gallery-1-22189\" srcset=\"data:image\/svg+xml,%3Csvg%20xmlns%3D%27http%3A%2F%2Fwww.w3.org%2F2000%2Fsvg%27%20width%3D%271493%27%20height%3D%271990%27%20viewBox%3D%270%200%201493%201990%27%3E%3Crect%20width%3D%271493%27%20height%3D%271990%27%20fill-opacity%3D%220%22%2F%3E%3C%2Fsvg%3E\" data-orig-src=\"https:\/\/www.nanosol.cz\/sk\/wp-content\/uploads\/2021\/11\/cisteni-matneho-kamene-mramor-NANOSOL-01.jpeg\" data-srcset=\"https:\/\/www.nanosol.cz\/sk\/wp-content\/uploads\/2021\/11\/cisteni-matneho-kamene-mramor-NANOSOL-01-64x85.jpeg 64w, https:\/\/www.nanosol.cz\/sk\/wp-content\/uploads\/2021\/11\/cisteni-matneho-kamene-mramor-NANOSOL-01-225x300.jpeg 225w, https:\/\/www.nanosol.cz\/sk\/wp-content\/uploads\/2021\/11\/cisteni-matneho-kamene-mramor-NANOSOL-01-500x667.jpeg 500w, https:\/\/www.nanosol.cz\/sk\/wp-content\/uploads\/2021\/11\/cisteni-matneho-kamene-mramor-NANOSOL-01-600x800.jpeg 600w, https:\/\/www.nanosol.cz\/sk\/wp-content\/uploads\/2021\/11\/cisteni-matneho-kamene-mramor-NANOSOL-01-700x933.jpeg 700w, https:\/\/www.nanosol.cz\/sk\/wp-content\/uploads\/2021\/11\/cisteni-matneho-kamene-mramor-NANOSOL-01-768x1024.jpeg 768w, https:\/\/www.nanosol.cz\/sk\/wp-content\/uploads\/2021\/11\/cisteni-matneho-kamene-mramor-NANOSOL-01-800x1067.jpeg 800w, https:\/\/www.nanosol.cz\/sk\/wp-content\/uploads\/2021\/11\/cisteni-matneho-kamene-mramor-NANOSOL-01-1152x1536.jpeg 1152w, https:\/\/www.nanosol.cz\/sk\/wp-content\/uploads\/2021\/11\/cisteni-matneho-kamene-mramor-NANOSOL-01-1200x1600.jpeg 1200w, https:\/\/www.nanosol.cz\/sk\/wp-content\/uploads\/2021\/11\/cisteni-matneho-kamene-mramor-NANOSOL-01.jpeg 1493w\" data-sizes=\"auto\" \/><\/a>\n\t\t\t<\/dt>\n\t\t\t\t<dd class='wp-caption-text gallery-caption' id='gallery-1-22189'>\n\t\t\t\t\u0160pinav\u00fd mramor p\u0159ed \u010di\u0161t\u011bn\u00edm\n\t\t\t\t<\/dd><\/dl><dl class='gallery-item'>\n\t\t\t<dt class='gallery-icon landscape'>\n\t\t\t\t<a href='https:\/\/www.nanosol.cz\/sk\/wp-content\/uploads\/2021\/11\/cisteni-matneho-kamene-mramor-NANOSOL-03.jpeg'><img decoding=\"async\" width=\"1990\" height=\"1492\" src=\"https:\/\/www.nanosol.cz\/sk\/wp-content\/uploads\/2021\/11\/cisteni-matneho-kamene-mramor-NANOSOL-03.jpeg\" class=\"attachment-fusion-200 size-fusion-200 lazyload\" alt=\"\u010cisti\u010d kamene, mramoru a \u017euly\" aria-describedby=\"gallery-1-22191\" srcset=\"data:image\/svg+xml,%3Csvg%20xmlns%3D%27http%3A%2F%2Fwww.w3.org%2F2000%2Fsvg%27%20width%3D%271990%27%20height%3D%271492%27%20viewBox%3D%270%200%201990%201492%27%3E%3Crect%20width%3D%271990%27%20height%3D%271492%27%20fill-opacity%3D%220%22%2F%3E%3C%2Fsvg%3E\" data-orig-src=\"https:\/\/www.nanosol.cz\/sk\/wp-content\/uploads\/2021\/11\/cisteni-matneho-kamene-mramor-NANOSOL-03.jpeg\" data-srcset=\"https:\/\/www.nanosol.cz\/sk\/wp-content\/uploads\/2021\/11\/cisteni-matneho-kamene-mramor-NANOSOL-03-64x48.jpeg 64w, https:\/\/www.nanosol.cz\/sk\/wp-content\/uploads\/2021\/11\/cisteni-matneho-kamene-mramor-NANOSOL-03-300x225.jpeg 300w, https:\/\/www.nanosol.cz\/sk\/wp-content\/uploads\/2021\/11\/cisteni-matneho-kamene-mramor-NANOSOL-03-500x375.jpeg 500w, https:\/\/www.nanosol.cz\/sk\/wp-content\/uploads\/2021\/11\/cisteni-matneho-kamene-mramor-NANOSOL-03-600x450.jpeg 600w, https:\/\/www.nanosol.cz\/sk\/wp-content\/uploads\/2021\/11\/cisteni-matneho-kamene-mramor-NANOSOL-03-700x525.jpeg 700w, https:\/\/www.nanosol.cz\/sk\/wp-content\/uploads\/2021\/11\/cisteni-matneho-kamene-mramor-NANOSOL-03-768x576.jpeg 768w, https:\/\/www.nanosol.cz\/sk\/wp-content\/uploads\/2021\/11\/cisteni-matneho-kamene-mramor-NANOSOL-03-800x600.jpeg 800w, https:\/\/www.nanosol.cz\/sk\/wp-content\/uploads\/2021\/11\/cisteni-matneho-kamene-mramor-NANOSOL-03-1024x767.jpeg 1024w, https:\/\/www.nanosol.cz\/sk\/wp-content\/uploads\/2021\/11\/cisteni-matneho-kamene-mramor-NANOSOL-03-1200x899.jpeg 1200w, https:\/\/www.nanosol.cz\/sk\/wp-content\/uploads\/2021\/11\/cisteni-matneho-kamene-mramor-NANOSOL-03-1536x1151.jpeg 1536w, https:\/\/www.nanosol.cz\/sk\/wp-content\/uploads\/2021\/11\/cisteni-matneho-kamene-mramor-NANOSOL-03.jpeg 1990w\" data-sizes=\"auto\" \/><\/a>\n\t\t\t<\/dt>\n\t\t\t\t<dd class='wp-caption-text gallery-caption' id='gallery-1-22191'>\n\t\t\t\t\u0160pinav\u00fd mramor po \u010di\u0161t\u011bn\u00ed\n\t\t\t\t<\/dd><\/dl><dl class='gallery-item'>\n\t\t\t<dt class='gallery-icon portrait'>\n\t\t\t\t<a href='https:\/\/www.nanosol.cz\/sk\/wp-content\/uploads\/2021\/11\/cisteni-matneho-kamene-mramor-NANOSOL-02.jpeg'><img decoding=\"async\" width=\"1493\" height=\"1990\" src=\"https:\/\/www.nanosol.cz\/sk\/wp-content\/uploads\/2021\/11\/cisteni-matneho-kamene-mramor-NANOSOL-02.jpeg\" class=\"attachment-fusion-200 size-fusion-200 lazyload\" alt=\"\u010cisti\u010d kamene, mramoru a \u017euly\" aria-describedby=\"gallery-1-22190\" srcset=\"data:image\/svg+xml,%3Csvg%20xmlns%3D%27http%3A%2F%2Fwww.w3.org%2F2000%2Fsvg%27%20width%3D%271493%27%20height%3D%271990%27%20viewBox%3D%270%200%201493%201990%27%3E%3Crect%20width%3D%271493%27%20height%3D%271990%27%20fill-opacity%3D%220%22%2F%3E%3C%2Fsvg%3E\" data-orig-src=\"https:\/\/www.nanosol.cz\/sk\/wp-content\/uploads\/2021\/11\/cisteni-matneho-kamene-mramor-NANOSOL-02.jpeg\" data-srcset=\"https:\/\/www.nanosol.cz\/sk\/wp-content\/uploads\/2021\/11\/cisteni-matneho-kamene-mramor-NANOSOL-02-64x85.jpeg 64w, https:\/\/www.nanosol.cz\/sk\/wp-content\/uploads\/2021\/11\/cisteni-matneho-kamene-mramor-NANOSOL-02-225x300.jpeg 225w, https:\/\/www.nanosol.cz\/sk\/wp-content\/uploads\/2021\/11\/cisteni-matneho-kamene-mramor-NANOSOL-02-500x667.jpeg 500w, https:\/\/www.nanosol.cz\/sk\/wp-content\/uploads\/2021\/11\/cisteni-matneho-kamene-mramor-NANOSOL-02-600x800.jpeg 600w, https:\/\/www.nanosol.cz\/sk\/wp-content\/uploads\/2021\/11\/cisteni-matneho-kamene-mramor-NANOSOL-02-700x933.jpeg 700w, https:\/\/www.nanosol.cz\/sk\/wp-content\/uploads\/2021\/11\/cisteni-matneho-kamene-mramor-NANOSOL-02-768x1024.jpeg 768w, https:\/\/www.nanosol.cz\/sk\/wp-content\/uploads\/2021\/11\/cisteni-matneho-kamene-mramor-NANOSOL-02-800x1067.jpeg 800w, https:\/\/www.nanosol.cz\/sk\/wp-content\/uploads\/2021\/11\/cisteni-matneho-kamene-mramor-NANOSOL-02-1152x1536.jpeg 1152w, https:\/\/www.nanosol.cz\/sk\/wp-content\/uploads\/2021\/11\/cisteni-matneho-kamene-mramor-NANOSOL-02-1200x1600.jpeg 1200w, https:\/\/www.nanosol.cz\/sk\/wp-content\/uploads\/2021\/11\/cisteni-matneho-kamene-mramor-NANOSOL-02.jpeg 1493w\" data-sizes=\"auto\" \/><\/a>\n\t\t\t<\/dt>\n\t\t\t\t<dd class='wp-caption-text gallery-caption' id='gallery-1-22190'>\n\t\t\t\t\u0160pinav\u00fd mramor po \u010di\u0161t\u011bn\u00ed\n\t\t\t\t<\/dd><\/dl><br style=\"clear: both\" \/>\n\t\t<\/div>\n\n<h2>Uk\u00e1zka postupu \u010di\u0161t\u011bn\u00ed matn\u00e9ho mramoru<\/h2>\n<div class=\"video-shortcode\"><iframe class=\"lazyload\" title=\"\u010ci\u0161t\u011bn\u00ed hrub\u00e9ho p\u0159\u00edrodn\u00edho kamene konkr\u00e9tn\u011b matn\u00e9ho mramoru\" width=\"1270\" height=\"714\" src=\"data:image\/svg+xml,%3Csvg%20xmlns%3D%27http%3A%2F%2Fwww.w3.org%2F2000%2Fsvg%27%20width%3D%271270%27%20height%3D%27714%27%20viewBox%3D%270%200%201270%20714%27%3E%3Crect%20width%3D%271270%27%20height%3D%27714%27%20fill-opacity%3D%220%22%2F%3E%3C%2Fsvg%3E\" data-orig-src=\"https:\/\/www.youtube.com\/embed\/7Ri81DN71Jk?feature=oembed&#038;enablejsapi=1&#038;origin=https:\/\/www.nanosol.cz\" frameborder=\"0\" allow=\"accelerometer; autoplay; clipboard-write; encrypted-media; gyroscope; picture-in-picture; web-share\" referrerpolicy=\"strict-origin-when-cross-origin\" allowfullscreen><\/iframe><\/div>\n","protected":false},"excerpt":{"rendered":"<p>pH neutr\u00e1ln\u00ed \u010disti\u010d p\u0159\u00edrodn\u00edho kamene, mramoru a \u017euly. Je vhodn\u00fd i na \u010di\u0161t\u011bn\u00ed um\u011bl\u00e9ho kamene a granitu. Nepo\u0161kod\u00ed povrch.<\/p>\n","protected":false},"featured_media":26677,"comment_status":"open","ping_status":"closed","template":"","meta":{"_acf_changed":false},"product_brand":[],"product_cat":[95,519,385],"product_tag":[],"class_list":{"0":"post-26641","1":"product","2":"type-product","3":"status-publish","4":"has-post-thumbnail","6":"product_cat-domacnost","7":"product_cat-vyhodna-baleni-domacnost","8":"product_cat-cisteni-kamene","9":"pa_baleni-kanystr","10":"pa_objem-5-litru","11":"pa_ph-ph-neutralni","12":"pa_pouziti-cisteni","13":"pa_pro-materialy-lesteny-kamen","14":"pa_pro-materialy-mramor","15":"pa_pro-materialy-prirodni-kamen","16":"pa_pro-materialy-umely-kamen","17":"pa_pro-materialy-zula","18":"pa_slozeni-1-10-propan-2-ol-mene-nez-5-aniontove-povrchove-aktivni-latky-parfemy-sodium-pyrithione-benzisothiazolinone","19":"pa_typ-pripravku-cistice-a-detergenty","20":"pa_vydatnost-az-50-m2","21":"pa_vyrobce-nanosol","22":"pa_znacka-nanosol","24":"first","25":"instock","26":"taxable","27":"shipping-taxable","28":"purchasable","29":"product-type-simple"},"bundled_by":[],"bundle_stock_status":"instock","bundle_stock_quantity":5,"bundle_virtual":false,"bundle_layout":"","bundle_add_to_cart_form_location":"","bundle_editable_in_cart":false,"bundle_sold_individually_context":"","bundle_item_grouping":"","bundle_min_size":"","bundle_max_size":"","bundle_price":[],"bundled_items":[],"bundle_sell_ids":[22728,21265],"acf":[],"yoast_head":"<!-- This site is optimized with the Yoast SEO Premium plugin v21.4 (Yoast SEO v21.9.1) - https:\/\/yoast.com\/wordpress\/plugins\/seo\/ -->\n<title>\u010cisti\u010d kamene, mramoru a \u017euly v kvalit\u011b od NANOSOL<\/title>\n<meta name=\"description\" content=\"\u0160etrn\u00fd a \u00fa\u010dinn\u00fd \u010disti\u010d kamene vhodn\u00fd na p\u0159\u00edrodn\u00ed i um\u011bl\u00e9 kameny. Bezpe\u010dn\u00fd pro mramor, \u017eulu atd.. Vhodn\u00fd pro vnit\u0159n\u00ed i venkovn\u00ed pou\u017eit\u00ed.\" \/>\n<meta name=\"robots\" content=\"index, follow, max-snippet:-1, max-image-preview:large, max-video-preview:-1\" \/>\n<link rel=\"canonical\" href=\"https:\/\/www.nanosol.cz\/sk\/cistic-kamene-mramoru-a-zuly-marble-5l\/\" \/>\n<meta property=\"og:locale\" content=\"sk_SK\" \/>\n<meta property=\"og:type\" content=\"article\" \/>\n<meta property=\"og:title\" content=\"\u010cisti\u010d kamene, mramoru a \u017euly MARBLE 5 L\" \/>\n<meta property=\"og:description\" content=\"\u0160etrn\u00fd a \u00fa\u010dinn\u00fd \u010disti\u010d kamene vhodn\u00fd na p\u0159\u00edrodn\u00ed i um\u011bl\u00e9 kameny. Bezpe\u010dn\u00fd pro mramor, \u017eulu atd.. Vhodn\u00fd pro vnit\u0159n\u00ed i venkovn\u00ed pou\u017eit\u00ed.\" \/>\n<meta property=\"og:url\" content=\"https:\/\/www.nanosol.cz\/sk\/cistic-kamene-mramoru-a-zuly-marble-5l\/\" \/>\n<meta property=\"og:site_name\" content=\"Nanosol SK\" \/>\n<meta property=\"article:modified_time\" content=\"2026-04-02T11:59:53+00:00\" \/>\n<meta property=\"og:image\" content=\"https:\/\/www.nanosol.cz\/sk\/wp-content\/uploads\/2023\/06\/80040016-cistic-kamene-mramoru-zuly-MARBLE-5L-NANOSOL-scaled.jpg\" \/>\n\t<meta property=\"og:image:width\" content=\"1990\" \/>\n\t<meta property=\"og:image:height\" content=\"1990\" \/>\n\t<meta property=\"og:image:type\" content=\"image\/jpeg\" \/>\n<meta name=\"twitter:card\" content=\"summary_large_image\" \/>\n<meta name=\"twitter:label1\" content=\"Cena\" \/>\n\t<meta name=\"twitter:data1\" content=\"648.18&nbsp;&euro;\" \/>\n\t<meta name=\"twitter:label2\" content=\"Dostupnos\u0165\" \/>\n\t<meta name=\"twitter:data2\" content=\"Na sklade\" \/>\n<script type=\"application\/ld+json\" class=\"yoast-schema-graph\">{\"@context\":\"https:\/\/schema.org\",\"@graph\":[{\"@type\":\"WebPage\",\"@id\":\"https:\/\/www.nanosol.cz\/sk\/cistic-kamene-mramoru-a-zuly-marble-5l\/\",\"url\":\"https:\/\/www.nanosol.cz\/sk\/cistic-kamene-mramoru-a-zuly-marble-5l\/\",\"name\":\"\u010cisti\u010d kamene, mramoru a \u017euly v kvalit\u011b od NANOSOL\",\"isPartOf\":{\"@id\":\"https:\/\/www.nanosol.cz\/sk\/#website\"},\"datePublished\":\"2023-06-14T09:35:38+00:00\",\"dateModified\":\"2026-04-02T11:59:53+00:00\",\"description\":\"\u0160etrn\u00fd a \u00fa\u010dinn\u00fd \u010disti\u010d kamene vhodn\u00fd na p\u0159\u00edrodn\u00ed i um\u011bl\u00e9 kameny. Bezpe\u010dn\u00fd pro mramor, \u017eulu atd.. Vhodn\u00fd pro vnit\u0159n\u00ed i venkovn\u00ed pou\u017eit\u00ed.\",\"breadcrumb\":{\"@id\":\"https:\/\/www.nanosol.cz\/sk\/cistic-kamene-mramoru-a-zuly-marble-5l\/#breadcrumb\"},\"inLanguage\":\"sk-SK\",\"potentialAction\":[{\"@type\":\"ReadAction\",\"target\":[\"https:\/\/www.nanosol.cz\/sk\/cistic-kamene-mramoru-a-zuly-marble-5l\/\"]}]},{\"@type\":\"BreadcrumbList\",\"@id\":\"https:\/\/www.nanosol.cz\/sk\/cistic-kamene-mramoru-a-zuly-marble-5l\/#breadcrumb\",\"itemListElement\":[{\"@type\":\"ListItem\",\"position\":1,\"name\":\"Dom\u016f\",\"item\":\"https:\/\/www.nanosol.cz\/sk\/\"},{\"@type\":\"ListItem\",\"position\":2,\"name\":\"Produkty\",\"item\":\"https:\/\/www.nanosol.cz\/sk\/shop\/\"},{\"@type\":\"ListItem\",\"position\":3,\"name\":\"\u010cisti\u010d kamene, mramoru a \u017euly MARBLE 5 L\"}]},{\"@type\":\"WebSite\",\"@id\":\"https:\/\/www.nanosol.cz\/sk\/#website\",\"url\":\"https:\/\/www.nanosol.cz\/sk\/\",\"name\":\"Nanosol SK\",\"description\":\"Pr\u00e9miov\u00e9 nano p\u0159\u00edpravky a nano chemie\",\"potentialAction\":[{\"@type\":\"SearchAction\",\"target\":{\"@type\":\"EntryPoint\",\"urlTemplate\":\"https:\/\/www.nanosol.cz\/sk\/?s={search_term_string}\"},\"query-input\":\"required name=search_term_string\"}],\"inLanguage\":\"sk-SK\"}]}<\/script>\n<meta property=\"product:brand\" content=\"NANOSOL\" \/>\n<meta property=\"product:price:amount\" content=\"784.30\" \/>\n<meta property=\"product:price:currency\" content=\"EUR\" \/>\n<meta property=\"og:availability\" content=\"instock\" \/>\n<meta property=\"product:availability\" content=\"instock\" \/>\n<meta property=\"product:retailer_item_id\" content=\"80040016\" \/>\n<meta property=\"product:condition\" content=\"new\" \/>\n<!-- \/ Yoast SEO Premium plugin. -->","yoast_head_json":{"title":"\u010cisti\u010d kamene, mramoru a \u017euly v kvalit\u011b od NANOSOL","description":"\u0160etrn\u00fd a \u00fa\u010dinn\u00fd \u010disti\u010d kamene vhodn\u00fd na p\u0159\u00edrodn\u00ed i um\u011bl\u00e9 kameny. Bezpe\u010dn\u00fd pro mramor, \u017eulu atd.. Vhodn\u00fd pro vnit\u0159n\u00ed i venkovn\u00ed pou\u017eit\u00ed.","robots":{"index":"index","follow":"follow","max-snippet":"max-snippet:-1","max-image-preview":"max-image-preview:large","max-video-preview":"max-video-preview:-1"},"canonical":"https:\/\/www.nanosol.cz\/sk\/cistic-kamene-mramoru-a-zuly-marble-5l\/","og_locale":"sk_SK","og_type":"article","og_title":"\u010cisti\u010d kamene, mramoru a \u017euly MARBLE 5 L","og_description":"\u0160etrn\u00fd a \u00fa\u010dinn\u00fd \u010disti\u010d kamene vhodn\u00fd na p\u0159\u00edrodn\u00ed i um\u011bl\u00e9 kameny. Bezpe\u010dn\u00fd pro mramor, \u017eulu atd.. Vhodn\u00fd pro vnit\u0159n\u00ed i venkovn\u00ed pou\u017eit\u00ed.","og_url":"https:\/\/www.nanosol.cz\/sk\/cistic-kamene-mramoru-a-zuly-marble-5l\/","og_site_name":"Nanosol SK","article_modified_time":"2026-04-02T11:59:53+00:00","og_image":[{"width":1990,"height":1990,"url":"https:\/\/www.nanosol.cz\/sk\/wp-content\/uploads\/2023\/06\/80040016-cistic-kamene-mramoru-zuly-MARBLE-5L-NANOSOL-scaled.jpg","type":"image\/jpeg"}],"twitter_card":"summary_large_image","twitter_misc":{"Cena":"648.18&nbsp;&euro;","Dostupnos\u0165":"Na sklade"},"schema":{"@context":"https:\/\/schema.org","@graph":[{"@type":"WebPage","@id":"https:\/\/www.nanosol.cz\/sk\/cistic-kamene-mramoru-a-zuly-marble-5l\/","url":"https:\/\/www.nanosol.cz\/sk\/cistic-kamene-mramoru-a-zuly-marble-5l\/","name":"\u010cisti\u010d kamene, mramoru a \u017euly v kvalit\u011b od NANOSOL","isPartOf":{"@id":"https:\/\/www.nanosol.cz\/sk\/#website"},"datePublished":"2023-06-14T09:35:38+00:00","dateModified":"2026-04-02T11:59:53+00:00","description":"\u0160etrn\u00fd a \u00fa\u010dinn\u00fd \u010disti\u010d kamene vhodn\u00fd na p\u0159\u00edrodn\u00ed i um\u011bl\u00e9 kameny. Bezpe\u010dn\u00fd pro mramor, \u017eulu atd.. Vhodn\u00fd pro vnit\u0159n\u00ed i venkovn\u00ed pou\u017eit\u00ed.","breadcrumb":{"@id":"https:\/\/www.nanosol.cz\/sk\/cistic-kamene-mramoru-a-zuly-marble-5l\/#breadcrumb"},"inLanguage":"sk-SK","potentialAction":[{"@type":"ReadAction","target":["https:\/\/www.nanosol.cz\/sk\/cistic-kamene-mramoru-a-zuly-marble-5l\/"]}]},{"@type":"BreadcrumbList","@id":"https:\/\/www.nanosol.cz\/sk\/cistic-kamene-mramoru-a-zuly-marble-5l\/#breadcrumb","itemListElement":[{"@type":"ListItem","position":1,"name":"Dom\u016f","item":"https:\/\/www.nanosol.cz\/sk\/"},{"@type":"ListItem","position":2,"name":"Produkty","item":"https:\/\/www.nanosol.cz\/sk\/shop\/"},{"@type":"ListItem","position":3,"name":"\u010cisti\u010d kamene, mramoru a \u017euly MARBLE 5 L"}]},{"@type":"WebSite","@id":"https:\/\/www.nanosol.cz\/sk\/#website","url":"https:\/\/www.nanosol.cz\/sk\/","name":"Nanosol SK","description":"Pr\u00e9miov\u00e9 nano p\u0159\u00edpravky a nano chemie","potentialAction":[{"@type":"SearchAction","target":{"@type":"EntryPoint","urlTemplate":"https:\/\/www.nanosol.cz\/sk\/?s={search_term_string}"},"query-input":"required name=search_term_string"}],"inLanguage":"sk-SK"}]},"product_brand":"NANOSOL","product_price_amount":"784.30","product_price_currency":"EUR","og_availability":"instock","product_availability":"instock","product_retailer_item_id":"80040016","product_condition":"new"},"_links":{"self":[{"href":"https:\/\/www.nanosol.cz\/sk\/wp-json\/wp\/v2\/product\/26641","targetHints":{"allow":["GET"]}}],"collection":[{"href":"https:\/\/www.nanosol.cz\/sk\/wp-json\/wp\/v2\/product"}],"about":[{"href":"https:\/\/www.nanosol.cz\/sk\/wp-json\/wp\/v2\/types\/product"}],"replies":[{"embeddable":true,"href":"https:\/\/www.nanosol.cz\/sk\/wp-json\/wp\/v2\/comments?post=26641"}],"wp:featuredmedia":[{"embeddable":true,"href":"https:\/\/www.nanosol.cz\/sk\/wp-json\/wp\/v2\/media\/26677"}],"wp:attachment":[{"href":"https:\/\/www.nanosol.cz\/sk\/wp-json\/wp\/v2\/media?parent=26641"}],"wp:term":[{"taxonomy":"product_brand","embeddable":true,"href":"https:\/\/www.nanosol.cz\/sk\/wp-json\/wp\/v2\/product_brand?post=26641"},{"taxonomy":"product_cat","embeddable":true,"href":"https:\/\/www.nanosol.cz\/sk\/wp-json\/wp\/v2\/product_cat?post=26641"},{"taxonomy":"product_tag","embeddable":true,"href":"https:\/\/www.nanosol.cz\/sk\/wp-json\/wp\/v2\/product_tag?post=26641"}],"curies":[{"name":"wp","href":"https:\/\/api.w.org\/{rel}","templated":true}]}}