{"id":26643,"date":"2023-06-14T12:04:37","date_gmt":"2023-06-14T10:04:37","guid":{"rendered":"https:\/\/www.nanosol.cz\/?post_type=product&#038;p=26643"},"modified":"2026-04-07T12:37:20","modified_gmt":"2026-04-07T10:37:20","slug":"cistic-nabytku-antistaticky-mensa-5l","status":"publish","type":"product","link":"https:\/\/www.nanosol.cz\/sk\/cistic-nabytku-antistaticky-mensa-5l\/","title":{"rendered":"\u010cisti\u010d n\u00e1bytku antistatick\u00fd MENSA 5 L"},"content":{"rendered":"<h2 class=\"fusion-responsive-typography-calculated\" data-fontsize=\"38\" data-lineheight=\"41.8px\">\u010cisti\u010d n\u00e1bytku antistatick\u00fdm \u00fa\u010dinkem MENSA<\/h2>\n<p>Antistatick\u00fd \u010disti\u010d do dom\u00e1cnosti na \u010dist\u011bn\u00ed lakovan\u00fdch a\u00a0nelakovan\u00fdch povrch\u016f, plast\u016f, textilu, k\u016f\u017ee i kov\u016f. M\u011bjte jen jeden univerz\u00e1ln\u00ed prost\u0159edek na v\u0161echen n\u00e1bytek. Na o\u0161et\u0159enou plochu sed\u00e1 mnohem m\u00e9n\u011b prachov\u00fdch \u010d\u00e1stic. M\u00e1 velmi p\u0159\u00edjemnou v\u016fni, tak\u017ee V\u00e1\u0161 byt bude op\u011bt von\u011bt novotou. Univerz\u00e1ln\u00ed prost\u0159edek, kter\u00fd m\u00e1 vysokou \u010distic\u00ed schopnost. Odstran\u00ed i odoln\u00e9 ne\u010distoty od ke\u010dupu \u010di \u010dokol\u00e1dy. Nezanech\u00e1v\u00e1 mastn\u00fd film.<\/p>\n<h2 class=\"fusion-responsive-typography-calculated\" data-fontsize=\"16\" data-lineheight=\"19.2px\">Na co v\u0161e \u010disti\u010d interi\u00e9ru auta pou\u017e\u00edt?<\/h2>\n<ul>\n<li>Snadno odstran\u00edte prach a zabr\u00e1n\u00edte jeho op\u011btovn\u00e9mu usazov\u00e1n\u00ed.<\/li>\n<li>Odstran\u011bn\u00ed n\u00e1nos\u016f nikotinu a otisk\u016f prst\u016f.<\/li>\n<li>Odstran\u011bn\u00ed odoln\u011bj\u0161\u00edch ne\u010distot jako ke\u010dup, \u010dokol\u00e1da z potah\u016f a seda\u010dek.<\/li>\n<\/ul>\n<h2 class=\"fusion-responsive-typography-calculated\" data-fontsize=\"16\" data-lineheight=\"19.2px\">Kde v\u0161ude m\u016f\u017eeme p\u0159\u00edpravek na \u010dist\u011bn\u00ed pou\u017e\u00edt?<\/h2>\n<ul>\n<li>\u010cist\u011bn\u00ed lakovan\u00e9ho i nelakovan\u00e9ho n\u00e1bytku.<\/li>\n<li>\u010ci\u0161t\u011bn\u00ed textiln\u00edch i. ko\u017een\u00fdch seda\u010dek a k\u0159esel.<\/li>\n<li>\u010cist\u011bn\u00ed plastov\u00e9ho n\u00e1bytku a spot\u0159ebi\u010d\u016f.<\/li>\n<li>\u010cist\u011bn\u00ed v\u0161ech plast\u016f.<\/li>\n<li>\u010cist\u011bn\u00ed k\u016f\u017ee i ekok\u016f\u017ee.<\/li>\n<\/ul>\n<h2>V\u00fdhody \u010disti\u010de<\/h2>\n<ul>\n<li>\u010cist\u00ed beze \u0161mouh.<\/li>\n<li>Zanech\u00e1v\u00e1 povrch kr\u00e1sn\u011b matn\u00fd.<\/li>\n<li>O\u0161et\u0159en\u00fd povrch nez\u016fst\u00e1v\u00e1 mastn\u00fd.<\/li>\n<li>Velmi p\u0159\u00edjemn\u011b a neagresivn\u011b von\u00ed.<\/li>\n<li>Siln\u00fd a p\u0159itom \u0161etrn\u00fd \u010disti\u010d.<\/li>\n<\/ul>\n<h2 class=\"fusion-responsive-typography-calculated\" data-fontsize=\"16\" data-lineheight=\"19.2px\">Postup, jak aktivn\u00ed \u010disti\u010d interi\u00e9ru auta pou\u017e\u00edvat<\/h2>\n<ol>\n<li>Nejd\u0159\u00edve nastavte trysku do po\u017eadovan\u00e9 polohy jej\u00edm oto\u010den\u00edm.<\/li>\n<li>Dob\u0159e prot\u0159epejte produkt.<\/li>\n<li>Pot\u00e9 nast\u0159\u00edkejte p\u0159\u00edmo na plochu nebo na mokrou ut\u011brku a povrch ut\u0159ete.<\/li>\n<\/ol>\n<h3 class=\"fusion-responsive-typography-calculated\" data-fontsize=\"16\" data-lineheight=\"19.2px\">Upozorn\u011bn\u00ed<\/h3>\n<p dir=\"ltr\">\u010cisti\u010d n\u00e1bytku nepou\u017e\u00edvejte na hork\u00e9m povrchu nebo na p\u0159\u00edm\u00e9m slunci.<\/p>\n","protected":false},"excerpt":{"rendered":"<p>Usnadn\u011bte si pr\u00e1ci v dom\u00e1cnosti. Antistatick\u00fd \u010disti\u010d do dom\u00e1cnosti na \u010dist\u011bn\u00ed lakovan\u00fdch a\u00a0nelakovan\u00fdch povrch\u016f, plast\u016f, textilu, k\u016f\u017ee i kov\u016f. Na o\u0161et\u0159enou plochu sed\u00e1 mnohem m\u00e9n\u011b prachu.<\/p>\n","protected":false},"featured_media":27092,"comment_status":"open","ping_status":"closed","template":"","meta":{"_acf_changed":false},"product_brand":[],"product_cat":[95,511,519],"product_tag":[],"class_list":{"0":"post-26643","1":"product","2":"type-product","3":"status-publish","4":"has-post-thumbnail","6":"product_cat-domacnost","7":"product_cat-cisteni-nabytku","8":"product_cat-vyhodna-baleni-domacnost","9":"pa_baleni-kanystr","10":"pa_objem-5-litru","11":"pa_typ-pripravku-cistice-a-detergenty","12":"pa_vyrobce-nanosol","13":"pa_znacka-nanosol","15":"first","16":"instock","17":"taxable","18":"shipping-taxable","19":"purchasable","20":"product-type-simple"},"bundled_by":[],"bundle_stock_status":"instock","bundle_stock_quantity":6,"bundle_virtual":false,"bundle_layout":"","bundle_add_to_cart_form_location":"","bundle_editable_in_cart":false,"bundle_sold_individually_context":"","bundle_item_grouping":"","bundle_min_size":"","bundle_max_size":"","bundle_price":[],"bundled_items":[],"bundle_sell_ids":[20769],"acf":[],"yoast_head":"<!-- This site is optimized with the Yoast SEO Premium plugin v21.4 (Yoast SEO v21.9.1) - https:\/\/yoast.com\/wordpress\/plugins\/seo\/ -->\n<title>\u010cisti\u010d n\u00e1bytku antistatick\u00fd MENSA 5 L - Nanosol SK<\/title>\n<meta name=\"description\" content=\"Antistatick\u00fd \u010disti\u010d do dom\u00e1cnosti na \u010dist\u011bn\u00ed lakovan\u00fdch a\u00a0nelakovan\u00fdch povrch\u016f, plast\u016f, textilu, k\u016f\u017ee i kov\u016f.\" \/>\n<meta name=\"robots\" content=\"index, follow, max-snippet:-1, max-image-preview:large, max-video-preview:-1\" \/>\n<link rel=\"canonical\" href=\"https:\/\/www.nanosol.cz\/sk\/cistic-nabytku-antistaticky-mensa-5l\/\" \/>\n<meta property=\"og:locale\" content=\"sk_SK\" \/>\n<meta property=\"og:type\" content=\"article\" \/>\n<meta property=\"og:title\" content=\"\u010cisti\u010d n\u00e1bytku antistatick\u00fd MENSA 5 L\" \/>\n<meta property=\"og:description\" content=\"Antistatick\u00fd \u010disti\u010d do dom\u00e1cnosti na \u010dist\u011bn\u00ed lakovan\u00fdch a\u00a0nelakovan\u00fdch povrch\u016f, plast\u016f, textilu, k\u016f\u017ee i kov\u016f.\" \/>\n<meta property=\"og:url\" content=\"https:\/\/www.nanosol.cz\/sk\/cistic-nabytku-antistaticky-mensa-5l\/\" \/>\n<meta property=\"og:site_name\" content=\"Nanosol SK\" \/>\n<meta property=\"article:modified_time\" content=\"2026-04-07T10:37:20+00:00\" \/>\n<meta property=\"og:image\" content=\"https:\/\/www.nanosol.cz\/sk\/wp-content\/uploads\/2023\/06\/80040066-cistic-nabytku-MENSA-5L-NANOSOL-scaled.jpg\" \/>\n\t<meta property=\"og:image:width\" content=\"1990\" \/>\n\t<meta property=\"og:image:height\" content=\"1990\" \/>\n\t<meta property=\"og:image:type\" content=\"image\/jpeg\" \/>\n<meta name=\"twitter:card\" content=\"summary_large_image\" \/>\n<meta name=\"twitter:label1\" content=\"Cena\" \/>\n\t<meta name=\"twitter:data1\" content=\"648.18&nbsp;&euro;\" \/>\n\t<meta name=\"twitter:label2\" content=\"Dostupnos\u0165\" \/>\n\t<meta name=\"twitter:data2\" content=\"Na sklade\" \/>\n<script type=\"application\/ld+json\" class=\"yoast-schema-graph\">{\"@context\":\"https:\/\/schema.org\",\"@graph\":[{\"@type\":\"WebPage\",\"@id\":\"https:\/\/www.nanosol.cz\/sk\/cistic-nabytku-antistaticky-mensa-5l\/\",\"url\":\"https:\/\/www.nanosol.cz\/sk\/cistic-nabytku-antistaticky-mensa-5l\/\",\"name\":\"\u010cisti\u010d n\u00e1bytku antistatick\u00fd MENSA 5 L - Nanosol SK\",\"isPartOf\":{\"@id\":\"https:\/\/www.nanosol.cz\/sk\/#website\"},\"datePublished\":\"2023-06-14T10:04:37+00:00\",\"dateModified\":\"2026-04-07T10:37:20+00:00\",\"description\":\"Antistatick\u00fd \u010disti\u010d do dom\u00e1cnosti na \u010dist\u011bn\u00ed lakovan\u00fdch a\u00a0nelakovan\u00fdch povrch\u016f, plast\u016f, textilu, k\u016f\u017ee i kov\u016f.\",\"breadcrumb\":{\"@id\":\"https:\/\/www.nanosol.cz\/sk\/cistic-nabytku-antistaticky-mensa-5l\/#breadcrumb\"},\"inLanguage\":\"sk-SK\",\"potentialAction\":[{\"@type\":\"ReadAction\",\"target\":[\"https:\/\/www.nanosol.cz\/sk\/cistic-nabytku-antistaticky-mensa-5l\/\"]}]},{\"@type\":\"BreadcrumbList\",\"@id\":\"https:\/\/www.nanosol.cz\/sk\/cistic-nabytku-antistaticky-mensa-5l\/#breadcrumb\",\"itemListElement\":[{\"@type\":\"ListItem\",\"position\":1,\"name\":\"Dom\u016f\",\"item\":\"https:\/\/www.nanosol.cz\/sk\/\"},{\"@type\":\"ListItem\",\"position\":2,\"name\":\"Produkty\",\"item\":\"https:\/\/www.nanosol.cz\/sk\/shop\/\"},{\"@type\":\"ListItem\",\"position\":3,\"name\":\"\u010cisti\u010d n\u00e1bytku antistatick\u00fd MENSA 5 L\"}]},{\"@type\":\"WebSite\",\"@id\":\"https:\/\/www.nanosol.cz\/sk\/#website\",\"url\":\"https:\/\/www.nanosol.cz\/sk\/\",\"name\":\"Nanosol SK\",\"description\":\"Pr\u00e9miov\u00e9 nano p\u0159\u00edpravky a nano chemie\",\"potentialAction\":[{\"@type\":\"SearchAction\",\"target\":{\"@type\":\"EntryPoint\",\"urlTemplate\":\"https:\/\/www.nanosol.cz\/sk\/?s={search_term_string}\"},\"query-input\":\"required name=search_term_string\"}],\"inLanguage\":\"sk-SK\"}]}<\/script>\n<meta property=\"product:brand\" content=\"NANOSOL\" \/>\n<meta property=\"product:price:amount\" content=\"784.30\" \/>\n<meta property=\"product:price:currency\" content=\"EUR\" \/>\n<meta property=\"og:availability\" content=\"instock\" \/>\n<meta property=\"product:availability\" content=\"instock\" \/>\n<meta property=\"product:retailer_item_id\" content=\"80040066\" \/>\n<meta property=\"product:condition\" content=\"new\" \/>\n<!-- \/ Yoast SEO Premium plugin. -->","yoast_head_json":{"title":"\u010cisti\u010d n\u00e1bytku antistatick\u00fd MENSA 5 L - Nanosol SK","description":"Antistatick\u00fd \u010disti\u010d do dom\u00e1cnosti na \u010dist\u011bn\u00ed lakovan\u00fdch a\u00a0nelakovan\u00fdch povrch\u016f, plast\u016f, textilu, k\u016f\u017ee i kov\u016f.","robots":{"index":"index","follow":"follow","max-snippet":"max-snippet:-1","max-image-preview":"max-image-preview:large","max-video-preview":"max-video-preview:-1"},"canonical":"https:\/\/www.nanosol.cz\/sk\/cistic-nabytku-antistaticky-mensa-5l\/","og_locale":"sk_SK","og_type":"article","og_title":"\u010cisti\u010d n\u00e1bytku antistatick\u00fd MENSA 5 L","og_description":"Antistatick\u00fd \u010disti\u010d do dom\u00e1cnosti na \u010dist\u011bn\u00ed lakovan\u00fdch a\u00a0nelakovan\u00fdch povrch\u016f, plast\u016f, textilu, k\u016f\u017ee i kov\u016f.","og_url":"https:\/\/www.nanosol.cz\/sk\/cistic-nabytku-antistaticky-mensa-5l\/","og_site_name":"Nanosol SK","article_modified_time":"2026-04-07T10:37:20+00:00","og_image":[{"width":1990,"height":1990,"url":"https:\/\/www.nanosol.cz\/sk\/wp-content\/uploads\/2023\/06\/80040066-cistic-nabytku-MENSA-5L-NANOSOL-scaled.jpg","type":"image\/jpeg"}],"twitter_card":"summary_large_image","twitter_misc":{"Cena":"648.18&nbsp;&euro;","Dostupnos\u0165":"Na sklade"},"schema":{"@context":"https:\/\/schema.org","@graph":[{"@type":"WebPage","@id":"https:\/\/www.nanosol.cz\/sk\/cistic-nabytku-antistaticky-mensa-5l\/","url":"https:\/\/www.nanosol.cz\/sk\/cistic-nabytku-antistaticky-mensa-5l\/","name":"\u010cisti\u010d n\u00e1bytku antistatick\u00fd MENSA 5 L - Nanosol SK","isPartOf":{"@id":"https:\/\/www.nanosol.cz\/sk\/#website"},"datePublished":"2023-06-14T10:04:37+00:00","dateModified":"2026-04-07T10:37:20+00:00","description":"Antistatick\u00fd \u010disti\u010d do dom\u00e1cnosti na \u010dist\u011bn\u00ed lakovan\u00fdch a\u00a0nelakovan\u00fdch povrch\u016f, plast\u016f, textilu, k\u016f\u017ee i kov\u016f.","breadcrumb":{"@id":"https:\/\/www.nanosol.cz\/sk\/cistic-nabytku-antistaticky-mensa-5l\/#breadcrumb"},"inLanguage":"sk-SK","potentialAction":[{"@type":"ReadAction","target":["https:\/\/www.nanosol.cz\/sk\/cistic-nabytku-antistaticky-mensa-5l\/"]}]},{"@type":"BreadcrumbList","@id":"https:\/\/www.nanosol.cz\/sk\/cistic-nabytku-antistaticky-mensa-5l\/#breadcrumb","itemListElement":[{"@type":"ListItem","position":1,"name":"Dom\u016f","item":"https:\/\/www.nanosol.cz\/sk\/"},{"@type":"ListItem","position":2,"name":"Produkty","item":"https:\/\/www.nanosol.cz\/sk\/shop\/"},{"@type":"ListItem","position":3,"name":"\u010cisti\u010d n\u00e1bytku antistatick\u00fd MENSA 5 L"}]},{"@type":"WebSite","@id":"https:\/\/www.nanosol.cz\/sk\/#website","url":"https:\/\/www.nanosol.cz\/sk\/","name":"Nanosol SK","description":"Pr\u00e9miov\u00e9 nano p\u0159\u00edpravky a nano chemie","potentialAction":[{"@type":"SearchAction","target":{"@type":"EntryPoint","urlTemplate":"https:\/\/www.nanosol.cz\/sk\/?s={search_term_string}"},"query-input":"required name=search_term_string"}],"inLanguage":"sk-SK"}]},"product_brand":"NANOSOL","product_price_amount":"784.30","product_price_currency":"EUR","og_availability":"instock","product_availability":"instock","product_retailer_item_id":"80040066","product_condition":"new"},"_links":{"self":[{"href":"https:\/\/www.nanosol.cz\/sk\/wp-json\/wp\/v2\/product\/26643","targetHints":{"allow":["GET"]}}],"collection":[{"href":"https:\/\/www.nanosol.cz\/sk\/wp-json\/wp\/v2\/product"}],"about":[{"href":"https:\/\/www.nanosol.cz\/sk\/wp-json\/wp\/v2\/types\/product"}],"replies":[{"embeddable":true,"href":"https:\/\/www.nanosol.cz\/sk\/wp-json\/wp\/v2\/comments?post=26643"}],"wp:featuredmedia":[{"embeddable":true,"href":"https:\/\/www.nanosol.cz\/sk\/wp-json\/wp\/v2\/media\/27092"}],"wp:attachment":[{"href":"https:\/\/www.nanosol.cz\/sk\/wp-json\/wp\/v2\/media?parent=26643"}],"wp:term":[{"taxonomy":"product_brand","embeddable":true,"href":"https:\/\/www.nanosol.cz\/sk\/wp-json\/wp\/v2\/product_brand?post=26643"},{"taxonomy":"product_cat","embeddable":true,"href":"https:\/\/www.nanosol.cz\/sk\/wp-json\/wp\/v2\/product_cat?post=26643"},{"taxonomy":"product_tag","embeddable":true,"href":"https:\/\/www.nanosol.cz\/sk\/wp-json\/wp\/v2\/product_tag?post=26643"}],"curies":[{"name":"wp","href":"https:\/\/api.w.org\/{rel}","templated":true}]}}