{"id":26645,"date":"2025-07-10T08:23:10","date_gmt":"2025-07-10T06:23:10","guid":{"rendered":"https:\/\/www.nanosol.cz\/?post_type=product&#038;p=26645"},"modified":"2026-04-07T10:54:27","modified_gmt":"2026-04-07T08:54:27","slug":"cistic-interieru-auta-interior-s-antistatickym-ucinkem-5l","status":"publish","type":"product","link":"https:\/\/www.nanosol.cz\/sk\/cistic-interieru-auta-interior-s-antistatickym-ucinkem-5l\/","title":{"rendered":"\u010cisti\u010d interi\u00e9ru auta INTERIOR s antistatick\u00fdm \u00fa\u010dinkem 5L"},"content":{"rendered":"<h2 class=\"fusion-responsive-typography-calculated\" data-fontsize=\"38\" data-lineheight=\"41.8px\">\u010cisti\u010d interi\u00e9ru auta s antistatick\u00fdm \u00fa\u010dinkem<\/h2>\n<p>\u010cisti\u010d interi\u00e9ru auta je vyvinut na \u010dist\u011bn\u00ed v\u0161ech interi\u00e9rov\u00fdch plast\u016f a lze jej pou\u017e\u00edt tak\u00e9 na k\u016f\u017ei, EKOk\u016f\u017ei, textil a kovy. D\u00edky jeho antistatick\u00e9mu \u00fa\u010dinku sed\u00e1 na o\u0161et\u0159enou plochu mnohem m\u00e9n\u011b prachu. M\u00e1 velmi p\u0159\u00edjemnou a nedr\u00e1\u017edivou v\u016fni, jakoby va\u0161e auto op\u011bt von\u011blo novotou. Sta\u010d\u00ed V\u00e1m jeden prost\u0159edek na \u010di\u0161t\u011bn\u00ed t\u00e9m\u011b\u0159 cel\u00e9ho interi\u00e9ru. \u010cisti\u010d nezanech\u00e1v\u00e1 \u017e\u00e1dn\u00fd mastn\u00fd film.<\/p>\n<h2 class=\"fusion-responsive-typography-calculated\" data-fontsize=\"16\" data-lineheight=\"19.2px\">Na co v\u0161e \u010disti\u010d interi\u00e9ru auta pou\u017e\u00edt?<\/h2>\n<ul>\n<li>Snadno odstran\u00edte prach a zabr\u00e1n\u00edte jeho op\u011btovn\u00e9mu usazov\u00e1n\u00ed.<\/li>\n<li>Odstran\u011bn\u00ed n\u00e1nos\u016f nikotinu a otisk\u016f prst\u016f.<\/li>\n<li>Odstran\u011bn\u00ed stop bot, bahna i odoln\u011bj\u0161\u00edch ne\u010distot jako ke\u010dup, \u010dokol\u00e1da apod.<\/li>\n<\/ul>\n<h2 class=\"fusion-responsive-typography-calculated\" data-fontsize=\"16\" data-lineheight=\"19.2px\">Kde v\u0161ude m\u016f\u017eeme p\u0159\u00edpravek na \u010dist\u011bn\u00ed pou\u017e\u00edt?<\/h2>\n<ul>\n<li>\u010cist\u011bn\u00ed interier\u016f vozidla.<\/li>\n<li>\u010ci\u0161t\u011bn\u00ed volantu.<\/li>\n<li>\u010cist\u011bn\u00ed lakovan\u00fdch povrch\u016f v interi\u00e9ru vozu.<\/li>\n<li>\u010cist\u011bn\u00ed v\u0161ech plast\u016f.<\/li>\n<li>\u010cist\u011bn\u00ed \u010daloun\u011bn\u00ed.<\/li>\n<li>\u010cist\u011bn\u00ed k\u016f\u017ee i ekok\u016f\u017ee.<\/li>\n<li>\u010ci\u0161t\u011bn\u00ed palubov\u00e9 desky.<\/li>\n<\/ul>\n<h2>V\u00fdhody \u010disti\u010de<\/h2>\n<ul>\n<li>\u010cist\u00ed beze \u0161mouh.<\/li>\n<li>Zanech\u00e1v\u00e1 povrch kr\u00e1sn\u011b matn\u00fd.<\/li>\n<li>O\u0161et\u0159en\u00fd povrch nez\u016fst\u00e1v\u00e1 mastn\u00fd.<\/li>\n<li>Velmi p\u0159\u00edjemn\u011b a neagresivn\u011b von\u00ed.<\/li>\n<li>Siln\u00fd a p\u0159itom \u0161etrn\u00fd \u010disti\u010d.<\/li>\n<li>Jeden \u010disti\u010d na cel\u00fd interi\u00e9r auta.<\/li>\n<\/ul>\n<h2 class=\"fusion-responsive-typography-calculated\" data-fontsize=\"16\" data-lineheight=\"19.2px\">Postup, jak aktivn\u00ed \u010disti\u010d interi\u00e9ru auta pou\u017e\u00edvat<\/h2>\n<ol>\n<li>Nejd\u0159\u00edve nastavte trysku do po\u017eadovan\u00e9 polohy jej\u00edm oto\u010den\u00edm.<\/li>\n<li>Dob\u0159e prot\u0159epejte produkt.<\/li>\n<li>Pot\u00e9 nast\u0159\u00edkejte p\u0159\u00edmo na plochu nebo na mokrou ut\u011brku a povrch ut\u0159ete.<\/li>\n<\/ol>\n<h3>Kr\u00e1tk\u00e9 uk\u00e1zky vide\u00ed jak je to jednoduch\u00e9 :-)<\/h3>\n<div class=\"video-shortcode\"><iframe class=\"lazyload\" title=\"Jak \u00fa\u010dinn\u011b vy\u010distit interi\u00e9r cel\u00e9ho auta?\" width=\"1270\" height=\"714\" src=\"data:image\/svg+xml,%3Csvg%20xmlns%3D%27http%3A%2F%2Fwww.w3.org%2F2000%2Fsvg%27%20width%3D%271270%27%20height%3D%27714%27%20viewBox%3D%270%200%201270%20714%27%3E%3Crect%20width%3D%271270%27%20height%3D%27714%27%20fill-opacity%3D%220%22%2F%3E%3C%2Fsvg%3E\" data-orig-src=\"https:\/\/www.youtube.com\/embed\/OpaqJkPaV-E?feature=oembed&#038;enablejsapi=1&#038;origin=https:\/\/www.nanosol.cz\" frameborder=\"0\" allow=\"accelerometer; autoplay; clipboard-write; encrypted-media; gyroscope; picture-in-picture; web-share\" referrerpolicy=\"strict-origin-when-cross-origin\" allowfullscreen><\/iframe><\/div>\n<h3 data-fontsize=\"16\" data-lineheight=\"19.2px\"><\/h3>\n<h3 data-fontsize=\"16\" data-lineheight=\"19.2px\"><\/h3>\n<h3 class=\"fusion-responsive-typography-calculated\" data-fontsize=\"16\" data-lineheight=\"19.2px\">Upozorn\u011bn\u00ed<\/h3>\n<p dir=\"ltr\">\u010cisti\u010d interi\u00e9ru nepou\u017e\u00edvejte na hork\u00e9m povrchu nebo na p\u0159\u00edm\u00e9m slunci.<\/p>\n<h3 class=\"fusion-responsive-typography-calculated\" data-fontsize=\"16\" data-lineheight=\"19.2px\">Ud\u011blejte radost\u00a0d\u00e1rkovou sadou\u00a0pro kr\u00e1sn\u00fd a z\u00e1\u0159iv\u00fd interi\u00e9r vozu<\/h3>\n<p dir=\"ltr\">M\u00e1te kolem sebe milovn\u00edky automobil\u016f, sportovn\u00edch nabo ter\u00e9n\u00edch voz\u016f? Ud\u011blejte jim radost a darujte jim\u00a0sadu na p\u00e9\u010di o interi\u00e9r vozu.<\/p>\n","protected":false},"excerpt":{"rendered":"<p>Vy\u010dist\u00ed lakovan\u00e9, nelakovan\u00e9 plasty, k\u016f\u017ei i textil v interi\u00e9ru auta a zanech\u00e1 p\u0159\u00edjemnou v\u016fni. Nav\u00edc m\u00e1 antistatick\u00fd \u00fa\u010dinek, tak\u017ee se na o\u0161et\u0159en\u00e9m povrchu usazuje mnohem m\u00e9n\u011b prachu.<\/p>\n","protected":false},"featured_media":44350,"comment_status":"open","ping_status":"closed","template":"","meta":{"_acf_changed":false},"product_brand":[522],"product_cat":[170,516,469],"product_tag":[63],"class_list":{"0":"post-26645","1":"product","2":"type-product","3":"status-publish","4":"has-post-thumbnail","6":"product_brand-nanosol","7":"product_cat-autokosmetika","8":"product_cat-vyhodna-baleni","9":"product_cat-interier","10":"product_tag-novinka","11":"pa_baleni-kanystr","12":"pa_objem-5-litru","13":"pa_ph-303","14":"pa_pro-materialy-chrom","15":"pa_pro-materialy-hlinik","16":"pa_pro-materialy-hlinikove-slitiny","17":"pa_pro-materialy-nerez","18":"pa_pro-materialy-plast","19":"pa_pro-materialy-plexisklo","20":"pa_pro-materialy-pochromovane-kovy","21":"pa_pro-materialy-prirodni-kuze","22":"pa_pro-materialy-textil","23":"pa_pro-materialy-umela-kuze","24":"pa_slozeni-1-10-propan-2-ol-mene-nez-5-aniontove-povrchove-aktivni-latky-parfemy-sodium-pyrithione-benzisothiazolinone","25":"pa_vyrobce-nanosol","26":"pa_znacka-nanosol","28":"first","29":"instock","30":"taxable","31":"shipping-taxable","32":"purchasable","33":"product-type-simple"},"bundled_by":[],"bundle_stock_status":"instock","bundle_stock_quantity":3,"bundle_virtual":false,"bundle_layout":"","bundle_add_to_cart_form_location":"","bundle_editable_in_cart":false,"bundle_sold_individually_context":"","bundle_item_grouping":"","bundle_min_size":"","bundle_max_size":"","bundle_price":[],"bundled_items":[],"bundle_sell_ids":[21074],"acf":[],"yoast_head":"<!-- This site is optimized with the Yoast SEO Premium plugin v21.4 (Yoast SEO v21.9.1) - https:\/\/yoast.com\/wordpress\/plugins\/seo\/ -->\n<title>\u010cisti\u010d interi\u00e9ru auta INTERIOR 5 L - NANOSOL<\/title>\n<meta name=\"description\" content=\"Na ve\u0161ker\u00e9 plasty, k\u016f\u017ei i textil sta\u010d\u00ed jeden \u010disti\u010d interi\u00e9ru auta. P\u0159\u00edjemn\u011b von\u00ed a antistatick\u00fd \u00fa\u010dinek zajist\u00ed, \u017ee se usazuje m\u00e9n\u011b prachu\" \/>\n<meta name=\"robots\" content=\"index, follow, max-snippet:-1, max-image-preview:large, max-video-preview:-1\" \/>\n<link rel=\"canonical\" href=\"https:\/\/www.nanosol.cz\/sk\/cistic-interieru-auta-interior-s-antistatickym-ucinkem-5l\/\" \/>\n<meta property=\"og:locale\" content=\"sk_SK\" \/>\n<meta property=\"og:type\" content=\"article\" \/>\n<meta property=\"og:title\" content=\"\u010cisti\u010d interi\u00e9ru s antistatick\u00fdm \u00fa\u010dinkem, jemnou v\u016fn\u00ed v NANOSOL kvalit\u011b\" \/>\n<meta property=\"og:description\" content=\"Na ve\u0161ker\u00e9 plasty, k\u016f\u017ei i textil sta\u010d\u00ed jeden \u010disti\u010d interi\u00e9ru auta. P\u0159\u00edjemn\u011b von\u00ed a antistatick\u00fd \u00fa\u010dinek zajist\u00ed, \u017ee se usazuje m\u00e9n\u011b prachu\" \/>\n<meta property=\"og:url\" content=\"https:\/\/www.nanosol.cz\/sk\/cistic-interieru-auta-interior-s-antistatickym-ucinkem-5l\/\" \/>\n<meta property=\"og:site_name\" content=\"Nanosol SK\" \/>\n<meta property=\"article:modified_time\" content=\"2026-04-07T08:54:27+00:00\" \/>\n<meta property=\"og:image\" content=\"https:\/\/www.nanosol.cz\/sk\/wp-content\/uploads\/2023\/06\/80011003-Cistic-interieru-antistaticky-INTERIOR-5L-NANOSOL-scaled.webp\" \/>\n\t<meta property=\"og:image:width\" content=\"1400\" \/>\n\t<meta property=\"og:image:height\" content=\"1400\" \/>\n\t<meta property=\"og:image:type\" content=\"image\/webp\" \/>\n<meta name=\"twitter:card\" content=\"summary_large_image\" \/>\n<meta name=\"twitter:title\" content=\"\u010cisti\u010d interi\u00e9ru auta INTERIOR s antistatick\u00fdm \u00fa\u010dinkem 5L\" \/>\n<meta name=\"twitter:label1\" content=\"Cena\" \/>\n\t<meta name=\"twitter:data1\" content=\"648.18&nbsp;&euro;\" \/>\n\t<meta name=\"twitter:label2\" content=\"Dostupnos\u0165\" \/>\n\t<meta name=\"twitter:data2\" content=\"Na sklade\" \/>\n<script type=\"application\/ld+json\" class=\"yoast-schema-graph\">{\"@context\":\"https:\/\/schema.org\",\"@graph\":[{\"@type\":[\"WebPage\",\"ItemPage\"],\"@id\":\"https:\/\/www.nanosol.cz\/sk\/cistic-interieru-auta-interior-s-antistatickym-ucinkem-5l\/\",\"url\":\"https:\/\/www.nanosol.cz\/sk\/cistic-interieru-auta-interior-s-antistatickym-ucinkem-5l\/\",\"name\":\"\u010cisti\u010d interi\u00e9ru auta INTERIOR 5 L - NANOSOL\",\"isPartOf\":{\"@id\":\"https:\/\/www.nanosol.cz\/sk\/#website\"},\"datePublished\":\"2025-07-10T06:23:10+00:00\",\"dateModified\":\"2026-04-07T08:54:27+00:00\",\"description\":\"Na ve\u0161ker\u00e9 plasty, k\u016f\u017ei i textil sta\u010d\u00ed jeden \u010disti\u010d interi\u00e9ru auta. P\u0159\u00edjemn\u011b von\u00ed a antistatick\u00fd \u00fa\u010dinek zajist\u00ed, \u017ee se usazuje m\u00e9n\u011b prachu\",\"breadcrumb\":{\"@id\":\"https:\/\/www.nanosol.cz\/sk\/cistic-interieru-auta-interior-s-antistatickym-ucinkem-5l\/#breadcrumb\"},\"inLanguage\":\"sk-SK\",\"potentialAction\":[{\"@type\":\"ReadAction\",\"target\":[\"https:\/\/www.nanosol.cz\/sk\/cistic-interieru-auta-interior-s-antistatickym-ucinkem-5l\/\"]}]},{\"@type\":\"BreadcrumbList\",\"@id\":\"https:\/\/www.nanosol.cz\/sk\/cistic-interieru-auta-interior-s-antistatickym-ucinkem-5l\/#breadcrumb\",\"itemListElement\":[{\"@type\":\"ListItem\",\"position\":1,\"name\":\"Dom\u016f\",\"item\":\"https:\/\/www.nanosol.cz\/sk\/\"},{\"@type\":\"ListItem\",\"position\":2,\"name\":\"Produkty\",\"item\":\"https:\/\/www.nanosol.cz\/sk\/shop\/\"},{\"@type\":\"ListItem\",\"position\":3,\"name\":\"\u010cisti\u010d interi\u00e9ru auta INTERIOR s antistatick\u00fdm \u00fa\u010dinkem 5L\"}]},{\"@type\":\"WebSite\",\"@id\":\"https:\/\/www.nanosol.cz\/sk\/#website\",\"url\":\"https:\/\/www.nanosol.cz\/sk\/\",\"name\":\"Nanosol SK\",\"description\":\"Pr\u00e9miov\u00e9 nano p\u0159\u00edpravky a nano chemie\",\"potentialAction\":[{\"@type\":\"SearchAction\",\"target\":{\"@type\":\"EntryPoint\",\"urlTemplate\":\"https:\/\/www.nanosol.cz\/sk\/?s={search_term_string}\"},\"query-input\":\"required name=search_term_string\"}],\"inLanguage\":\"sk-SK\"}]}<\/script>\n<meta property=\"product:brand\" content=\"NANOSOL\" \/>\n<meta property=\"product:price:amount\" content=\"784.30\" \/>\n<meta property=\"product:price:currency\" content=\"EUR\" \/>\n<meta property=\"og:availability\" content=\"instock\" \/>\n<meta property=\"product:availability\" content=\"instock\" \/>\n<meta property=\"product:retailer_item_id\" content=\"80011003\" \/>\n<meta property=\"product:condition\" content=\"new\" \/>\n<!-- \/ Yoast SEO Premium plugin. -->","yoast_head_json":{"title":"\u010cisti\u010d interi\u00e9ru auta INTERIOR 5 L - NANOSOL","description":"Na ve\u0161ker\u00e9 plasty, k\u016f\u017ei i textil sta\u010d\u00ed jeden \u010disti\u010d interi\u00e9ru auta. P\u0159\u00edjemn\u011b von\u00ed a antistatick\u00fd \u00fa\u010dinek zajist\u00ed, \u017ee se usazuje m\u00e9n\u011b prachu","robots":{"index":"index","follow":"follow","max-snippet":"max-snippet:-1","max-image-preview":"max-image-preview:large","max-video-preview":"max-video-preview:-1"},"canonical":"https:\/\/www.nanosol.cz\/sk\/cistic-interieru-auta-interior-s-antistatickym-ucinkem-5l\/","og_locale":"sk_SK","og_type":"article","og_title":"\u010cisti\u010d interi\u00e9ru s antistatick\u00fdm \u00fa\u010dinkem, jemnou v\u016fn\u00ed v NANOSOL kvalit\u011b","og_description":"Na ve\u0161ker\u00e9 plasty, k\u016f\u017ei i textil sta\u010d\u00ed jeden \u010disti\u010d interi\u00e9ru auta. P\u0159\u00edjemn\u011b von\u00ed a antistatick\u00fd \u00fa\u010dinek zajist\u00ed, \u017ee se usazuje m\u00e9n\u011b prachu","og_url":"https:\/\/www.nanosol.cz\/sk\/cistic-interieru-auta-interior-s-antistatickym-ucinkem-5l\/","og_site_name":"Nanosol SK","article_modified_time":"2026-04-07T08:54:27+00:00","og_image":[{"width":1400,"height":1400,"url":"https:\/\/www.nanosol.cz\/sk\/wp-content\/uploads\/2023\/06\/80011003-Cistic-interieru-antistaticky-INTERIOR-5L-NANOSOL-scaled.webp","type":"image\/webp"}],"twitter_card":"summary_large_image","twitter_title":"\u010cisti\u010d interi\u00e9ru auta INTERIOR s antistatick\u00fdm \u00fa\u010dinkem 5L","twitter_misc":{"Cena":"648.18&nbsp;&euro;","Dostupnos\u0165":"Na sklade"},"schema":{"@context":"https:\/\/schema.org","@graph":[{"@type":["WebPage","ItemPage"],"@id":"https:\/\/www.nanosol.cz\/sk\/cistic-interieru-auta-interior-s-antistatickym-ucinkem-5l\/","url":"https:\/\/www.nanosol.cz\/sk\/cistic-interieru-auta-interior-s-antistatickym-ucinkem-5l\/","name":"\u010cisti\u010d interi\u00e9ru auta INTERIOR 5 L - NANOSOL","isPartOf":{"@id":"https:\/\/www.nanosol.cz\/sk\/#website"},"datePublished":"2025-07-10T06:23:10+00:00","dateModified":"2026-04-07T08:54:27+00:00","description":"Na ve\u0161ker\u00e9 plasty, k\u016f\u017ei i textil sta\u010d\u00ed jeden \u010disti\u010d interi\u00e9ru auta. P\u0159\u00edjemn\u011b von\u00ed a antistatick\u00fd \u00fa\u010dinek zajist\u00ed, \u017ee se usazuje m\u00e9n\u011b prachu","breadcrumb":{"@id":"https:\/\/www.nanosol.cz\/sk\/cistic-interieru-auta-interior-s-antistatickym-ucinkem-5l\/#breadcrumb"},"inLanguage":"sk-SK","potentialAction":[{"@type":"ReadAction","target":["https:\/\/www.nanosol.cz\/sk\/cistic-interieru-auta-interior-s-antistatickym-ucinkem-5l\/"]}]},{"@type":"BreadcrumbList","@id":"https:\/\/www.nanosol.cz\/sk\/cistic-interieru-auta-interior-s-antistatickym-ucinkem-5l\/#breadcrumb","itemListElement":[{"@type":"ListItem","position":1,"name":"Dom\u016f","item":"https:\/\/www.nanosol.cz\/sk\/"},{"@type":"ListItem","position":2,"name":"Produkty","item":"https:\/\/www.nanosol.cz\/sk\/shop\/"},{"@type":"ListItem","position":3,"name":"\u010cisti\u010d interi\u00e9ru auta INTERIOR s antistatick\u00fdm \u00fa\u010dinkem 5L"}]},{"@type":"WebSite","@id":"https:\/\/www.nanosol.cz\/sk\/#website","url":"https:\/\/www.nanosol.cz\/sk\/","name":"Nanosol SK","description":"Pr\u00e9miov\u00e9 nano p\u0159\u00edpravky a nano chemie","potentialAction":[{"@type":"SearchAction","target":{"@type":"EntryPoint","urlTemplate":"https:\/\/www.nanosol.cz\/sk\/?s={search_term_string}"},"query-input":"required name=search_term_string"}],"inLanguage":"sk-SK"}]},"product_brand":"NANOSOL","product_price_amount":"784.30","product_price_currency":"EUR","og_availability":"instock","product_availability":"instock","product_retailer_item_id":"80011003","product_condition":"new"},"_links":{"self":[{"href":"https:\/\/www.nanosol.cz\/sk\/wp-json\/wp\/v2\/product\/26645","targetHints":{"allow":["GET"]}}],"collection":[{"href":"https:\/\/www.nanosol.cz\/sk\/wp-json\/wp\/v2\/product"}],"about":[{"href":"https:\/\/www.nanosol.cz\/sk\/wp-json\/wp\/v2\/types\/product"}],"replies":[{"embeddable":true,"href":"https:\/\/www.nanosol.cz\/sk\/wp-json\/wp\/v2\/comments?post=26645"}],"wp:featuredmedia":[{"embeddable":true,"href":"https:\/\/www.nanosol.cz\/sk\/wp-json\/wp\/v2\/media\/44350"}],"wp:attachment":[{"href":"https:\/\/www.nanosol.cz\/sk\/wp-json\/wp\/v2\/media?parent=26645"}],"wp:term":[{"taxonomy":"product_brand","embeddable":true,"href":"https:\/\/www.nanosol.cz\/sk\/wp-json\/wp\/v2\/product_brand?post=26645"},{"taxonomy":"product_cat","embeddable":true,"href":"https:\/\/www.nanosol.cz\/sk\/wp-json\/wp\/v2\/product_cat?post=26645"},{"taxonomy":"product_tag","embeddable":true,"href":"https:\/\/www.nanosol.cz\/sk\/wp-json\/wp\/v2\/product_tag?post=26645"}],"curies":[{"name":"wp","href":"https:\/\/api.w.org\/{rel}","templated":true}]}}