{"id":27493,"date":"2023-11-15T05:42:24","date_gmt":"2023-11-15T04:42:24","guid":{"rendered":"https:\/\/www.nanosol.cz\/?post_type=product&#038;p=27493"},"modified":"2026-02-13T09:03:49","modified_gmt":"2026-02-13T08:03:49","slug":"sada-pro-snadnou-aplikaci-washwax","status":"publish","type":"product","link":"https:\/\/www.nanosol.cz\/sk\/sada-pro-snadnou-aplikaci-washwax\/","title":{"rendered":"Sada pro snadnou aplikaci WASH 6v1"},"content":{"rendered":"<p data-pm-slice=\"1 1 []\">Sada s kvalitn\u00ed autokosmetikou. S n\u00ed z\u00edsk\u00e1te nejen \u010dist\u00e9 a sv\u011b\u017e\u00ed auto, ale i v\u00edce \u010dasu pro sebe. V\u0161echny na\u0161e produkty jsou navr\u017eeny tak, aby \u010di\u0161t\u011bn\u00ed bylo co nejefektivn\u011bj\u0161\u00ed. Tak\u017ee u\u017e nemus\u00edte tr\u00e1vit hodiny \u010di\u0161t\u011bn\u00edm a m\u016f\u017eete se v\u011bnovat tomu, co v\u00e1s opravdu bav\u00ed.<\/p>\n<h1 data-pm-slice=\"1 1 []\">Co tedy tato sada obsahuje?<\/h1>\n<ul>\n<li>\u010cisti\u010d interi\u00e9ru auta s antistatick\u00fdm \u00fa\u010dinkem INTERIOR 500 ml<\/li>\n<li>Auto\u0161ampon s voskem WASH 3+ 500 ml<\/li>\n<li>\u010cisti\u010d skel GLASS 500 ml<\/li>\n<li>\u010cisti\u010d disk\u016f a kol ORBIS<\/li>\n<li>Kvalitn\u00ed ut\u011brku z mikrovl\u00e1kna<\/li>\n<li>Magickou ut\u011brku na sklo<\/li>\n<\/ul>\n<p>Za\u010dn\u011bte s na\u0161im <strong>\u010cisti\u010dem interi\u00e9ru<\/strong> na cel\u00fd interi\u00e9r auta. Tento univerz\u00e1ln\u00ed \u010disti\u010d se dokonale hod\u00ed na jak\u00fdkoliv materi\u00e1l ve Va\u0161em voze &#8211; od palubn\u00ed desky, p\u0159es ko\u017een\u00e9, ko\u017eenkov\u00e9 a gumov\u00e9 povrchy, a\u017e po \u010daloun\u011bn\u00e9 seda\u010dky. Nav\u00edc m\u00e1 antistatick\u00fd \u00fa\u010dinek, kter\u00fd minimalizuje usazov\u00e1n\u00ed prachu a prodlu\u017euje dobu mezi jednotliv\u00fdmi \u010di\u0161t\u011bn\u00edmi.<\/p>\n<p><strong>Auto\u0161ampon s voskemWash 3+<\/strong> nen\u00ed jen dal\u0161\u00ed auto\u0161ampon na trhu. Jde o pr\u00e9miov\u00fd produkt, kter\u00fd p\u0159in\u00e1\u0161\u00ed maxim\u00e1ln\u00ed v\u00fdsledky za minim\u00e1ln\u00ed n\u00e1mahu. Tento jedine\u010dn\u00fd \u0161ampon je vytvo\u0159en tak, aby z va\u0161eho auta odstranil ve\u0161kerou \u0161p\u00ednu a z\u00e1rove\u0148 ho o\u0161et\u0159il speci\u00e1ln\u00edm polymerov\u00fdm voskem, kter\u00fd p\u0159id\u00e1v\u00e1 extra vrstvu ochrany. A co je nejlep\u0161\u00ed? Tato ochrana trv\u00e1 minim\u00e1ln\u011b 3 m\u011bs\u00edce!<\/p>\n<p>Dal\u0161\u00edm nepostradateln\u00fdm pomocn\u00edkem je<strong> \u010cisti\u010d skel GLASS. <\/strong>Tento bezfosf\u00e1tov\u00fd a bezoplachov\u00fd \u010disti\u010d dok\u00e1\u017ee odstranit i ty nejodoln\u011bj\u0161\u00ed ne\u010distoty, dokonce i \u0161p\u00ednu jako je pta\u010d\u00ed trus, bez jak\u00fdchkoliv \u0161mouh. Jeho jedine\u010dn\u00fd recept je navr\u017een tak, aby byl \u0161etrn\u00fd k laku a gumov\u00fdm t\u011bsn\u011bn\u00edm va\u0161eho automobilu.<\/p>\n<p><strong>\u010cisti\u010d disk\u016f a kol ORBIS<\/strong>, velmi snadno odstra\u0148uje p\u0159ipe\u010den\u00fd prach z brzdov\u00fdch desti\u010dek a ostatn\u00ed ne\u010distoty.\u00a0D\u00edky neutr\u00e1ln\u00edmu pH je zcela bezpe\u010dn\u00fd pro lakovan\u00e9, nelakovan\u00e9, hlin\u00edkov\u00e9 i plechov\u00e9 disky kol.<\/p>\n<p data-pm-slice=\"1 1 []\">Sada zahrnujeme tak\u00e9 dv\u011b ut\u011brky z mikrovl\u00e1kna pro dokonal\u00fd fini\u0161. Jedna <strong>ut\u011brka z mikrovl\u00e1kna<\/strong> je ur\u010den\u00e1 pro \u010di\u0161t\u011bn\u00ed interi\u00e9ru. <strong>Magickou ut\u011brku<\/strong> pak doporu\u010dujeme pou\u017e\u00edvat na vnit\u0159n\u00ed skla. V\u0161echny ut\u011brky jsou vhodn\u00e9 pro opakovan\u00e9 pou\u017e\u00edv\u00e1n\u00ed, po za\u0161pin\u011bn\u00ed sta\u010d\u00ed vyprat bez aviv\u00e1\u017ee.<\/p>\n<h2 data-pm-slice=\"1 1 []\">Pro\u010d si po\u0159\u00eddit zrovna tuto sadu?<\/h2>\n<ol>\n<li>Univerz\u00e1ln\u00ed \u010disti\u010d s antistatick\u00fdm \u00fa\u010dinkem &#8211; sta\u010d\u00ed jeden \u00fa\u010dinn\u00fd \u010disti\u010d na r\u016fzn\u00e9 povrchy.<\/li>\n<li>Auto\u0161ampon s voskem pro maxim\u00e1ln\u00ed \u00fa\u010dinek za minim\u00e1ln\u00ed n\u00e1mahu.<\/li>\n<li>Skv\u011bl\u00e9 \u010disti\u010de na sklen\u011bn\u00e9 povrchy, \u010dist\u00ed beze \u0161mouh a porad\u00ed si i s odoln\u00fdmi ne\u010distotami.<\/li>\n<li>Kvalitn\u00ed ut\u011brky &#8211; ty jsou z\u00e1kladem, ut\u011brka odvede n\u011bkdy i polovinu pr\u00e1ce.<\/li>\n<\/ol>\n<h3>Co tato sada neobsahuje?<\/h3>\n<p>Sady nejsou d\u00e1rkov\u00e9 tzn. nedojdou V\u00e1m v kr\u00e1sn\u00e9 \u010dern\u00e9 krabici se stuhou. <strong>Sady<\/strong> jsou tedy t\u00e9maticky poskl\u00e1dan\u00e9 produkty za zv\u00fdhodn\u011bnou cenu. Pokud hled\u00e1te opravdov\u00fd d\u00e1rek, vyberte si <a href=\"https:\/\/www.nanosol.cz\/darkove-balicky\/\">D\u00e1rkov\u00fd bal\u00ed\u010dek<\/a>.<\/p>\n","protected":false},"excerpt":{"rendered":"<p>Sada s kvalitn\u00ed autokosmetikou. S n\u00ed z\u00edsk\u00e1te nejen \u010dist\u00e9 a sv\u011b\u017e\u00ed auto, ale i v\u00edce \u010dasu pro sebe. V\u0161echny na\u0161e produkty jsou navr\u017eeny tak, aby \u010di\u0161t\u011bn\u00ed bylo co nejefektivn\u011bj\u0161\u00ed.<\/p>\n","protected":false},"featured_media":28456,"comment_status":"open","ping_status":"closed","template":"","meta":{"_acf_changed":false},"product_brand":[],"product_cat":[170,297,57],"product_tag":[63],"class_list":{"0":"post-27493","1":"product","2":"type-product","3":"status-publish","4":"has-post-thumbnail","6":"product_cat-autokosmetika","7":"product_cat-sady-autokosmetiky","8":"product_cat-sady","9":"product_tag-novinka","10":"pa_vyrobce-nanosol","11":"pa_znacka-nanosol","13":"first","14":"instock","15":"taxable","16":"shipping-taxable","17":"purchasable","18":"product-type-bundle"},"bundled_by":[],"bundle_stock_status":"instock","bundle_stock_quantity":310,"bundle_virtual":false,"bundle_layout":"default","bundle_add_to_cart_form_location":"default","bundle_editable_in_cart":false,"bundle_sold_individually_context":"product","bundle_item_grouping":"parent","bundle_min_size":"","bundle_max_size":"","bundle_price":{"price":{"min":{"incl_tax":"914.55","excl_tax":"914.553719"},"max":{"incl_tax":"914.55","excl_tax":"914.553719"}},"regular_price":{"min":{"incl_tax":"914.55","excl_tax":"914.553719"},"max":{"incl_tax":"914.55","excl_tax":"914.553719"}}},"bundled_items":[{"bundled_item_id":328,"product_id":23231,"menu_order":0,"quantity_min":1,"quantity_max":1,"quantity_default":1,"priced_individually":false,"shipped_individually":false,"override_title":false,"title":"Auto\u0161ampon s voskem WASH 3+ 500ml","override_description":false,"description":"","optional":false,"hide_thumbnail":false,"discount":"","override_variations":false,"allowed_variations":[],"override_default_variation_attributes":false,"default_variation_attributes":[],"single_product_visibility":"visible","cart_visibility":"visible","order_visibility":"visible","single_product_price_visibility":"visible","cart_price_visibility":"visible","order_price_visibility":"visible","stock_status":"in_stock"},{"bundled_item_id":329,"product_id":24265,"menu_order":1,"quantity_min":1,"quantity_max":1,"quantity_default":1,"priced_individually":false,"shipped_individually":false,"override_title":false,"title":"\u010cisti\u010d skel GLASS 500ml","override_description":false,"description":"","optional":false,"hide_thumbnail":false,"discount":"","override_variations":false,"allowed_variations":[],"override_default_variation_attributes":false,"default_variation_attributes":[],"single_product_visibility":"visible","cart_visibility":"visible","order_visibility":"visible","single_product_price_visibility":"visible","cart_price_visibility":"visible","order_price_visibility":"visible","stock_status":"in_stock"},{"bundled_item_id":330,"product_id":25663,"menu_order":2,"quantity_min":1,"quantity_max":1,"quantity_default":1,"priced_individually":false,"shipped_individually":false,"override_title":false,"title":"\u010cisti\u010d disk\u016f kol ORBIS 500ml","override_description":false,"description":"","optional":false,"hide_thumbnail":false,"discount":"","override_variations":false,"allowed_variations":[],"override_default_variation_attributes":false,"default_variation_attributes":[],"single_product_visibility":"visible","cart_visibility":"visible","order_visibility":"visible","single_product_price_visibility":"visible","cart_price_visibility":"visible","order_price_visibility":"visible","stock_status":"in_stock"},{"bundled_item_id":331,"product_id":21266,"menu_order":3,"quantity_min":1,"quantity_max":1,"quantity_default":1,"priced_individually":false,"shipped_individually":false,"override_title":false,"title":"\u010cisti\u010d interi\u00e9ru auta INTERIOR s antistatick\u00fdm \u00fa\u010dinkem 500ml","override_description":false,"description":"","optional":false,"hide_thumbnail":false,"discount":"","override_variations":false,"allowed_variations":[],"override_default_variation_attributes":false,"default_variation_attributes":[],"single_product_visibility":"visible","cart_visibility":"visible","order_visibility":"visible","single_product_price_visibility":"visible","cart_price_visibility":"visible","order_price_visibility":"visible","stock_status":"in_stock"},{"bundled_item_id":332,"product_id":21074,"menu_order":4,"quantity_min":1,"quantity_max":1,"quantity_default":1,"priced_individually":false,"shipped_individually":false,"override_title":false,"title":"Ut\u011brka z mikrovl\u00e1kna \u017elut\u00e1","override_description":false,"description":"","optional":false,"hide_thumbnail":false,"discount":"","override_variations":false,"allowed_variations":[],"override_default_variation_attributes":false,"default_variation_attributes":[],"single_product_visibility":"visible","cart_visibility":"visible","order_visibility":"visible","single_product_price_visibility":"visible","cart_price_visibility":"visible","order_price_visibility":"visible","stock_status":"in_stock"},{"bundled_item_id":333,"product_id":21071,"menu_order":5,"quantity_min":1,"quantity_max":1,"quantity_default":1,"priced_individually":false,"shipped_individually":false,"override_title":false,"title":"Magick\u00e1 ut\u011brka na sklo modr\u00e1","override_description":false,"description":"","optional":false,"hide_thumbnail":false,"discount":"","override_variations":false,"allowed_variations":[],"override_default_variation_attributes":false,"default_variation_attributes":[],"single_product_visibility":"visible","cart_visibility":"visible","order_visibility":"visible","single_product_price_visibility":"visible","cart_price_visibility":"visible","order_price_visibility":"visible","stock_status":"in_stock"}],"bundle_sell_ids":[],"acf":[],"yoast_head":"<!-- This site is optimized with the Yoast SEO Premium plugin v21.4 (Yoast SEO v21.9.1) - https:\/\/yoast.com\/wordpress\/plugins\/seo\/ -->\n<title>Sada pro snadnou aplikaci WASH 6v1 - NANOSOL<\/title>\n<meta name=\"description\" content=\"Sada pro snadnou aplikaci WASH 6v1. Z\u00edsk\u00e1te \u010dist\u00e9 a sv\u011b\u017e\u00ed auto. V\u0161echny na\u0161e produkty jsou navr\u017eeny tak, aby \u010di\u0161t\u011bn\u00ed bylo co nejefektivn\u011bj\u0161\u00ed.\" \/>\n<meta name=\"robots\" content=\"index, follow, max-snippet:-1, max-image-preview:large, max-video-preview:-1\" \/>\n<link rel=\"canonical\" href=\"https:\/\/www.nanosol.cz\/sk\/sada-pro-snadnou-aplikaci-washwax\/\" \/>\n<meta property=\"og:locale\" content=\"sk_SK\" \/>\n<meta property=\"og:type\" content=\"article\" \/>\n<meta property=\"og:title\" content=\"Sada pro snadnou aplikaci WASH 6v1\" \/>\n<meta property=\"og:description\" content=\"Sada pro snadnou aplikaci WASH 6v1. Z\u00edsk\u00e1te \u010dist\u00e9 a sv\u011b\u017e\u00ed auto. V\u0161echny na\u0161e produkty jsou navr\u017eeny tak, aby \u010di\u0161t\u011bn\u00ed bylo co nejefektivn\u011bj\u0161\u00ed.\" \/>\n<meta property=\"og:url\" content=\"https:\/\/www.nanosol.cz\/sk\/sada-pro-snadnou-aplikaci-washwax\/\" \/>\n<meta property=\"og:site_name\" content=\"Nanosol SK\" \/>\n<meta property=\"article:modified_time\" content=\"2026-02-13T08:03:49+00:00\" \/>\n<meta property=\"og:image\" content=\"https:\/\/www.nanosol.cz\/sk\/wp-content\/uploads\/2023\/09\/90000085-Sada-pro-snadnou-aplikaci-6v1-scaled.jpg\" \/>\n\t<meta property=\"og:image:width\" content=\"1990\" \/>\n\t<meta property=\"og:image:height\" content=\"1990\" \/>\n\t<meta property=\"og:image:type\" content=\"image\/jpeg\" \/>\n<meta name=\"twitter:card\" content=\"summary_large_image\" \/>\n<meta name=\"twitter:label1\" content=\"Cena\" \/>\n\t<meta name=\"twitter:data1\" content=\"914.55&nbsp;&euro;\" \/>\n\t<meta name=\"twitter:label2\" content=\"Dostupnos\u0165\" \/>\n\t<meta name=\"twitter:data2\" content=\"Na sklade\" \/>\n<script type=\"application\/ld+json\" class=\"yoast-schema-graph\">{\"@context\":\"https:\/\/schema.org\",\"@graph\":[{\"@type\":\"WebPage\",\"@id\":\"https:\/\/www.nanosol.cz\/sk\/sada-pro-snadnou-aplikaci-washwax\/\",\"url\":\"https:\/\/www.nanosol.cz\/sk\/sada-pro-snadnou-aplikaci-washwax\/\",\"name\":\"Sada pro snadnou aplikaci WASH 6v1 - NANOSOL\",\"isPartOf\":{\"@id\":\"https:\/\/www.nanosol.cz\/sk\/#website\"},\"datePublished\":\"2023-11-15T04:42:24+00:00\",\"dateModified\":\"2026-02-13T08:03:49+00:00\",\"description\":\"Sada pro snadnou aplikaci WASH 6v1. Z\u00edsk\u00e1te \u010dist\u00e9 a sv\u011b\u017e\u00ed auto. V\u0161echny na\u0161e produkty jsou navr\u017eeny tak, aby \u010di\u0161t\u011bn\u00ed bylo co nejefektivn\u011bj\u0161\u00ed.\",\"breadcrumb\":{\"@id\":\"https:\/\/www.nanosol.cz\/sk\/sada-pro-snadnou-aplikaci-washwax\/#breadcrumb\"},\"inLanguage\":\"sk-SK\",\"potentialAction\":[{\"@type\":\"ReadAction\",\"target\":[\"https:\/\/www.nanosol.cz\/sk\/sada-pro-snadnou-aplikaci-washwax\/\"]}]},{\"@type\":\"BreadcrumbList\",\"@id\":\"https:\/\/www.nanosol.cz\/sk\/sada-pro-snadnou-aplikaci-washwax\/#breadcrumb\",\"itemListElement\":[{\"@type\":\"ListItem\",\"position\":1,\"name\":\"Dom\u016f\",\"item\":\"https:\/\/www.nanosol.cz\/sk\/\"},{\"@type\":\"ListItem\",\"position\":2,\"name\":\"Produkty\",\"item\":\"https:\/\/www.nanosol.cz\/sk\/shop\/\"},{\"@type\":\"ListItem\",\"position\":3,\"name\":\"Sada pro snadnou aplikaci WASH 6v1\"}]},{\"@type\":\"WebSite\",\"@id\":\"https:\/\/www.nanosol.cz\/sk\/#website\",\"url\":\"https:\/\/www.nanosol.cz\/sk\/\",\"name\":\"Nanosol SK\",\"description\":\"Pr\u00e9miov\u00e9 nano p\u0159\u00edpravky a nano chemie\",\"potentialAction\":[{\"@type\":\"SearchAction\",\"target\":{\"@type\":\"EntryPoint\",\"urlTemplate\":\"https:\/\/www.nanosol.cz\/sk\/?s={search_term_string}\"},\"query-input\":\"required name=search_term_string\"}],\"inLanguage\":\"sk-SK\"}]}<\/script>\n<meta property=\"product:brand\" content=\"NANOSOL\" \/>\n<meta property=\"product:price:amount\" content=\"1106.61\" \/>\n<meta property=\"product:price:currency\" content=\"EUR\" \/>\n<meta property=\"og:availability\" content=\"instock\" \/>\n<meta property=\"product:availability\" content=\"instock\" \/>\n<meta property=\"product:retailer_item_id\" content=\"90000085\" \/>\n<meta property=\"product:condition\" content=\"new\" \/>\n<!-- \/ Yoast SEO Premium plugin. -->","yoast_head_json":{"title":"Sada pro snadnou aplikaci WASH 6v1 - NANOSOL","description":"Sada pro snadnou aplikaci WASH 6v1. Z\u00edsk\u00e1te \u010dist\u00e9 a sv\u011b\u017e\u00ed auto. V\u0161echny na\u0161e produkty jsou navr\u017eeny tak, aby \u010di\u0161t\u011bn\u00ed bylo co nejefektivn\u011bj\u0161\u00ed.","robots":{"index":"index","follow":"follow","max-snippet":"max-snippet:-1","max-image-preview":"max-image-preview:large","max-video-preview":"max-video-preview:-1"},"canonical":"https:\/\/www.nanosol.cz\/sk\/sada-pro-snadnou-aplikaci-washwax\/","og_locale":"sk_SK","og_type":"article","og_title":"Sada pro snadnou aplikaci WASH 6v1","og_description":"Sada pro snadnou aplikaci WASH 6v1. Z\u00edsk\u00e1te \u010dist\u00e9 a sv\u011b\u017e\u00ed auto. V\u0161echny na\u0161e produkty jsou navr\u017eeny tak, aby \u010di\u0161t\u011bn\u00ed bylo co nejefektivn\u011bj\u0161\u00ed.","og_url":"https:\/\/www.nanosol.cz\/sk\/sada-pro-snadnou-aplikaci-washwax\/","og_site_name":"Nanosol SK","article_modified_time":"2026-02-13T08:03:49+00:00","og_image":[{"width":1990,"height":1990,"url":"https:\/\/www.nanosol.cz\/sk\/wp-content\/uploads\/2023\/09\/90000085-Sada-pro-snadnou-aplikaci-6v1-scaled.jpg","type":"image\/jpeg"}],"twitter_card":"summary_large_image","twitter_misc":{"Cena":"914.55&nbsp;&euro;","Dostupnos\u0165":"Na sklade"},"schema":{"@context":"https:\/\/schema.org","@graph":[{"@type":"WebPage","@id":"https:\/\/www.nanosol.cz\/sk\/sada-pro-snadnou-aplikaci-washwax\/","url":"https:\/\/www.nanosol.cz\/sk\/sada-pro-snadnou-aplikaci-washwax\/","name":"Sada pro snadnou aplikaci WASH 6v1 - NANOSOL","isPartOf":{"@id":"https:\/\/www.nanosol.cz\/sk\/#website"},"datePublished":"2023-11-15T04:42:24+00:00","dateModified":"2026-02-13T08:03:49+00:00","description":"Sada pro snadnou aplikaci WASH 6v1. Z\u00edsk\u00e1te \u010dist\u00e9 a sv\u011b\u017e\u00ed auto. V\u0161echny na\u0161e produkty jsou navr\u017eeny tak, aby \u010di\u0161t\u011bn\u00ed bylo co nejefektivn\u011bj\u0161\u00ed.","breadcrumb":{"@id":"https:\/\/www.nanosol.cz\/sk\/sada-pro-snadnou-aplikaci-washwax\/#breadcrumb"},"inLanguage":"sk-SK","potentialAction":[{"@type":"ReadAction","target":["https:\/\/www.nanosol.cz\/sk\/sada-pro-snadnou-aplikaci-washwax\/"]}]},{"@type":"BreadcrumbList","@id":"https:\/\/www.nanosol.cz\/sk\/sada-pro-snadnou-aplikaci-washwax\/#breadcrumb","itemListElement":[{"@type":"ListItem","position":1,"name":"Dom\u016f","item":"https:\/\/www.nanosol.cz\/sk\/"},{"@type":"ListItem","position":2,"name":"Produkty","item":"https:\/\/www.nanosol.cz\/sk\/shop\/"},{"@type":"ListItem","position":3,"name":"Sada pro snadnou aplikaci WASH 6v1"}]},{"@type":"WebSite","@id":"https:\/\/www.nanosol.cz\/sk\/#website","url":"https:\/\/www.nanosol.cz\/sk\/","name":"Nanosol SK","description":"Pr\u00e9miov\u00e9 nano p\u0159\u00edpravky a nano chemie","potentialAction":[{"@type":"SearchAction","target":{"@type":"EntryPoint","urlTemplate":"https:\/\/www.nanosol.cz\/sk\/?s={search_term_string}"},"query-input":"required name=search_term_string"}],"inLanguage":"sk-SK"}]},"product_brand":"NANOSOL","product_price_amount":"1106.61","product_price_currency":"EUR","og_availability":"instock","product_availability":"instock","product_retailer_item_id":"90000085","product_condition":"new"},"_links":{"self":[{"href":"https:\/\/www.nanosol.cz\/sk\/wp-json\/wp\/v2\/product\/27493","targetHints":{"allow":["GET"]}}],"collection":[{"href":"https:\/\/www.nanosol.cz\/sk\/wp-json\/wp\/v2\/product"}],"about":[{"href":"https:\/\/www.nanosol.cz\/sk\/wp-json\/wp\/v2\/types\/product"}],"replies":[{"embeddable":true,"href":"https:\/\/www.nanosol.cz\/sk\/wp-json\/wp\/v2\/comments?post=27493"}],"wp:featuredmedia":[{"embeddable":true,"href":"https:\/\/www.nanosol.cz\/sk\/wp-json\/wp\/v2\/media\/28456"}],"wp:attachment":[{"href":"https:\/\/www.nanosol.cz\/sk\/wp-json\/wp\/v2\/media?parent=27493"}],"wp:term":[{"taxonomy":"product_brand","embeddable":true,"href":"https:\/\/www.nanosol.cz\/sk\/wp-json\/wp\/v2\/product_brand?post=27493"},{"taxonomy":"product_cat","embeddable":true,"href":"https:\/\/www.nanosol.cz\/sk\/wp-json\/wp\/v2\/product_cat?post=27493"},{"taxonomy":"product_tag","embeddable":true,"href":"https:\/\/www.nanosol.cz\/sk\/wp-json\/wp\/v2\/product_tag?post=27493"}],"curies":[{"name":"wp","href":"https:\/\/api.w.org\/{rel}","templated":true}]}}