{"id":28032,"date":"2023-10-30T13:39:21","date_gmt":"2023-10-30T12:39:21","guid":{"rendered":"https:\/\/www.nanosol.cz\/?post_type=product&#038;p=28032"},"modified":"2025-10-25T10:42:25","modified_gmt":"2025-10-25T08:42:25","slug":"parfem-do-auta-hunter-50-ml","status":"publish","type":"product","link":"https:\/\/www.nanosol.cz\/sk\/parfem-do-auta-hunter-50-ml\/","title":{"rendered":"Parf\u00e9m do auta HUNTER 50 ml"},"content":{"rendered":"<p>Hunter &#8211; parf\u00e9m do auta, je v elegantn\u00edm sklen\u011bn\u00e9m flakonu o objemu 50 ml, s d\u0159ev\u011bn\u00fdm uz\u00e1v\u011brem, kter\u00fd je nejen praktick\u00fd, ale tak\u00e9 skv\u011ble vypad\u00e1.<\/p>\n<p>Skv\u011bl\u00e1 v\u016fn\u011b bergamotu, geranium a mechu se snoub\u00ed do jedn\u00e9 velmi p\u0159\u00edjemn\u00e9, sv\u011b\u017e\u00ed a energick\u00e9 v\u016fn\u011b, kter\u00e1 v\u00e1s bezpochyby nadchne.<\/p>\n<p>Parf\u00e9m m\u016f\u017eete nast\u0159\u00edkat p\u0159\u00edmo do auta nebo na d\u0159ev\u011bn\u00fd z\u00e1v\u011bs a v\u016fn\u011b bude intenzivn\u011bj\u0161\u00ed a dlouhotrvaj\u00edc\u00ed.<\/p>\n<h3>Pro\u010d si parf\u00e9m po\u0159\u00eddit?<\/h3>\n<ul>\n<li>Unik\u00e1tn\u00ed kombinace v\u016fn\u00ed: Bergamot, geranium a mech, kter\u00e9 tvo\u0159\u00ed sv\u011b\u017e\u00ed a energickou v\u016fni.<\/li>\n<li>Luxusn\u00ed a praktick\u00e9 balen\u00ed: Sklen\u011bn\u00fd flakon o objemu 50 ml se stylov\u00fdm d\u0159ev\u011bn\u00fdm uz\u00e1v\u011brem.<\/li>\n<li>Flexibiln\u00ed pou\u017eit\u00ed: Mo\u017enost nast\u0159\u00edk\u00e1n\u00ed parf\u00e9mu p\u0159\u00edmo do auta nebo na d\u0159ev\u011bn\u00fd z\u00e1v\u011bs pro intenzivn\u011bj\u0161\u00ed v\u016fni.<\/li>\n<li>Skv\u011bl\u00fd d\u00e1rek: Ide\u00e1ln\u00ed jako d\u00e1rek pro ka\u017ed\u00e9ho, kdo miluje sv\u016fj v\u016fz a chce, aby v n\u011bm byla st\u00e1le p\u0159\u00edjemn\u00e1 v\u016fn\u011b.<\/li>\n<\/ul>\n<p>&nbsp;<\/p>\n","protected":false},"excerpt":{"rendered":"<p>Elegantn\u00ed parf\u00e9m do auta Hunter &#8211; navr\u017een\u00fd pro v\u0161echny, kte\u0159\u00ed oce\u0148uj\u00ed v\u016fni \u010distoty a sv\u011b\u017eesti ve sv\u00e9m automobilu. Dotvo\u0159te atmosf\u00e9ru va\u0161eho vozu jedine\u010dn\u00fdm puncem luxusu a smyslnosti.<\/p>\n","protected":false},"featured_media":28159,"comment_status":"open","ping_status":"closed","template":"","meta":{"_acf_changed":false},"product_brand":[],"product_cat":[433,436],"product_tag":[],"class_list":{"0":"post-28032","1":"product","2":"type-product","3":"status-publish","4":"has-post-thumbnail","6":"product_cat-vune-do-auta-autokosmetika","7":"product_cat-vune-do-karavanu","8":"pa_vyrobce-evos","10":"first","11":"instock","12":"taxable","13":"shipping-taxable","14":"purchasable","15":"product-type-simple"},"bundled_by":[],"bundle_stock_status":"instock","bundle_stock_quantity":17,"bundle_virtual":false,"bundle_layout":"","bundle_add_to_cart_form_location":"","bundle_editable_in_cart":false,"bundle_sold_individually_context":"","bundle_item_grouping":"","bundle_min_size":"","bundle_max_size":"","bundle_price":[],"bundled_items":[],"bundle_sell_ids":[28072],"acf":[],"yoast_head":"<!-- This site is optimized with the Yoast SEO Premium plugin v21.4 (Yoast SEO v21.9.1) - https:\/\/yoast.com\/wordpress\/plugins\/seo\/ -->\n<title>Parf\u00e9m do auta HUNTER 50 ml - Nanosol SK<\/title>\n<meta name=\"robots\" content=\"index, follow, max-snippet:-1, max-image-preview:large, max-video-preview:-1\" \/>\n<link rel=\"canonical\" href=\"https:\/\/www.nanosol.cz\/sk\/parfem-do-auta-hunter-50-ml\/\" \/>\n<meta property=\"og:locale\" content=\"sk_SK\" \/>\n<meta property=\"og:type\" content=\"article\" \/>\n<meta property=\"og:title\" content=\"Parf\u00e9m do auta HUNTER 50 ml\" \/>\n<meta property=\"og:description\" content=\"Elegantn\u00ed parf\u00e9m do auta Hunter - navr\u017een\u00fd pro v\u0161echny, kte\u0159\u00ed oce\u0148uj\u00ed v\u016fni \u010distoty a sv\u011b\u017eesti ve sv\u00e9m automobilu. Dotvo\u0159te atmosf\u00e9ru va\u0161eho vozu jedine\u010dn\u00fdm puncem luxusu a smyslnosti.\" \/>\n<meta property=\"og:url\" content=\"https:\/\/www.nanosol.cz\/sk\/parfem-do-auta-hunter-50-ml\/\" \/>\n<meta property=\"og:site_name\" content=\"Nanosol SK\" \/>\n<meta property=\"article:modified_time\" content=\"2025-10-25T08:42:25+00:00\" \/>\n<meta property=\"og:image\" content=\"https:\/\/www.nanosol.cz\/sk\/wp-content\/uploads\/2023\/10\/80011055-parfem-do-auta-50ml-Hunter-Nanosol.cz_.jpeg\" \/>\n\t<meta property=\"og:image:width\" content=\"830\" \/>\n\t<meta property=\"og:image:height\" content=\"830\" \/>\n\t<meta property=\"og:image:type\" content=\"image\/jpeg\" \/>\n<meta name=\"twitter:card\" content=\"summary_large_image\" \/>\n<meta name=\"twitter:label1\" content=\"Cena\" \/>\n\t<meta name=\"twitter:data1\" content=\"197.39&nbsp;&euro;\" \/>\n\t<meta name=\"twitter:label2\" content=\"Dostupnos\u0165\" \/>\n\t<meta name=\"twitter:data2\" content=\"Na sklade\" \/>\n<script type=\"application\/ld+json\" class=\"yoast-schema-graph\">{\"@context\":\"https:\/\/schema.org\",\"@graph\":[{\"@type\":\"WebPage\",\"@id\":\"https:\/\/www.nanosol.cz\/sk\/parfem-do-auta-hunter-50-ml\/\",\"url\":\"https:\/\/www.nanosol.cz\/sk\/parfem-do-auta-hunter-50-ml\/\",\"name\":\"Parf\u00e9m do auta HUNTER 50 ml - Nanosol SK\",\"isPartOf\":{\"@id\":\"https:\/\/www.nanosol.cz\/sk\/#website\"},\"datePublished\":\"2023-10-30T12:39:21+00:00\",\"dateModified\":\"2025-10-25T08:42:25+00:00\",\"breadcrumb\":{\"@id\":\"https:\/\/www.nanosol.cz\/sk\/parfem-do-auta-hunter-50-ml\/#breadcrumb\"},\"inLanguage\":\"sk-SK\",\"potentialAction\":[{\"@type\":\"ReadAction\",\"target\":[\"https:\/\/www.nanosol.cz\/sk\/parfem-do-auta-hunter-50-ml\/\"]}]},{\"@type\":\"BreadcrumbList\",\"@id\":\"https:\/\/www.nanosol.cz\/sk\/parfem-do-auta-hunter-50-ml\/#breadcrumb\",\"itemListElement\":[{\"@type\":\"ListItem\",\"position\":1,\"name\":\"Dom\u016f\",\"item\":\"https:\/\/www.nanosol.cz\/sk\/\"},{\"@type\":\"ListItem\",\"position\":2,\"name\":\"Produkty\",\"item\":\"https:\/\/www.nanosol.cz\/sk\/shop\/\"},{\"@type\":\"ListItem\",\"position\":3,\"name\":\"Parf\u00e9m do auta HUNTER 50 ml\"}]},{\"@type\":\"WebSite\",\"@id\":\"https:\/\/www.nanosol.cz\/sk\/#website\",\"url\":\"https:\/\/www.nanosol.cz\/sk\/\",\"name\":\"Nanosol SK\",\"description\":\"Pr\u00e9miov\u00e9 nano p\u0159\u00edpravky a nano chemie\",\"potentialAction\":[{\"@type\":\"SearchAction\",\"target\":{\"@type\":\"EntryPoint\",\"urlTemplate\":\"https:\/\/www.nanosol.cz\/sk\/?s={search_term_string}\"},\"query-input\":\"required name=search_term_string\"}],\"inLanguage\":\"sk-SK\"}]}<\/script>\n<meta property=\"product:price:amount\" content=\"238.84\" \/>\n<meta property=\"product:price:currency\" content=\"EUR\" \/>\n<meta property=\"og:availability\" content=\"instock\" \/>\n<meta property=\"product:availability\" content=\"instock\" \/>\n<meta property=\"product:retailer_item_id\" content=\"80011055\" \/>\n<meta property=\"product:condition\" content=\"new\" \/>\n<!-- \/ Yoast SEO Premium plugin. -->","yoast_head_json":{"title":"Parf\u00e9m do auta HUNTER 50 ml - Nanosol SK","robots":{"index":"index","follow":"follow","max-snippet":"max-snippet:-1","max-image-preview":"max-image-preview:large","max-video-preview":"max-video-preview:-1"},"canonical":"https:\/\/www.nanosol.cz\/sk\/parfem-do-auta-hunter-50-ml\/","og_locale":"sk_SK","og_type":"article","og_title":"Parf\u00e9m do auta HUNTER 50 ml","og_description":"Elegantn\u00ed parf\u00e9m do auta Hunter - navr\u017een\u00fd pro v\u0161echny, kte\u0159\u00ed oce\u0148uj\u00ed v\u016fni \u010distoty a sv\u011b\u017eesti ve sv\u00e9m automobilu. Dotvo\u0159te atmosf\u00e9ru va\u0161eho vozu jedine\u010dn\u00fdm puncem luxusu a smyslnosti.","og_url":"https:\/\/www.nanosol.cz\/sk\/parfem-do-auta-hunter-50-ml\/","og_site_name":"Nanosol SK","article_modified_time":"2025-10-25T08:42:25+00:00","og_image":[{"width":830,"height":830,"url":"https:\/\/www.nanosol.cz\/sk\/wp-content\/uploads\/2023\/10\/80011055-parfem-do-auta-50ml-Hunter-Nanosol.cz_.jpeg","type":"image\/jpeg"}],"twitter_card":"summary_large_image","twitter_misc":{"Cena":"197.39&nbsp;&euro;","Dostupnos\u0165":"Na sklade"},"schema":{"@context":"https:\/\/schema.org","@graph":[{"@type":"WebPage","@id":"https:\/\/www.nanosol.cz\/sk\/parfem-do-auta-hunter-50-ml\/","url":"https:\/\/www.nanosol.cz\/sk\/parfem-do-auta-hunter-50-ml\/","name":"Parf\u00e9m do auta HUNTER 50 ml - Nanosol SK","isPartOf":{"@id":"https:\/\/www.nanosol.cz\/sk\/#website"},"datePublished":"2023-10-30T12:39:21+00:00","dateModified":"2025-10-25T08:42:25+00:00","breadcrumb":{"@id":"https:\/\/www.nanosol.cz\/sk\/parfem-do-auta-hunter-50-ml\/#breadcrumb"},"inLanguage":"sk-SK","potentialAction":[{"@type":"ReadAction","target":["https:\/\/www.nanosol.cz\/sk\/parfem-do-auta-hunter-50-ml\/"]}]},{"@type":"BreadcrumbList","@id":"https:\/\/www.nanosol.cz\/sk\/parfem-do-auta-hunter-50-ml\/#breadcrumb","itemListElement":[{"@type":"ListItem","position":1,"name":"Dom\u016f","item":"https:\/\/www.nanosol.cz\/sk\/"},{"@type":"ListItem","position":2,"name":"Produkty","item":"https:\/\/www.nanosol.cz\/sk\/shop\/"},{"@type":"ListItem","position":3,"name":"Parf\u00e9m do auta HUNTER 50 ml"}]},{"@type":"WebSite","@id":"https:\/\/www.nanosol.cz\/sk\/#website","url":"https:\/\/www.nanosol.cz\/sk\/","name":"Nanosol SK","description":"Pr\u00e9miov\u00e9 nano p\u0159\u00edpravky a nano chemie","potentialAction":[{"@type":"SearchAction","target":{"@type":"EntryPoint","urlTemplate":"https:\/\/www.nanosol.cz\/sk\/?s={search_term_string}"},"query-input":"required name=search_term_string"}],"inLanguage":"sk-SK"}]},"product_price_amount":"238.84","product_price_currency":"EUR","og_availability":"instock","product_availability":"instock","product_retailer_item_id":"80011055","product_condition":"new"},"_links":{"self":[{"href":"https:\/\/www.nanosol.cz\/sk\/wp-json\/wp\/v2\/product\/28032","targetHints":{"allow":["GET"]}}],"collection":[{"href":"https:\/\/www.nanosol.cz\/sk\/wp-json\/wp\/v2\/product"}],"about":[{"href":"https:\/\/www.nanosol.cz\/sk\/wp-json\/wp\/v2\/types\/product"}],"replies":[{"embeddable":true,"href":"https:\/\/www.nanosol.cz\/sk\/wp-json\/wp\/v2\/comments?post=28032"}],"wp:featuredmedia":[{"embeddable":true,"href":"https:\/\/www.nanosol.cz\/sk\/wp-json\/wp\/v2\/media\/28159"}],"wp:attachment":[{"href":"https:\/\/www.nanosol.cz\/sk\/wp-json\/wp\/v2\/media?parent=28032"}],"wp:term":[{"taxonomy":"product_brand","embeddable":true,"href":"https:\/\/www.nanosol.cz\/sk\/wp-json\/wp\/v2\/product_brand?post=28032"},{"taxonomy":"product_cat","embeddable":true,"href":"https:\/\/www.nanosol.cz\/sk\/wp-json\/wp\/v2\/product_cat?post=28032"},{"taxonomy":"product_tag","embeddable":true,"href":"https:\/\/www.nanosol.cz\/sk\/wp-json\/wp\/v2\/product_tag?post=28032"}],"curies":[{"name":"wp","href":"https:\/\/api.w.org\/{rel}","templated":true}]}}