{"id":35028,"date":"2024-10-08T15:31:57","date_gmt":"2024-10-08T13:31:57","guid":{"rendered":"https:\/\/www.nanosol.cz\/?post_type=product&#038;p=35028"},"modified":"2026-03-17T10:19:13","modified_gmt":"2026-03-17T09:19:13","slug":"sada-na-auto-autokosmetika-pro-interier-4v1","status":"publish","type":"product","link":"https:\/\/www.nanosol.cz\/sk\/sada-na-auto-autokosmetika-pro-interier-4v1\/","title":{"rendered":"Sada na auto: Autokosmetika pro INTERI\u00c9R 4v1"},"content":{"rendered":"<p>Dvojka pracant\u016f k\u00a0vy\u010di\u0161t\u011bn\u00ed a o\u0161et\u0159en\u00ed interi\u00e9ru vozu, to nab\u00edz\u00ed<strong> sada na auto: autokosmetika pro INTERI\u00c9R 4v1, <\/strong>kte\u0159\u00ed se v\u017edy hod\u00ed. Na palubovou desku, autopotahy, \u010daloun\u011bn\u00ed, koberce, v\u0161echny plastov\u00e9 a kovov\u00e9 povrchy i gumov\u00e9 prvky \u2013 prost\u011b \u00fapln\u011b cel\u00fd interi\u00e9r vy\u010dist\u00edte najednou.<\/p>\n<h2>Sada na auto: Autokosmetika pro INTERI\u00c9R 4v1 obsahuje:<\/h2>\n<ul>\n<li>S ve\u0161ker\u00fdmi plochami interi\u00e9ru a v\u0161\u00ed \u0161p\u00ednou si porad\u00ed antistatick\u00fd <strong>\u010cisti\u010d interi\u00e9ru INTERIOR<\/strong> a modr\u00e1 ut\u011brka z mikrovl\u00e1kna. Vy\u010dist\u00ed lakovan\u00e9, nelakovan\u00e9 plasty, k\u016f\u017ei i textil v interi\u00e9ru auta a zanech\u00e1 p\u0159\u00edjemnou v\u016fni. Nav\u00edc m\u00e1 antistatick\u00fd \u00fa\u010dinek, tak\u017ee se na o\u0161et\u0159en\u00e9m povrchu usazuje mnohem m\u00e9n\u011b prachu.<\/li>\n<li>Venkovn\u00ed a vnit\u0159n\u00ed autoskla obstar\u00e1 siln\u00fd <strong>\u010cisti\u010d skel GLASS <\/strong>\u00fa\u010dinn\u00fd, \u0161etrn\u00fd, odstran\u00ed i odoln\u00e9 ne\u010distoty a to beze \u0161mouh, p\u0159itom je bezoplachov\u00fd. Kvalitn\u00ed \u010disti\u010d skel v kombinaci s Magickou ut\u011brkou usnadn\u00ed pr\u00e1ci a hlavn\u011b nepo\u0161kozuje Va\u0161e auto.<\/li>\n<\/ul>\n<p>&nbsp;<\/p>\n<h2>Co tato sada neobsahuje?<\/h2>\n<p>Sady nejsou d\u00e1rkov\u00e9 tzn. nedojdou V\u00e1m v kr\u00e1sn\u00e9 \u010dern\u00e9 krabici se stuhou. Sady jsou tedy t\u00e9maticky poskl\u00e1dan\u00e9 produkty za zv\u00fdhodn\u011bnou cenu. Pokud hled\u00e1te opravdov\u00fd d\u00e1rek, vyberte si <a href=\"https:\/\/www.nanosol.cz\/darkove-balicky\/\">D\u00e1rkov\u00fd bal\u00ed\u010dek.<\/a><\/p>\n<p>&nbsp;<\/p>\n","protected":false},"excerpt":{"rendered":"<p>Sada na auto, kter\u00e1 nab\u00eddne z\u00e1\u0159iv\u00fd interi\u00e9r vozu. Dva z\u00e1kladn\u00ed produkty pro p\u00e9\u010di o skla i interi\u00e9r. Vy\u010dist\u00ed, provon\u00ed a ochr\u00e1n\u00ed.<\/p>\n","protected":false},"featured_media":35277,"comment_status":"open","ping_status":"closed","template":"","meta":{"_acf_changed":false},"product_brand":[],"product_cat":[170,297,57],"product_tag":[],"class_list":{"0":"post-35028","1":"product","2":"type-product","3":"status-publish","4":"has-post-thumbnail","6":"product_cat-autokosmetika","7":"product_cat-sady-autokosmetiky","8":"product_cat-sady","9":"pa_baleni-sada-produktu","10":"pa_pocet-kusu-v-krabici-4v1","11":"pa_znacka-nanosol","13":"first","14":"instock","15":"taxable","16":"shipping-taxable","17":"purchasable","18":"product-type-bundle"},"bundled_by":[],"bundle_stock_status":"instock","bundle_stock_quantity":405,"bundle_virtual":false,"bundle_layout":"default","bundle_add_to_cart_form_location":"default","bundle_editable_in_cart":false,"bundle_sold_individually_context":"product","bundle_item_grouping":"parent","bundle_min_size":"","bundle_max_size":"","bundle_price":{"price":{"min":{"incl_tax":"415.96","excl_tax":"415.958678"},"max":{"incl_tax":"415.96","excl_tax":"415.958678"}},"regular_price":{"min":{"incl_tax":"415.96","excl_tax":"415.958678"},"max":{"incl_tax":"415.96","excl_tax":"415.958678"}}},"bundled_items":[{"bundled_item_id":478,"product_id":24265,"menu_order":0,"quantity_min":1,"quantity_max":1,"quantity_default":1,"priced_individually":false,"shipped_individually":false,"override_title":false,"title":"\u010cisti\u010d skel GLASS","override_description":false,"description":"","optional":false,"hide_thumbnail":false,"discount":"","override_variations":false,"allowed_variations":[],"override_default_variation_attributes":false,"default_variation_attributes":[],"single_product_visibility":"visible","cart_visibility":"visible","order_visibility":"visible","single_product_price_visibility":"visible","cart_price_visibility":"visible","order_price_visibility":"visible","stock_status":"in_stock"},{"bundled_item_id":479,"product_id":21266,"menu_order":1,"quantity_min":1,"quantity_max":1,"quantity_default":1,"priced_individually":false,"shipped_individually":false,"override_title":false,"title":"\u010cisti\u010d interi\u00e9ru auta INTERIOR s antistatick\u00fdm \u00fa\u010dinkem","override_description":false,"description":"","optional":false,"hide_thumbnail":false,"discount":"","override_variations":false,"allowed_variations":[],"override_default_variation_attributes":false,"default_variation_attributes":[],"single_product_visibility":"visible","cart_visibility":"visible","order_visibility":"visible","single_product_price_visibility":"visible","cart_price_visibility":"visible","order_price_visibility":"visible","stock_status":"in_stock"},{"bundled_item_id":480,"product_id":20769,"menu_order":2,"quantity_min":1,"quantity_max":1,"quantity_default":1,"priced_individually":false,"shipped_individually":false,"override_title":false,"title":"Ut\u011brka z mikrovl\u00e1kna modr\u00e1","override_description":false,"description":"","optional":false,"hide_thumbnail":false,"discount":"","override_variations":false,"allowed_variations":[],"override_default_variation_attributes":false,"default_variation_attributes":[],"single_product_visibility":"visible","cart_visibility":"visible","order_visibility":"visible","single_product_price_visibility":"visible","cart_price_visibility":"visible","order_price_visibility":"visible","stock_status":"in_stock"},{"bundled_item_id":481,"product_id":23327,"menu_order":3,"quantity_min":1,"quantity_max":1,"quantity_default":1,"priced_individually":false,"shipped_individually":false,"override_title":false,"title":"Magick\u00e1 ut\u011brka na sklo \u017elut\u00e1","override_description":false,"description":"","optional":false,"hide_thumbnail":false,"discount":"","override_variations":false,"allowed_variations":[],"override_default_variation_attributes":false,"default_variation_attributes":[],"single_product_visibility":"visible","cart_visibility":"visible","order_visibility":"visible","single_product_price_visibility":"visible","cart_price_visibility":"visible","order_price_visibility":"visible","stock_status":"in_stock"}],"bundle_sell_ids":[],"acf":[],"yoast_head":"<!-- This site is optimized with the Yoast SEO Premium plugin v21.4 (Yoast SEO v21.9.1) - https:\/\/yoast.com\/wordpress\/plugins\/seo\/ -->\n<title>Sada na auto: Autokosmetika pro INTERI\u00c9R 4v1 - NANOSOL<\/title>\n<meta name=\"description\" content=\"Sada na auto: Autokosmetika pro INTERI\u00c9R 4v1\u00a0 pro z\u00e1\u0159iv\u00fd interi\u00e9r vozu. Dva z\u00e1kladn\u00ed produkty pro p\u00e9\u010di o skla i interi\u00e9r. Vy\u010dist\u00ed, provon\u00ed a ochr\u00e1n\u00ed.\" \/>\n<meta name=\"robots\" content=\"index, follow, max-snippet:-1, max-image-preview:large, max-video-preview:-1\" \/>\n<link rel=\"canonical\" href=\"https:\/\/www.nanosol.cz\/sk\/sada-na-auto-autokosmetika-pro-interier-4v1\/\" \/>\n<meta property=\"og:locale\" content=\"sk_SK\" \/>\n<meta property=\"og:type\" content=\"article\" \/>\n<meta property=\"og:title\" content=\"Sada na auto: Autokosmetika pro INTERI\u00c9R 4v1\" \/>\n<meta property=\"og:description\" content=\"Sada na auto: Autokosmetika pro INTERI\u00c9R 4v1\u00a0 pro z\u00e1\u0159iv\u00fd interi\u00e9r vozu. Dva z\u00e1kladn\u00ed produkty pro p\u00e9\u010di o skla i interi\u00e9r. Vy\u010dist\u00ed, provon\u00ed a ochr\u00e1n\u00ed.\" \/>\n<meta property=\"og:url\" content=\"https:\/\/www.nanosol.cz\/sk\/sada-na-auto-autokosmetika-pro-interier-4v1\/\" \/>\n<meta property=\"og:site_name\" content=\"Nanosol SK\" \/>\n<meta property=\"article:modified_time\" content=\"2026-03-17T09:19:13+00:00\" \/>\n<meta property=\"og:image\" content=\"https:\/\/www.nanosol.cz\/sk\/wp-content\/uploads\/2024\/09\/90000100-Sada-na-auto-Autokosmetika-pro-INTERIER-4v1-scaled.jpg\" \/>\n\t<meta property=\"og:image:width\" content=\"1990\" \/>\n\t<meta property=\"og:image:height\" content=\"1990\" \/>\n\t<meta property=\"og:image:type\" content=\"image\/jpeg\" \/>\n<meta name=\"twitter:card\" content=\"summary_large_image\" \/>\n<meta name=\"twitter:label1\" content=\"Cena\" \/>\n\t<meta name=\"twitter:data1\" content=\"415.96&nbsp;&euro;\" \/>\n\t<meta name=\"twitter:label2\" content=\"Dostupnos\u0165\" \/>\n\t<meta name=\"twitter:data2\" content=\"Na sklade\" \/>\n<script type=\"application\/ld+json\" class=\"yoast-schema-graph\">{\"@context\":\"https:\/\/schema.org\",\"@graph\":[{\"@type\":\"WebPage\",\"@id\":\"https:\/\/www.nanosol.cz\/sk\/sada-na-auto-autokosmetika-pro-interier-4v1\/\",\"url\":\"https:\/\/www.nanosol.cz\/sk\/sada-na-auto-autokosmetika-pro-interier-4v1\/\",\"name\":\"Sada na auto: Autokosmetika pro INTERI\u00c9R 4v1 - NANOSOL\",\"isPartOf\":{\"@id\":\"https:\/\/www.nanosol.cz\/sk\/#website\"},\"datePublished\":\"2024-10-08T13:31:57+00:00\",\"dateModified\":\"2026-03-17T09:19:13+00:00\",\"description\":\"Sada na auto: Autokosmetika pro INTERI\u00c9R 4v1\u00a0 pro z\u00e1\u0159iv\u00fd interi\u00e9r vozu. Dva z\u00e1kladn\u00ed produkty pro p\u00e9\u010di o skla i interi\u00e9r. Vy\u010dist\u00ed, provon\u00ed a ochr\u00e1n\u00ed.\",\"breadcrumb\":{\"@id\":\"https:\/\/www.nanosol.cz\/sk\/sada-na-auto-autokosmetika-pro-interier-4v1\/#breadcrumb\"},\"inLanguage\":\"sk-SK\",\"potentialAction\":[{\"@type\":\"ReadAction\",\"target\":[\"https:\/\/www.nanosol.cz\/sk\/sada-na-auto-autokosmetika-pro-interier-4v1\/\"]}]},{\"@type\":\"BreadcrumbList\",\"@id\":\"https:\/\/www.nanosol.cz\/sk\/sada-na-auto-autokosmetika-pro-interier-4v1\/#breadcrumb\",\"itemListElement\":[{\"@type\":\"ListItem\",\"position\":1,\"name\":\"Dom\u016f\",\"item\":\"https:\/\/www.nanosol.cz\/sk\/\"},{\"@type\":\"ListItem\",\"position\":2,\"name\":\"Produkty\",\"item\":\"https:\/\/www.nanosol.cz\/sk\/shop\/\"},{\"@type\":\"ListItem\",\"position\":3,\"name\":\"Sada na auto: Autokosmetika pro INTERI\u00c9R 4v1\"}]},{\"@type\":\"WebSite\",\"@id\":\"https:\/\/www.nanosol.cz\/sk\/#website\",\"url\":\"https:\/\/www.nanosol.cz\/sk\/\",\"name\":\"Nanosol SK\",\"description\":\"Pr\u00e9miov\u00e9 nano p\u0159\u00edpravky a nano chemie\",\"potentialAction\":[{\"@type\":\"SearchAction\",\"target\":{\"@type\":\"EntryPoint\",\"urlTemplate\":\"https:\/\/www.nanosol.cz\/sk\/?s={search_term_string}\"},\"query-input\":\"required name=search_term_string\"}],\"inLanguage\":\"sk-SK\"}]}<\/script>\n<meta property=\"product:brand\" content=\"NANOSOL\" \/>\n<meta property=\"product:price:amount\" content=\"503.31\" \/>\n<meta property=\"product:price:currency\" content=\"EUR\" \/>\n<meta property=\"og:availability\" content=\"instock\" \/>\n<meta property=\"product:availability\" content=\"instock\" \/>\n<meta property=\"product:retailer_item_id\" content=\"90000100\" \/>\n<meta property=\"product:condition\" content=\"new\" \/>\n<!-- \/ Yoast SEO Premium plugin. -->","yoast_head_json":{"title":"Sada na auto: Autokosmetika pro INTERI\u00c9R 4v1 - NANOSOL","description":"Sada na auto: Autokosmetika pro INTERI\u00c9R 4v1\u00a0 pro z\u00e1\u0159iv\u00fd interi\u00e9r vozu. Dva z\u00e1kladn\u00ed produkty pro p\u00e9\u010di o skla i interi\u00e9r. Vy\u010dist\u00ed, provon\u00ed a ochr\u00e1n\u00ed.","robots":{"index":"index","follow":"follow","max-snippet":"max-snippet:-1","max-image-preview":"max-image-preview:large","max-video-preview":"max-video-preview:-1"},"canonical":"https:\/\/www.nanosol.cz\/sk\/sada-na-auto-autokosmetika-pro-interier-4v1\/","og_locale":"sk_SK","og_type":"article","og_title":"Sada na auto: Autokosmetika pro INTERI\u00c9R 4v1","og_description":"Sada na auto: Autokosmetika pro INTERI\u00c9R 4v1\u00a0 pro z\u00e1\u0159iv\u00fd interi\u00e9r vozu. Dva z\u00e1kladn\u00ed produkty pro p\u00e9\u010di o skla i interi\u00e9r. Vy\u010dist\u00ed, provon\u00ed a ochr\u00e1n\u00ed.","og_url":"https:\/\/www.nanosol.cz\/sk\/sada-na-auto-autokosmetika-pro-interier-4v1\/","og_site_name":"Nanosol SK","article_modified_time":"2026-03-17T09:19:13+00:00","og_image":[{"width":1990,"height":1990,"url":"https:\/\/www.nanosol.cz\/sk\/wp-content\/uploads\/2024\/09\/90000100-Sada-na-auto-Autokosmetika-pro-INTERIER-4v1-scaled.jpg","type":"image\/jpeg"}],"twitter_card":"summary_large_image","twitter_misc":{"Cena":"415.96&nbsp;&euro;","Dostupnos\u0165":"Na sklade"},"schema":{"@context":"https:\/\/schema.org","@graph":[{"@type":"WebPage","@id":"https:\/\/www.nanosol.cz\/sk\/sada-na-auto-autokosmetika-pro-interier-4v1\/","url":"https:\/\/www.nanosol.cz\/sk\/sada-na-auto-autokosmetika-pro-interier-4v1\/","name":"Sada na auto: Autokosmetika pro INTERI\u00c9R 4v1 - NANOSOL","isPartOf":{"@id":"https:\/\/www.nanosol.cz\/sk\/#website"},"datePublished":"2024-10-08T13:31:57+00:00","dateModified":"2026-03-17T09:19:13+00:00","description":"Sada na auto: Autokosmetika pro INTERI\u00c9R 4v1\u00a0 pro z\u00e1\u0159iv\u00fd interi\u00e9r vozu. Dva z\u00e1kladn\u00ed produkty pro p\u00e9\u010di o skla i interi\u00e9r. Vy\u010dist\u00ed, provon\u00ed a ochr\u00e1n\u00ed.","breadcrumb":{"@id":"https:\/\/www.nanosol.cz\/sk\/sada-na-auto-autokosmetika-pro-interier-4v1\/#breadcrumb"},"inLanguage":"sk-SK","potentialAction":[{"@type":"ReadAction","target":["https:\/\/www.nanosol.cz\/sk\/sada-na-auto-autokosmetika-pro-interier-4v1\/"]}]},{"@type":"BreadcrumbList","@id":"https:\/\/www.nanosol.cz\/sk\/sada-na-auto-autokosmetika-pro-interier-4v1\/#breadcrumb","itemListElement":[{"@type":"ListItem","position":1,"name":"Dom\u016f","item":"https:\/\/www.nanosol.cz\/sk\/"},{"@type":"ListItem","position":2,"name":"Produkty","item":"https:\/\/www.nanosol.cz\/sk\/shop\/"},{"@type":"ListItem","position":3,"name":"Sada na auto: Autokosmetika pro INTERI\u00c9R 4v1"}]},{"@type":"WebSite","@id":"https:\/\/www.nanosol.cz\/sk\/#website","url":"https:\/\/www.nanosol.cz\/sk\/","name":"Nanosol SK","description":"Pr\u00e9miov\u00e9 nano p\u0159\u00edpravky a nano chemie","potentialAction":[{"@type":"SearchAction","target":{"@type":"EntryPoint","urlTemplate":"https:\/\/www.nanosol.cz\/sk\/?s={search_term_string}"},"query-input":"required name=search_term_string"}],"inLanguage":"sk-SK"}]},"product_brand":"NANOSOL","product_price_amount":"503.31","product_price_currency":"EUR","og_availability":"instock","product_availability":"instock","product_retailer_item_id":"90000100","product_condition":"new"},"_links":{"self":[{"href":"https:\/\/www.nanosol.cz\/sk\/wp-json\/wp\/v2\/product\/35028","targetHints":{"allow":["GET"]}}],"collection":[{"href":"https:\/\/www.nanosol.cz\/sk\/wp-json\/wp\/v2\/product"}],"about":[{"href":"https:\/\/www.nanosol.cz\/sk\/wp-json\/wp\/v2\/types\/product"}],"replies":[{"embeddable":true,"href":"https:\/\/www.nanosol.cz\/sk\/wp-json\/wp\/v2\/comments?post=35028"}],"wp:featuredmedia":[{"embeddable":true,"href":"https:\/\/www.nanosol.cz\/sk\/wp-json\/wp\/v2\/media\/35277"}],"wp:attachment":[{"href":"https:\/\/www.nanosol.cz\/sk\/wp-json\/wp\/v2\/media?parent=35028"}],"wp:term":[{"taxonomy":"product_brand","embeddable":true,"href":"https:\/\/www.nanosol.cz\/sk\/wp-json\/wp\/v2\/product_brand?post=35028"},{"taxonomy":"product_cat","embeddable":true,"href":"https:\/\/www.nanosol.cz\/sk\/wp-json\/wp\/v2\/product_cat?post=35028"},{"taxonomy":"product_tag","embeddable":true,"href":"https:\/\/www.nanosol.cz\/sk\/wp-json\/wp\/v2\/product_tag?post=35028"}],"curies":[{"name":"wp","href":"https:\/\/api.w.org\/{rel}","templated":true}]}}