{"id":35029,"date":"2024-10-08T15:23:56","date_gmt":"2024-10-08T13:23:56","guid":{"rendered":"https:\/\/www.nanosol.cz\/?post_type=product&#038;p=35029"},"modified":"2026-03-18T10:51:27","modified_gmt":"2026-03-18T09:51:27","slug":"sada-na-auto-nanokosmetiky-5v1-pro-exterier","status":"publish","type":"product","link":"https:\/\/www.nanosol.cz\/sk\/sada-na-auto-nanokosmetiky-5v1-pro-exterier\/","title":{"rendered":"Sada na auto NANOkosmetiky pro EXTERI\u00c9R 5v1"},"content":{"rendered":"<p>Pokud se r\u00e1di star\u00e1te o sv\u016fj v\u016fz, tato sada je p\u0159esn\u011b to prav\u00e9! Komplexn\u00ed p\u00e9\u010de v jednom balen\u00ed. Na\u0161e sada obsahuje p\u011bt precizn\u011b vybran\u00fdch produkt\u016f, kter\u00e9 jsou navr\u017eeny tak, aby pe\u010dovaly o ka\u017ed\u00fd kousek Va\u0161eho vozu. Od odstran\u011bn\u00ed ne\u010distot a\u017e po ochrann\u00e9 vrstvy, m\u00e1te v\u0161e, co pot\u0159ebujete pro dokonal\u00fd vzhled.<\/p>\n<h2>Co sada na auto NANO 5v1 kosmetiky EXTERI\u00c9R obsahuje?<\/h2>\n<ul>\n<li><strong>Auto\u0161ampon pH neutr\u00e1ln\u00ed<\/strong>, kter\u00fd je vhodn\u00fd na \u010dast\u00e9 kompletn\u00ed myt\u00ed auta. S ut\u011brkou z mikrovl\u00e1kna, m\u016f\u017eete odstranit hrub\u0161\u00ed ne\u010distoty.<\/li>\n<li><strong>NANOst\u011bra\u010de<\/strong> pot\u00e9 pomohou s ochranou skla a hlavn\u011b V\u00e1s p\u0159ekvap\u00ed to, \u017ee p\u0159i rychlosti nad 60 km\/h prost\u011b nebudete muset p\u0159i de\u0161ti nebo sn\u011b\u017een\u00ed zap\u00ednat st\u011bra\u010de. Nav\u00edc vydr\u017e\u00ed minim\u00e1ln\u011b rok na p\u0159edn\u00edm skle auta.<\/li>\n<li>Pro velkou oblibu v bal\u00ed\u010dku tak\u00e9 najdete <strong>NANO vosk na auto<\/strong>, kter\u00fd V\u00e1m ochr\u00e1n\u00ed lak automobilu minim\u00e1ln\u011b na 6 m\u011bs\u00edc\u016f a k n\u011bmu beze\u0161vou ut\u011brku z mikrovl\u00e1kna.<\/li>\n<\/ul>\n<h2>Co tato sada neobsahuje?<\/h2>\n<p>Sady nejsou d\u00e1rkov\u00e9 tzn. nedojdou V\u00e1m v kr\u00e1sn\u00e9 \u010dern\u00e9 krabici se stuhou. Sady jsou tedy t\u00e9maticky poskl\u00e1dan\u00e9 produkty za zv\u00fdhodn\u011bnou cenu. Pokud hled\u00e1te opravdov\u00fd d\u00e1rek, vyberte si <a href=\"https:\/\/www.nanosol.cz\/darkove-balicky\/\">D\u00e1rkov\u00fd bal\u00ed\u010dek<\/a>.<\/p>\n<p>&nbsp;<\/p>\n","protected":false},"excerpt":{"rendered":"<p>Pokud se <strong>r\u00e1di star\u00e1te o sv\u016fj v\u016fz<\/strong>, tato sada je p\u0159esn\u011b to prav\u00e9! Na\u0161e sada obsahuje p\u011bt precizn\u011b vybran\u00fdch produkt\u016f, kter\u00e9 jsou navr\u017eeny tak, aby pe\u010dovaly o ka\u017ed\u00fd kousek Va\u0161eho vozu.<\/p>\n<p>&nbsp;<\/p>\n","protected":false},"featured_media":35275,"comment_status":"open","ping_status":"closed","template":"","meta":{"_acf_changed":false},"product_brand":[],"product_cat":[170,297,179,57],"product_tag":[63],"class_list":{"0":"post-35029","1":"product","2":"type-product","3":"status-publish","4":"has-post-thumbnail","6":"product_cat-autokosmetika","7":"product_cat-sady-autokosmetiky","8":"product_cat-nano-kosmetika","9":"product_cat-sady","10":"product_tag-novinka","11":"pa_baleni-sada-produktu","12":"pa_znacka-nanosol","14":"first","15":"instock","16":"taxable","17":"shipping-taxable","18":"purchasable","19":"product-type-bundle"},"bundled_by":[],"bundle_stock_status":"instock","bundle_stock_quantity":1032,"bundle_virtual":false,"bundle_layout":"default","bundle_add_to_cart_form_location":"default","bundle_editable_in_cart":false,"bundle_sold_individually_context":"product","bundle_item_grouping":"parent","bundle_min_size":"","bundle_max_size":"","bundle_price":{"price":{"min":{"incl_tax":"668.67","excl_tax":"668.669421"},"max":{"incl_tax":"668.67","excl_tax":"668.669421"}},"regular_price":{"min":{"incl_tax":"668.67","excl_tax":"668.669421"},"max":{"incl_tax":"668.67","excl_tax":"668.669421"}}},"bundled_items":[{"bundled_item_id":482,"product_id":21020,"menu_order":0,"quantity_min":1,"quantity_max":1,"quantity_default":1,"priced_individually":false,"shipped_individually":false,"override_title":false,"title":"Auto\u0161ampon pH neutr\u00e1ln\u00ed 500ml","override_description":false,"description":"","optional":false,"hide_thumbnail":false,"discount":"","override_variations":false,"allowed_variations":[],"override_default_variation_attributes":false,"default_variation_attributes":[],"single_product_visibility":"visible","cart_visibility":"visible","order_visibility":"visible","single_product_price_visibility":"visible","cart_price_visibility":"visible","order_price_visibility":"visible","stock_status":"in_stock"},{"bundled_item_id":483,"product_id":21023,"menu_order":1,"quantity_min":1,"quantity_max":1,"quantity_default":1,"priced_individually":false,"shipped_individually":false,"override_title":false,"title":"NANO vosk na auto 250 ml","override_description":false,"description":"","optional":false,"hide_thumbnail":false,"discount":"","override_variations":false,"allowed_variations":[],"override_default_variation_attributes":false,"default_variation_attributes":[],"single_product_visibility":"visible","cart_visibility":"visible","order_visibility":"visible","single_product_price_visibility":"visible","cart_price_visibility":"visible","order_price_visibility":"visible","stock_status":"in_stock"},{"bundled_item_id":484,"product_id":20568,"menu_order":2,"quantity_min":1,"quantity_max":1,"quantity_default":1,"priced_individually":false,"shipped_individually":false,"override_title":false,"title":"Nanost\u011bra\u010de","override_description":false,"description":"","optional":false,"hide_thumbnail":false,"discount":"","override_variations":false,"allowed_variations":[],"override_default_variation_attributes":false,"default_variation_attributes":[],"single_product_visibility":"visible","cart_visibility":"visible","order_visibility":"visible","single_product_price_visibility":"visible","cart_price_visibility":"visible","order_price_visibility":"visible","stock_status":"in_stock"},{"bundled_item_id":593,"product_id":22777,"menu_order":3,"quantity_min":1,"quantity_max":1,"quantity_default":1,"priced_individually":false,"shipped_individually":false,"override_title":false,"title":"NANOPREP \u010disti\u010d povrch\u016f 25ml","override_description":false,"description":"","optional":false,"hide_thumbnail":false,"discount":"","override_variations":false,"allowed_variations":[],"override_default_variation_attributes":false,"default_variation_attributes":[],"single_product_visibility":"visible","cart_visibility":"visible","order_visibility":"visible","single_product_price_visibility":"visible","cart_price_visibility":"visible","order_price_visibility":"visible","stock_status":"in_stock"},{"bundled_item_id":594,"product_id":21673,"menu_order":4,"quantity_min":1,"quantity_max":1,"quantity_default":1,"priced_individually":false,"shipped_individually":false,"override_title":false,"title":"Beze\u0161v\u00e1 ut\u011brka z mikrovl\u00e1kna PREMIUM","override_description":false,"description":"","optional":false,"hide_thumbnail":false,"discount":"","override_variations":false,"allowed_variations":[],"override_default_variation_attributes":false,"default_variation_attributes":[],"single_product_visibility":"visible","cart_visibility":"visible","order_visibility":"visible","single_product_price_visibility":"visible","cart_price_visibility":"visible","order_price_visibility":"visible","stock_status":"in_stock"},{"bundled_item_id":595,"product_id":20769,"menu_order":5,"quantity_min":1,"quantity_max":1,"quantity_default":1,"priced_individually":false,"shipped_individually":false,"override_title":false,"title":"Ut\u011brka z mikrovl\u00e1kna modr\u00e1","override_description":false,"description":"","optional":false,"hide_thumbnail":false,"discount":"","override_variations":false,"allowed_variations":[],"override_default_variation_attributes":false,"default_variation_attributes":[],"single_product_visibility":"visible","cart_visibility":"visible","order_visibility":"visible","single_product_price_visibility":"visible","cart_price_visibility":"visible","order_price_visibility":"visible","stock_status":"in_stock"}],"bundle_sell_ids":[],"acf":[],"yoast_head":"<!-- This site is optimized with the Yoast SEO Premium plugin v21.4 (Yoast SEO v21.9.1) - https:\/\/yoast.com\/wordpress\/plugins\/seo\/ -->\n<title>Sada na auto NANOkosmetiky pro EXTERI\u00c9R 5v1 - NANOSOL<\/title>\n<meta name=\"description\" content=\"Pokud se r\u00e1di star\u00e1te o sv\u016fj v\u016fz, sada na auto NANOkosmetiky pro EXTERI\u00c9R 5v1 je p\u0159esn\u011b to prav\u00e9! Komplexn\u00ed p\u00e9\u010de v jednom balen\u00ed.\" \/>\n<meta name=\"robots\" content=\"index, follow, max-snippet:-1, max-image-preview:large, max-video-preview:-1\" \/>\n<link rel=\"canonical\" href=\"https:\/\/www.nanosol.cz\/sk\/sada-na-auto-nanokosmetiky-5v1-pro-exterier\/\" \/>\n<meta property=\"og:locale\" content=\"sk_SK\" \/>\n<meta property=\"og:type\" content=\"article\" \/>\n<meta property=\"og:title\" content=\"Sada na auto NANOkosmetiky pro EXTERI\u00c9R 5v1\" \/>\n<meta property=\"og:description\" content=\"Pokud se r\u00e1di star\u00e1te o sv\u016fj v\u016fz, sada na auto NANOkosmetiky pro EXTERI\u00c9R 5v1 je p\u0159esn\u011b to prav\u00e9! Komplexn\u00ed p\u00e9\u010de v jednom balen\u00ed.\" \/>\n<meta property=\"og:url\" content=\"https:\/\/www.nanosol.cz\/sk\/sada-na-auto-nanokosmetiky-5v1-pro-exterier\/\" \/>\n<meta property=\"og:site_name\" content=\"Nanosol SK\" \/>\n<meta property=\"article:modified_time\" content=\"2026-03-18T09:51:27+00:00\" \/>\n<meta property=\"og:image\" content=\"https:\/\/www.nanosol.cz\/sk\/wp-content\/uploads\/2024\/10\/90000101-Sada-na-auto-NANO-5v1-exterier-1-scaled.jpg\" \/>\n\t<meta property=\"og:image:width\" content=\"1990\" \/>\n\t<meta property=\"og:image:height\" content=\"1990\" \/>\n\t<meta property=\"og:image:type\" content=\"image\/jpeg\" \/>\n<meta name=\"twitter:card\" content=\"summary_large_image\" \/>\n<meta name=\"twitter:label1\" content=\"Cena\" \/>\n\t<meta name=\"twitter:data1\" content=\"668.67&nbsp;&euro;\" \/>\n\t<meta name=\"twitter:label2\" content=\"Dostupnos\u0165\" \/>\n\t<meta name=\"twitter:data2\" content=\"Na sklade\" \/>\n<script type=\"application\/ld+json\" class=\"yoast-schema-graph\">{\"@context\":\"https:\/\/schema.org\",\"@graph\":[{\"@type\":\"WebPage\",\"@id\":\"https:\/\/www.nanosol.cz\/sk\/sada-na-auto-nanokosmetiky-5v1-pro-exterier\/\",\"url\":\"https:\/\/www.nanosol.cz\/sk\/sada-na-auto-nanokosmetiky-5v1-pro-exterier\/\",\"name\":\"Sada na auto NANOkosmetiky pro EXTERI\u00c9R 5v1 - NANOSOL\",\"isPartOf\":{\"@id\":\"https:\/\/www.nanosol.cz\/sk\/#website\"},\"datePublished\":\"2024-10-08T13:23:56+00:00\",\"dateModified\":\"2026-03-18T09:51:27+00:00\",\"description\":\"Pokud se r\u00e1di star\u00e1te o sv\u016fj v\u016fz, sada na auto NANOkosmetiky pro EXTERI\u00c9R 5v1 je p\u0159esn\u011b to prav\u00e9! Komplexn\u00ed p\u00e9\u010de v jednom balen\u00ed.\",\"breadcrumb\":{\"@id\":\"https:\/\/www.nanosol.cz\/sk\/sada-na-auto-nanokosmetiky-5v1-pro-exterier\/#breadcrumb\"},\"inLanguage\":\"sk-SK\",\"potentialAction\":[{\"@type\":\"ReadAction\",\"target\":[\"https:\/\/www.nanosol.cz\/sk\/sada-na-auto-nanokosmetiky-5v1-pro-exterier\/\"]}]},{\"@type\":\"BreadcrumbList\",\"@id\":\"https:\/\/www.nanosol.cz\/sk\/sada-na-auto-nanokosmetiky-5v1-pro-exterier\/#breadcrumb\",\"itemListElement\":[{\"@type\":\"ListItem\",\"position\":1,\"name\":\"Dom\u016f\",\"item\":\"https:\/\/www.nanosol.cz\/sk\/\"},{\"@type\":\"ListItem\",\"position\":2,\"name\":\"Produkty\",\"item\":\"https:\/\/www.nanosol.cz\/sk\/shop\/\"},{\"@type\":\"ListItem\",\"position\":3,\"name\":\"Sada na auto NANOkosmetiky pro EXTERI\u00c9R 5v1\"}]},{\"@type\":\"WebSite\",\"@id\":\"https:\/\/www.nanosol.cz\/sk\/#website\",\"url\":\"https:\/\/www.nanosol.cz\/sk\/\",\"name\":\"Nanosol SK\",\"description\":\"Pr\u00e9miov\u00e9 nano p\u0159\u00edpravky a nano chemie\",\"potentialAction\":[{\"@type\":\"SearchAction\",\"target\":{\"@type\":\"EntryPoint\",\"urlTemplate\":\"https:\/\/www.nanosol.cz\/sk\/?s={search_term_string}\"},\"query-input\":\"required name=search_term_string\"}],\"inLanguage\":\"sk-SK\"}]}<\/script>\n<meta property=\"product:brand\" content=\"NANOSOL\" \/>\n<meta property=\"product:price:amount\" content=\"809.09\" \/>\n<meta property=\"product:price:currency\" content=\"EUR\" \/>\n<meta property=\"og:availability\" content=\"instock\" \/>\n<meta property=\"product:availability\" content=\"instock\" \/>\n<meta property=\"product:retailer_item_id\" content=\"90000101\" \/>\n<meta property=\"product:condition\" content=\"new\" \/>\n<!-- \/ Yoast SEO Premium plugin. -->","yoast_head_json":{"title":"Sada na auto NANOkosmetiky pro EXTERI\u00c9R 5v1 - NANOSOL","description":"Pokud se r\u00e1di star\u00e1te o sv\u016fj v\u016fz, sada na auto NANOkosmetiky pro EXTERI\u00c9R 5v1 je p\u0159esn\u011b to prav\u00e9! Komplexn\u00ed p\u00e9\u010de v jednom balen\u00ed.","robots":{"index":"index","follow":"follow","max-snippet":"max-snippet:-1","max-image-preview":"max-image-preview:large","max-video-preview":"max-video-preview:-1"},"canonical":"https:\/\/www.nanosol.cz\/sk\/sada-na-auto-nanokosmetiky-5v1-pro-exterier\/","og_locale":"sk_SK","og_type":"article","og_title":"Sada na auto NANOkosmetiky pro EXTERI\u00c9R 5v1","og_description":"Pokud se r\u00e1di star\u00e1te o sv\u016fj v\u016fz, sada na auto NANOkosmetiky pro EXTERI\u00c9R 5v1 je p\u0159esn\u011b to prav\u00e9! Komplexn\u00ed p\u00e9\u010de v jednom balen\u00ed.","og_url":"https:\/\/www.nanosol.cz\/sk\/sada-na-auto-nanokosmetiky-5v1-pro-exterier\/","og_site_name":"Nanosol SK","article_modified_time":"2026-03-18T09:51:27+00:00","og_image":[{"width":1990,"height":1990,"url":"https:\/\/www.nanosol.cz\/sk\/wp-content\/uploads\/2024\/10\/90000101-Sada-na-auto-NANO-5v1-exterier-1-scaled.jpg","type":"image\/jpeg"}],"twitter_card":"summary_large_image","twitter_misc":{"Cena":"668.67&nbsp;&euro;","Dostupnos\u0165":"Na sklade"},"schema":{"@context":"https:\/\/schema.org","@graph":[{"@type":"WebPage","@id":"https:\/\/www.nanosol.cz\/sk\/sada-na-auto-nanokosmetiky-5v1-pro-exterier\/","url":"https:\/\/www.nanosol.cz\/sk\/sada-na-auto-nanokosmetiky-5v1-pro-exterier\/","name":"Sada na auto NANOkosmetiky pro EXTERI\u00c9R 5v1 - NANOSOL","isPartOf":{"@id":"https:\/\/www.nanosol.cz\/sk\/#website"},"datePublished":"2024-10-08T13:23:56+00:00","dateModified":"2026-03-18T09:51:27+00:00","description":"Pokud se r\u00e1di star\u00e1te o sv\u016fj v\u016fz, sada na auto NANOkosmetiky pro EXTERI\u00c9R 5v1 je p\u0159esn\u011b to prav\u00e9! Komplexn\u00ed p\u00e9\u010de v jednom balen\u00ed.","breadcrumb":{"@id":"https:\/\/www.nanosol.cz\/sk\/sada-na-auto-nanokosmetiky-5v1-pro-exterier\/#breadcrumb"},"inLanguage":"sk-SK","potentialAction":[{"@type":"ReadAction","target":["https:\/\/www.nanosol.cz\/sk\/sada-na-auto-nanokosmetiky-5v1-pro-exterier\/"]}]},{"@type":"BreadcrumbList","@id":"https:\/\/www.nanosol.cz\/sk\/sada-na-auto-nanokosmetiky-5v1-pro-exterier\/#breadcrumb","itemListElement":[{"@type":"ListItem","position":1,"name":"Dom\u016f","item":"https:\/\/www.nanosol.cz\/sk\/"},{"@type":"ListItem","position":2,"name":"Produkty","item":"https:\/\/www.nanosol.cz\/sk\/shop\/"},{"@type":"ListItem","position":3,"name":"Sada na auto NANOkosmetiky pro EXTERI\u00c9R 5v1"}]},{"@type":"WebSite","@id":"https:\/\/www.nanosol.cz\/sk\/#website","url":"https:\/\/www.nanosol.cz\/sk\/","name":"Nanosol SK","description":"Pr\u00e9miov\u00e9 nano p\u0159\u00edpravky a nano chemie","potentialAction":[{"@type":"SearchAction","target":{"@type":"EntryPoint","urlTemplate":"https:\/\/www.nanosol.cz\/sk\/?s={search_term_string}"},"query-input":"required name=search_term_string"}],"inLanguage":"sk-SK"}]},"product_brand":"NANOSOL","product_price_amount":"809.09","product_price_currency":"EUR","og_availability":"instock","product_availability":"instock","product_retailer_item_id":"90000101","product_condition":"new"},"_links":{"self":[{"href":"https:\/\/www.nanosol.cz\/sk\/wp-json\/wp\/v2\/product\/35029","targetHints":{"allow":["GET"]}}],"collection":[{"href":"https:\/\/www.nanosol.cz\/sk\/wp-json\/wp\/v2\/product"}],"about":[{"href":"https:\/\/www.nanosol.cz\/sk\/wp-json\/wp\/v2\/types\/product"}],"replies":[{"embeddable":true,"href":"https:\/\/www.nanosol.cz\/sk\/wp-json\/wp\/v2\/comments?post=35029"}],"wp:featuredmedia":[{"embeddable":true,"href":"https:\/\/www.nanosol.cz\/sk\/wp-json\/wp\/v2\/media\/35275"}],"wp:attachment":[{"href":"https:\/\/www.nanosol.cz\/sk\/wp-json\/wp\/v2\/media?parent=35029"}],"wp:term":[{"taxonomy":"product_brand","embeddable":true,"href":"https:\/\/www.nanosol.cz\/sk\/wp-json\/wp\/v2\/product_brand?post=35029"},{"taxonomy":"product_cat","embeddable":true,"href":"https:\/\/www.nanosol.cz\/sk\/wp-json\/wp\/v2\/product_cat?post=35029"},{"taxonomy":"product_tag","embeddable":true,"href":"https:\/\/www.nanosol.cz\/sk\/wp-json\/wp\/v2\/product_tag?post=35029"}],"curies":[{"name":"wp","href":"https:\/\/api.w.org\/{rel}","templated":true}]}}