{"id":35683,"date":"2024-11-03T10:12:05","date_gmt":"2024-11-03T09:12:05","guid":{"rendered":"https:\/\/www.nanosol.cz\/?post_type=product&#038;p=35683"},"modified":"2025-10-28T13:00:00","modified_gmt":"2025-10-28T12:00:00","slug":"rozmrazovac-zamku-arctic-aid","status":"publish","type":"product","link":"https:\/\/www.nanosol.cz\/sk\/rozmrazovac-zamku-arctic-aid\/","title":{"rendered":"Rozmrazova\u010d z\u00e1mk\u016f ARCTIC AID 100ml"},"content":{"rendered":"<p>Kdy\u017e p\u0159ijde zima, bu\u010fte p\u0159ipraveni s <strong>Rozmrazova\u010dem z\u00e1mk\u016f ARTIC AID<\/strong>. Jednodu\u0161e, efektivn\u011b, bezpe\u010dn\u011b. P\u0159evezm\u011bte kontrolu nad zimou a u\u017e nikdy nedovolte, aby v\u00e1s mr\u00e1z zasko\u010dil. Rozmrazova\u010d z\u00e1mk\u016f jednodu\u0161e nast\u0159\u00edkejte na zamrzl\u00fd z\u00e1mek a sledujte, jak led postupn\u011b miz\u00ed. U\u017e \u017e\u00e1dn\u00e9 ztr\u00e1cen\u00ed \u010dasu a n\u00e1mahy s mechanick\u00fdm rozmrazov\u00e1n\u00edm.<\/p>\n<h2>Jak pou\u017e\u00edt Rozmrazova\u010d z\u00e1mk\u016f ARCTIC AID:<\/h2>\n<ol>\n<li>Lahvi\u010dku prot\u0159epejte.<\/li>\n<li>Sta\u010d\u00ed nal\u00edt p\u0159\u00edpravek p\u0159\u00edmo na zamrzl\u00fd z\u00e1mek, po\u010dkat n\u011bkolik sekund a pak u\u017e jen pohodln\u011b oto\u010dit kl\u00ed\u010dem.<\/li>\n<li>Zamezuje op\u011btovn\u00e9mu zamrz\u00e1n\u00ed a sou\u010dasn\u011b promaz\u00e1v\u00e1.<\/li>\n<\/ol>\n<h2 class=\"py-1 text-bodybold14\">Pro\u010d si vybrat pr\u00e1v\u011b ARTIC AID?<\/h2>\n<ol>\n<li><strong>Bleskov\u00e1 \u00fa\u010dinnost: <\/strong>Zapome\u0148te na dlouh\u00e9 \u010dek\u00e1n\u00ed. ARTIC AID je navr\u017een tak, aby rozmrazil z\u00e1mek b\u011bhem n\u011bkolika sekund. Sta\u010d\u00ed aplikovat a sledovat, jak se led okam\u017eit\u011b rozpou\u0161t\u00ed.<\/li>\n<li><strong>Bezpe\u010dn\u00fd pro z\u00e1mky, bezpe\u010dn\u00fd pro v\u00e1s: <\/strong>Speci\u00e1ln\u011b formulovan\u00e1 receptura \u0161etrn\u011b p\u016fsob\u00ed na v\u0161echny typy z\u00e1mk\u016f, ani\u017e by je po\u0161kodila. Nav\u00edc je 100% bezpe\u010dn\u00e1 pro va\u0161i poko\u017eku a ruce.<\/li>\n<li><strong>Kompaktn\u00ed a snadno p\u0159enosn\u00fd: <\/strong>Na rozd\u00edl od objemn\u00fdch a nepraktick\u00fdch \u0159e\u0161en\u00ed je ARTIC AID kompaktn\u00ed a lehk\u00fd, ide\u00e1ln\u00ed do kapsy.<\/li>\n<li><strong>\u0160irok\u00e9 vyu\u017eit\u00ed: <\/strong>ARTIC AID nen\u00ed jen pro z\u00e1mky automobil\u016f. M\u016f\u017eete ho pou\u017e\u00edt na v\u0161echny zamrzl\u00e9 z\u00e1mky v dom\u00e1cnosti, na k\u016fln\u00e1ch, gar\u00e1\u017e\u00edch, a dokonce i na visac\u00ed z\u00e1mky.<\/li>\n<\/ol>\n<p>&nbsp;<\/p>\n<p><a href=\"https:\/\/www.nanosol.cz\/wp-content\/uploads\/2024\/11\/Rozmrazovac-zamku-scaled.jpg\"><img decoding=\"async\" class=\"lazyload alignnone size-fusion-1200 wp-image-40448\" src=\"https:\/\/www.nanosol.cz\/wp-content\/uploads\/2024\/11\/Rozmrazovac-zamku-1200x960.jpg\" data-orig-src=\"https:\/\/www.nanosol.cz\/wp-content\/uploads\/2024\/11\/Rozmrazovac-zamku-1200x960.jpg\" alt=\"Rozmrazova\u010d z\u00e1mk\u016f.\" width=\"1200\" height=\"960\" srcset=\"data:image\/svg+xml,%3Csvg%20xmlns%3D%27http%3A%2F%2Fwww.w3.org%2F2000%2Fsvg%27%20width%3D%271200%27%20height%3D%27960%27%20viewBox%3D%270%200%201200%20960%27%3E%3Crect%20width%3D%271200%27%20height%3D%27960%27%20fill-opacity%3D%220%22%2F%3E%3C%2Fsvg%3E\" data-srcset=\"https:\/\/www.nanosol.cz\/sk\/wp-content\/uploads\/2024\/11\/Rozmrazovac-zamku-64x51.jpg 64w, https:\/\/www.nanosol.cz\/sk\/wp-content\/uploads\/2024\/11\/Rozmrazovac-zamku-300x240.jpg 300w, https:\/\/www.nanosol.cz\/sk\/wp-content\/uploads\/2024\/11\/Rozmrazovac-zamku-500x400.jpg 500w, https:\/\/www.nanosol.cz\/sk\/wp-content\/uploads\/2024\/11\/Rozmrazovac-zamku-600x480.jpg 600w, https:\/\/www.nanosol.cz\/sk\/wp-content\/uploads\/2024\/11\/Rozmrazovac-zamku-700x560.jpg 700w, https:\/\/www.nanosol.cz\/sk\/wp-content\/uploads\/2024\/11\/Rozmrazovac-zamku-768x614.jpg 768w, https:\/\/www.nanosol.cz\/sk\/wp-content\/uploads\/2024\/11\/Rozmrazovac-zamku-800x640.jpg 800w, https:\/\/www.nanosol.cz\/sk\/wp-content\/uploads\/2024\/11\/Rozmrazovac-zamku-1024x819.jpg 1024w, https:\/\/www.nanosol.cz\/sk\/wp-content\/uploads\/2024\/11\/Rozmrazovac-zamku-1200x960.jpg 1200w, https:\/\/www.nanosol.cz\/sk\/wp-content\/uploads\/2024\/11\/Rozmrazovac-zamku-1536x1229.jpg 1536w, https:\/\/www.nanosol.cz\/sk\/wp-content\/uploads\/2024\/11\/Rozmrazovac-zamku-scaled.jpg 1990w\" data-sizes=\"auto\" data-orig-sizes=\"(max-width: 1200px) 100vw, 1200px\" \/><\/a><\/p>\n","protected":false},"excerpt":{"rendered":"<p>Kdy\u017e p\u0159ijde zima, bu\u010fte p\u0159ipraveni s <strong>Rozmrazova\u010dem z\u00e1mk\u016f ARTIC AID<\/strong>. Jednodu\u0161e, efektivn\u011b, bezpe\u010dn\u011b. P\u0159evezm\u011bte kontrolu nad zimou a u\u017e nikdy nedovolte, aby v\u00e1s mr\u00e1z zasko\u010dil.<\/p>\n","protected":false},"featured_media":35988,"comment_status":"open","ping_status":"closed","template":"","meta":{"_acf_changed":false},"product_brand":[],"product_cat":[170,470,482,431,410],"product_tag":[63],"class_list":{"0":"post-35683","1":"product","2":"type-product","3":"status-publish","4":"has-post-thumbnail","6":"product_cat-autokosmetika","7":"product_cat-exterier","8":"product_cat-exterier-karavany-a-obytne-privesy","9":"product_cat-karavany-a-obytne-privesy","10":"product_cat-vse-na-zimu","11":"product_tag-novinka","12":"pa_objem-100-ml","13":"pa_vyrobce-nanosol","14":"pa_znacka-nanosol","16":"first","17":"instock","18":"taxable","19":"shipping-taxable","20":"purchasable","21":"product-type-simple"},"bundled_by":[],"bundle_stock_status":"instock","bundle_stock_quantity":205,"bundle_virtual":false,"bundle_layout":"","bundle_add_to_cart_form_location":"","bundle_editable_in_cart":false,"bundle_sold_individually_context":"","bundle_item_grouping":"","bundle_min_size":"","bundle_max_size":"","bundle_price":[],"bundled_items":[],"bundle_sell_ids":[25319,35913,33487],"acf":[],"yoast_head":"<!-- This site is optimized with the Yoast SEO Premium plugin v21.4 (Yoast SEO v21.9.1) - https:\/\/yoast.com\/wordpress\/plugins\/seo\/ -->\n<title>Rozmrazova\u010d z\u00e1mk\u016f ARCTIC AID - NANOSOL<\/title>\n<meta name=\"description\" content=\"Rozmrazova\u010d z\u00e1mk\u016f jednodu\u0161e nast\u0159\u00edkejte na zamrzl\u00fd z\u00e1mek a sledujte, jak led postupn\u011b miz\u00ed. U\u017e \u017e\u00e1dn\u00e9 ztr\u00e1cen\u00ed \u010dasu a n\u00e1mahy s mechanick\u00fdm rozmrazov\u00e1n\u00edm.\" \/>\n<meta name=\"robots\" content=\"index, follow, max-snippet:-1, max-image-preview:large, max-video-preview:-1\" \/>\n<link rel=\"canonical\" href=\"https:\/\/www.nanosol.cz\/sk\/rozmrazovac-zamku-arctic-aid\/\" \/>\n<meta property=\"og:locale\" content=\"sk_SK\" \/>\n<meta property=\"og:type\" content=\"article\" \/>\n<meta property=\"og:title\" content=\"Rozmrazova\u010d z\u00e1mk\u016f ARCTIC AID 100ml\" \/>\n<meta property=\"og:description\" content=\"Rozmrazova\u010d z\u00e1mk\u016f jednodu\u0161e nast\u0159\u00edkejte na zamrzl\u00fd z\u00e1mek a sledujte, jak led postupn\u011b miz\u00ed. U\u017e \u017e\u00e1dn\u00e9 ztr\u00e1cen\u00ed \u010dasu a n\u00e1mahy s mechanick\u00fdm rozmrazov\u00e1n\u00edm.\" \/>\n<meta property=\"og:url\" content=\"https:\/\/www.nanosol.cz\/sk\/rozmrazovac-zamku-arctic-aid\/\" \/>\n<meta property=\"og:site_name\" content=\"Nanosol SK\" \/>\n<meta property=\"article:modified_time\" content=\"2025-10-28T12:00:00+00:00\" \/>\n<meta property=\"og:image\" content=\"https:\/\/www.nanosol.cz\/sk\/wp-content\/uploads\/2024\/11\/80010210-Rozmrazovac-zamku-ARCTIC-AID-100ml-NANOSOL-scaled.jpg\" \/>\n\t<meta property=\"og:image:width\" content=\"1990\" \/>\n\t<meta property=\"og:image:height\" content=\"1990\" \/>\n\t<meta property=\"og:image:type\" content=\"image\/jpeg\" \/>\n<meta name=\"twitter:card\" content=\"summary_large_image\" \/>\n<meta name=\"twitter:label1\" content=\"Cena\" \/>\n\t<meta name=\"twitter:data1\" content=\"60.79&nbsp;&euro;\" \/>\n\t<meta name=\"twitter:label2\" content=\"Dostupnos\u0165\" \/>\n\t<meta name=\"twitter:data2\" content=\"Na sklade\" \/>\n<script type=\"application\/ld+json\" class=\"yoast-schema-graph\">{\"@context\":\"https:\/\/schema.org\",\"@graph\":[{\"@type\":\"WebPage\",\"@id\":\"https:\/\/www.nanosol.cz\/sk\/rozmrazovac-zamku-arctic-aid\/\",\"url\":\"https:\/\/www.nanosol.cz\/sk\/rozmrazovac-zamku-arctic-aid\/\",\"name\":\"Rozmrazova\u010d z\u00e1mk\u016f ARCTIC AID - NANOSOL\",\"isPartOf\":{\"@id\":\"https:\/\/www.nanosol.cz\/sk\/#website\"},\"datePublished\":\"2024-11-03T09:12:05+00:00\",\"dateModified\":\"2025-10-28T12:00:00+00:00\",\"description\":\"Rozmrazova\u010d z\u00e1mk\u016f jednodu\u0161e nast\u0159\u00edkejte na zamrzl\u00fd z\u00e1mek a sledujte, jak led postupn\u011b miz\u00ed. U\u017e \u017e\u00e1dn\u00e9 ztr\u00e1cen\u00ed \u010dasu a n\u00e1mahy s mechanick\u00fdm rozmrazov\u00e1n\u00edm.\",\"breadcrumb\":{\"@id\":\"https:\/\/www.nanosol.cz\/sk\/rozmrazovac-zamku-arctic-aid\/#breadcrumb\"},\"inLanguage\":\"sk-SK\",\"potentialAction\":[{\"@type\":\"ReadAction\",\"target\":[\"https:\/\/www.nanosol.cz\/sk\/rozmrazovac-zamku-arctic-aid\/\"]}]},{\"@type\":\"BreadcrumbList\",\"@id\":\"https:\/\/www.nanosol.cz\/sk\/rozmrazovac-zamku-arctic-aid\/#breadcrumb\",\"itemListElement\":[{\"@type\":\"ListItem\",\"position\":1,\"name\":\"Dom\u016f\",\"item\":\"https:\/\/www.nanosol.cz\/sk\/\"},{\"@type\":\"ListItem\",\"position\":2,\"name\":\"Produkty\",\"item\":\"https:\/\/www.nanosol.cz\/sk\/shop\/\"},{\"@type\":\"ListItem\",\"position\":3,\"name\":\"Rozmrazova\u010d z\u00e1mk\u016f ARCTIC AID 100ml\"}]},{\"@type\":\"WebSite\",\"@id\":\"https:\/\/www.nanosol.cz\/sk\/#website\",\"url\":\"https:\/\/www.nanosol.cz\/sk\/\",\"name\":\"Nanosol SK\",\"description\":\"Pr\u00e9miov\u00e9 nano p\u0159\u00edpravky a nano chemie\",\"potentialAction\":[{\"@type\":\"SearchAction\",\"target\":{\"@type\":\"EntryPoint\",\"urlTemplate\":\"https:\/\/www.nanosol.cz\/sk\/?s={search_term_string}\"},\"query-input\":\"required name=search_term_string\"}],\"inLanguage\":\"sk-SK\"}]}<\/script>\n<meta property=\"product:brand\" content=\"NANOSOL\" \/>\n<meta property=\"product:price:amount\" content=\"73.55\" \/>\n<meta property=\"product:price:currency\" content=\"EUR\" \/>\n<meta property=\"og:availability\" content=\"instock\" \/>\n<meta property=\"product:availability\" content=\"instock\" \/>\n<meta property=\"product:retailer_item_id\" content=\"80010210\" \/>\n<meta property=\"product:condition\" content=\"new\" \/>\n<!-- \/ Yoast SEO Premium plugin. -->","yoast_head_json":{"title":"Rozmrazova\u010d z\u00e1mk\u016f ARCTIC AID - NANOSOL","description":"Rozmrazova\u010d z\u00e1mk\u016f jednodu\u0161e nast\u0159\u00edkejte na zamrzl\u00fd z\u00e1mek a sledujte, jak led postupn\u011b miz\u00ed. U\u017e \u017e\u00e1dn\u00e9 ztr\u00e1cen\u00ed \u010dasu a n\u00e1mahy s mechanick\u00fdm rozmrazov\u00e1n\u00edm.","robots":{"index":"index","follow":"follow","max-snippet":"max-snippet:-1","max-image-preview":"max-image-preview:large","max-video-preview":"max-video-preview:-1"},"canonical":"https:\/\/www.nanosol.cz\/sk\/rozmrazovac-zamku-arctic-aid\/","og_locale":"sk_SK","og_type":"article","og_title":"Rozmrazova\u010d z\u00e1mk\u016f ARCTIC AID 100ml","og_description":"Rozmrazova\u010d z\u00e1mk\u016f jednodu\u0161e nast\u0159\u00edkejte na zamrzl\u00fd z\u00e1mek a sledujte, jak led postupn\u011b miz\u00ed. U\u017e \u017e\u00e1dn\u00e9 ztr\u00e1cen\u00ed \u010dasu a n\u00e1mahy s mechanick\u00fdm rozmrazov\u00e1n\u00edm.","og_url":"https:\/\/www.nanosol.cz\/sk\/rozmrazovac-zamku-arctic-aid\/","og_site_name":"Nanosol SK","article_modified_time":"2025-10-28T12:00:00+00:00","og_image":[{"width":1990,"height":1990,"url":"https:\/\/www.nanosol.cz\/sk\/wp-content\/uploads\/2024\/11\/80010210-Rozmrazovac-zamku-ARCTIC-AID-100ml-NANOSOL-scaled.jpg","type":"image\/jpeg"}],"twitter_card":"summary_large_image","twitter_misc":{"Cena":"60.79&nbsp;&euro;","Dostupnos\u0165":"Na sklade"},"schema":{"@context":"https:\/\/schema.org","@graph":[{"@type":"WebPage","@id":"https:\/\/www.nanosol.cz\/sk\/rozmrazovac-zamku-arctic-aid\/","url":"https:\/\/www.nanosol.cz\/sk\/rozmrazovac-zamku-arctic-aid\/","name":"Rozmrazova\u010d z\u00e1mk\u016f ARCTIC AID - NANOSOL","isPartOf":{"@id":"https:\/\/www.nanosol.cz\/sk\/#website"},"datePublished":"2024-11-03T09:12:05+00:00","dateModified":"2025-10-28T12:00:00+00:00","description":"Rozmrazova\u010d z\u00e1mk\u016f jednodu\u0161e nast\u0159\u00edkejte na zamrzl\u00fd z\u00e1mek a sledujte, jak led postupn\u011b miz\u00ed. U\u017e \u017e\u00e1dn\u00e9 ztr\u00e1cen\u00ed \u010dasu a n\u00e1mahy s mechanick\u00fdm rozmrazov\u00e1n\u00edm.","breadcrumb":{"@id":"https:\/\/www.nanosol.cz\/sk\/rozmrazovac-zamku-arctic-aid\/#breadcrumb"},"inLanguage":"sk-SK","potentialAction":[{"@type":"ReadAction","target":["https:\/\/www.nanosol.cz\/sk\/rozmrazovac-zamku-arctic-aid\/"]}]},{"@type":"BreadcrumbList","@id":"https:\/\/www.nanosol.cz\/sk\/rozmrazovac-zamku-arctic-aid\/#breadcrumb","itemListElement":[{"@type":"ListItem","position":1,"name":"Dom\u016f","item":"https:\/\/www.nanosol.cz\/sk\/"},{"@type":"ListItem","position":2,"name":"Produkty","item":"https:\/\/www.nanosol.cz\/sk\/shop\/"},{"@type":"ListItem","position":3,"name":"Rozmrazova\u010d z\u00e1mk\u016f ARCTIC AID 100ml"}]},{"@type":"WebSite","@id":"https:\/\/www.nanosol.cz\/sk\/#website","url":"https:\/\/www.nanosol.cz\/sk\/","name":"Nanosol SK","description":"Pr\u00e9miov\u00e9 nano p\u0159\u00edpravky a nano chemie","potentialAction":[{"@type":"SearchAction","target":{"@type":"EntryPoint","urlTemplate":"https:\/\/www.nanosol.cz\/sk\/?s={search_term_string}"},"query-input":"required name=search_term_string"}],"inLanguage":"sk-SK"}]},"product_brand":"NANOSOL","product_price_amount":"73.55","product_price_currency":"EUR","og_availability":"instock","product_availability":"instock","product_retailer_item_id":"80010210","product_condition":"new"},"_links":{"self":[{"href":"https:\/\/www.nanosol.cz\/sk\/wp-json\/wp\/v2\/product\/35683","targetHints":{"allow":["GET"]}}],"collection":[{"href":"https:\/\/www.nanosol.cz\/sk\/wp-json\/wp\/v2\/product"}],"about":[{"href":"https:\/\/www.nanosol.cz\/sk\/wp-json\/wp\/v2\/types\/product"}],"replies":[{"embeddable":true,"href":"https:\/\/www.nanosol.cz\/sk\/wp-json\/wp\/v2\/comments?post=35683"}],"wp:featuredmedia":[{"embeddable":true,"href":"https:\/\/www.nanosol.cz\/sk\/wp-json\/wp\/v2\/media\/35988"}],"wp:attachment":[{"href":"https:\/\/www.nanosol.cz\/sk\/wp-json\/wp\/v2\/media?parent=35683"}],"wp:term":[{"taxonomy":"product_brand","embeddable":true,"href":"https:\/\/www.nanosol.cz\/sk\/wp-json\/wp\/v2\/product_brand?post=35683"},{"taxonomy":"product_cat","embeddable":true,"href":"https:\/\/www.nanosol.cz\/sk\/wp-json\/wp\/v2\/product_cat?post=35683"},{"taxonomy":"product_tag","embeddable":true,"href":"https:\/\/www.nanosol.cz\/sk\/wp-json\/wp\/v2\/product_tag?post=35683"}],"curies":[{"name":"wp","href":"https:\/\/api.w.org\/{rel}","templated":true}]}}