{"id":40660,"date":"2025-07-10T08:33:28","date_gmt":"2025-07-10T06:33:28","guid":{"rendered":"https:\/\/www.nanosol.cz\/?post_type=product&#038;p=40660"},"modified":"2026-04-07T11:53:14","modified_gmt":"2026-04-07T09:53:14","slug":"bezoplachovy-cistic-aut-detailer-5-l","status":"publish","type":"product","link":"https:\/\/www.nanosol.cz\/sk\/bezoplachovy-cistic-aut-detailer-5-l\/","title":{"rendered":"Bezoplachov\u00fd \u010disti\u010d aut DETAILER 5 L"},"content":{"rendered":"<p>\u0160etrn\u00fd a \u00fa\u010dinn\u00fd bezoplachov\u00fd \u010disti\u010d auta. Prost\u011b jen nast\u0159\u00edk\u00e1te na povrch a set\u0159ete. Jeden \u010disti\u010d na cel\u00e9 auta. M\u016f\u017eete pou\u017e\u00edt i na sklo, lak, plasty, lakovan\u00e9 plasty, chrom, hlin\u00edk, kovy, karbon i gumu.\u00a0 Odstra\u0148uje bl\u00e1to, \u0161p\u00ednu, prach ale i odoln\u00e9 ne\u010distoty jako mastnotu, \u0161mouhy. Ide\u00e1ln\u00ed tam, kde nem\u00e1te p\u0159\u00edstup k vod\u011b.<\/p>\n<h2>N\u00e1vod na pou\u017eit\u00ed Bezoplachov\u00e9ho \u010disti\u010de auta:<\/h2>\n<ol>\n<li>Nastavte trysku do po\u017eadovan\u00e9 polohy jej\u00edm oto\u010den\u00edm.<\/li>\n<li>Dob\u0159e prot\u0159epejte produkt.<\/li>\n<li>Pot\u00e9 nast\u0159\u00edkejte p\u0159\u00edmo na plochu a nechte chv\u00edli p\u016fsobit (cca 30 vte\u0159in).<\/li>\n<li>Povrch ut\u0159ete.<\/li>\n<\/ol>\n","protected":false},"excerpt":{"rendered":"<p>\u0160etrn\u00fd a \u00fa\u010dinn\u00fd \u010disti\u010d auta, kter\u00fd nemus\u00edte oplachovat vodou. Prost\u011b jen nast\u0159\u00edk\u00e1te na povrch a set\u0159ete. Jeden \u010disti\u010d na cel\u00e9 auto. Vhodn\u00e9 na v\u0161echny povrchy auta: lakovan\u00e9 i nelakovan\u00e9 plasty, sklo, lak, chrom, hlin\u00edk, kovy, karbon i gumu. Ide\u00e1ln\u00ed tam, kde nem\u00e1te p\u0159\u00edstup k vod\u011b.<\/p>\n","protected":false},"featured_media":44346,"comment_status":"open","ping_status":"closed","template":"","meta":{"_acf_changed":false},"product_brand":[],"product_cat":[170,516,470],"product_tag":[],"class_list":{"0":"post-40660","1":"product","2":"type-product","3":"status-publish","4":"has-post-thumbnail","6":"product_cat-autokosmetika","7":"product_cat-vyhodna-baleni","8":"product_cat-exterier","9":"pa_objem-5-litru","10":"pa_vyrobce-nanosol","11":"pa_znacka-nanosol","13":"first","14":"instock","15":"taxable","16":"shipping-taxable","17":"purchasable","18":"product-type-simple"},"bundled_by":[],"bundle_stock_status":"instock","bundle_stock_quantity":5,"bundle_virtual":false,"bundle_layout":"","bundle_add_to_cart_form_location":"","bundle_editable_in_cart":false,"bundle_sold_individually_context":"","bundle_item_grouping":"","bundle_min_size":"","bundle_max_size":"","bundle_price":[],"bundled_items":[],"bundle_sell_ids":[],"acf":[],"yoast_head":"<!-- This site is optimized with the Yoast SEO Premium plugin v21.4 (Yoast SEO v21.9.1) - https:\/\/yoast.com\/wordpress\/plugins\/seo\/ -->\n<title>Bezoplachov\u00fd \u010disti\u010d aut DETAILER 5 L - NANOSOL<\/title>\n<meta name=\"description\" content=\"\u0160etrn\u00fd a \u00fa\u010dinn\u00fd \u010disti\u010d auta, kter\u00fd nemus\u00edte oplachovat vodou. Prost\u011b jen nast\u0159\u00edk\u00e1te na povrch a set\u0159ete. Vhodn\u00e9 na v\u0161echny povrchy auta.\" \/>\n<meta name=\"robots\" content=\"index, follow, max-snippet:-1, max-image-preview:large, max-video-preview:-1\" \/>\n<link rel=\"canonical\" href=\"https:\/\/www.nanosol.cz\/sk\/bezoplachovy-cistic-aut-detailer-5-l\/\" \/>\n<meta property=\"og:locale\" content=\"sk_SK\" \/>\n<meta property=\"og:type\" content=\"article\" \/>\n<meta property=\"og:title\" content=\"Bezoplachov\u00fd \u010disti\u010d aut DETAILER 5 L\" \/>\n<meta property=\"og:description\" content=\"\u0160etrn\u00fd a \u00fa\u010dinn\u00fd \u010disti\u010d auta, kter\u00fd nemus\u00edte oplachovat vodou. Prost\u011b jen nast\u0159\u00edk\u00e1te na povrch a set\u0159ete. Vhodn\u00e9 na v\u0161echny povrchy auta.\" \/>\n<meta property=\"og:url\" content=\"https:\/\/www.nanosol.cz\/sk\/bezoplachovy-cistic-aut-detailer-5-l\/\" \/>\n<meta property=\"og:site_name\" content=\"Nanosol SK\" \/>\n<meta property=\"article:modified_time\" content=\"2026-04-07T09:53:14+00:00\" \/>\n<meta property=\"og:image\" content=\"https:\/\/www.nanosol.cz\/sk\/wp-content\/uploads\/2025\/02\/80010311-Bezoplachovy-cistic-aut-DETAILER-5L-NANOSOL-scaled.webp\" \/>\n\t<meta property=\"og:image:width\" content=\"1400\" \/>\n\t<meta property=\"og:image:height\" content=\"1400\" \/>\n\t<meta property=\"og:image:type\" content=\"image\/webp\" \/>\n<meta name=\"twitter:card\" content=\"summary_large_image\" \/>\n<meta name=\"twitter:label1\" content=\"Cena\" \/>\n\t<meta name=\"twitter:data1\" content=\"784.79&nbsp;&euro;\" \/>\n\t<meta name=\"twitter:label2\" content=\"Dostupnos\u0165\" \/>\n\t<meta name=\"twitter:data2\" content=\"Na sklade\" \/>\n<script type=\"application\/ld+json\" class=\"yoast-schema-graph\">{\"@context\":\"https:\/\/schema.org\",\"@graph\":[{\"@type\":\"WebPage\",\"@id\":\"https:\/\/www.nanosol.cz\/sk\/bezoplachovy-cistic-aut-detailer-5-l\/\",\"url\":\"https:\/\/www.nanosol.cz\/sk\/bezoplachovy-cistic-aut-detailer-5-l\/\",\"name\":\"Bezoplachov\u00fd \u010disti\u010d aut DETAILER 5 L - NANOSOL\",\"isPartOf\":{\"@id\":\"https:\/\/www.nanosol.cz\/sk\/#website\"},\"datePublished\":\"2025-07-10T06:33:28+00:00\",\"dateModified\":\"2026-04-07T09:53:14+00:00\",\"description\":\"\u0160etrn\u00fd a \u00fa\u010dinn\u00fd \u010disti\u010d auta, kter\u00fd nemus\u00edte oplachovat vodou. Prost\u011b jen nast\u0159\u00edk\u00e1te na povrch a set\u0159ete. Vhodn\u00e9 na v\u0161echny povrchy auta.\",\"breadcrumb\":{\"@id\":\"https:\/\/www.nanosol.cz\/sk\/bezoplachovy-cistic-aut-detailer-5-l\/#breadcrumb\"},\"inLanguage\":\"sk-SK\",\"potentialAction\":[{\"@type\":\"ReadAction\",\"target\":[\"https:\/\/www.nanosol.cz\/sk\/bezoplachovy-cistic-aut-detailer-5-l\/\"]}]},{\"@type\":\"BreadcrumbList\",\"@id\":\"https:\/\/www.nanosol.cz\/sk\/bezoplachovy-cistic-aut-detailer-5-l\/#breadcrumb\",\"itemListElement\":[{\"@type\":\"ListItem\",\"position\":1,\"name\":\"Dom\u016f\",\"item\":\"https:\/\/www.nanosol.cz\/sk\/\"},{\"@type\":\"ListItem\",\"position\":2,\"name\":\"Produkty\",\"item\":\"https:\/\/www.nanosol.cz\/sk\/shop\/\"},{\"@type\":\"ListItem\",\"position\":3,\"name\":\"Bezoplachov\u00fd \u010disti\u010d aut DETAILER 5 L\"}]},{\"@type\":\"WebSite\",\"@id\":\"https:\/\/www.nanosol.cz\/sk\/#website\",\"url\":\"https:\/\/www.nanosol.cz\/sk\/\",\"name\":\"Nanosol SK\",\"description\":\"Pr\u00e9miov\u00e9 nano p\u0159\u00edpravky a nano chemie\",\"potentialAction\":[{\"@type\":\"SearchAction\",\"target\":{\"@type\":\"EntryPoint\",\"urlTemplate\":\"https:\/\/www.nanosol.cz\/sk\/?s={search_term_string}\"},\"query-input\":\"required name=search_term_string\"}],\"inLanguage\":\"sk-SK\"}]}<\/script>\n<meta property=\"product:brand\" content=\"NANOSOL\" \/>\n<meta property=\"product:price:amount\" content=\"949.59\" \/>\n<meta property=\"product:price:currency\" content=\"EUR\" \/>\n<meta property=\"og:availability\" content=\"instock\" \/>\n<meta property=\"product:availability\" content=\"instock\" \/>\n<meta property=\"product:retailer_item_id\" content=\"80010311\" \/>\n<meta property=\"product:condition\" content=\"new\" \/>\n<!-- \/ Yoast SEO Premium plugin. -->","yoast_head_json":{"title":"Bezoplachov\u00fd \u010disti\u010d aut DETAILER 5 L - NANOSOL","description":"\u0160etrn\u00fd a \u00fa\u010dinn\u00fd \u010disti\u010d auta, kter\u00fd nemus\u00edte oplachovat vodou. Prost\u011b jen nast\u0159\u00edk\u00e1te na povrch a set\u0159ete. Vhodn\u00e9 na v\u0161echny povrchy auta.","robots":{"index":"index","follow":"follow","max-snippet":"max-snippet:-1","max-image-preview":"max-image-preview:large","max-video-preview":"max-video-preview:-1"},"canonical":"https:\/\/www.nanosol.cz\/sk\/bezoplachovy-cistic-aut-detailer-5-l\/","og_locale":"sk_SK","og_type":"article","og_title":"Bezoplachov\u00fd \u010disti\u010d aut DETAILER 5 L","og_description":"\u0160etrn\u00fd a \u00fa\u010dinn\u00fd \u010disti\u010d auta, kter\u00fd nemus\u00edte oplachovat vodou. Prost\u011b jen nast\u0159\u00edk\u00e1te na povrch a set\u0159ete. Vhodn\u00e9 na v\u0161echny povrchy auta.","og_url":"https:\/\/www.nanosol.cz\/sk\/bezoplachovy-cistic-aut-detailer-5-l\/","og_site_name":"Nanosol SK","article_modified_time":"2026-04-07T09:53:14+00:00","og_image":[{"width":1400,"height":1400,"url":"https:\/\/www.nanosol.cz\/sk\/wp-content\/uploads\/2025\/02\/80010311-Bezoplachovy-cistic-aut-DETAILER-5L-NANOSOL-scaled.webp","type":"image\/webp"}],"twitter_card":"summary_large_image","twitter_misc":{"Cena":"784.79&nbsp;&euro;","Dostupnos\u0165":"Na sklade"},"schema":{"@context":"https:\/\/schema.org","@graph":[{"@type":"WebPage","@id":"https:\/\/www.nanosol.cz\/sk\/bezoplachovy-cistic-aut-detailer-5-l\/","url":"https:\/\/www.nanosol.cz\/sk\/bezoplachovy-cistic-aut-detailer-5-l\/","name":"Bezoplachov\u00fd \u010disti\u010d aut DETAILER 5 L - NANOSOL","isPartOf":{"@id":"https:\/\/www.nanosol.cz\/sk\/#website"},"datePublished":"2025-07-10T06:33:28+00:00","dateModified":"2026-04-07T09:53:14+00:00","description":"\u0160etrn\u00fd a \u00fa\u010dinn\u00fd \u010disti\u010d auta, kter\u00fd nemus\u00edte oplachovat vodou. Prost\u011b jen nast\u0159\u00edk\u00e1te na povrch a set\u0159ete. Vhodn\u00e9 na v\u0161echny povrchy auta.","breadcrumb":{"@id":"https:\/\/www.nanosol.cz\/sk\/bezoplachovy-cistic-aut-detailer-5-l\/#breadcrumb"},"inLanguage":"sk-SK","potentialAction":[{"@type":"ReadAction","target":["https:\/\/www.nanosol.cz\/sk\/bezoplachovy-cistic-aut-detailer-5-l\/"]}]},{"@type":"BreadcrumbList","@id":"https:\/\/www.nanosol.cz\/sk\/bezoplachovy-cistic-aut-detailer-5-l\/#breadcrumb","itemListElement":[{"@type":"ListItem","position":1,"name":"Dom\u016f","item":"https:\/\/www.nanosol.cz\/sk\/"},{"@type":"ListItem","position":2,"name":"Produkty","item":"https:\/\/www.nanosol.cz\/sk\/shop\/"},{"@type":"ListItem","position":3,"name":"Bezoplachov\u00fd \u010disti\u010d aut DETAILER 5 L"}]},{"@type":"WebSite","@id":"https:\/\/www.nanosol.cz\/sk\/#website","url":"https:\/\/www.nanosol.cz\/sk\/","name":"Nanosol SK","description":"Pr\u00e9miov\u00e9 nano p\u0159\u00edpravky a nano chemie","potentialAction":[{"@type":"SearchAction","target":{"@type":"EntryPoint","urlTemplate":"https:\/\/www.nanosol.cz\/sk\/?s={search_term_string}"},"query-input":"required name=search_term_string"}],"inLanguage":"sk-SK"}]},"product_brand":"NANOSOL","product_price_amount":"949.59","product_price_currency":"EUR","og_availability":"instock","product_availability":"instock","product_retailer_item_id":"80010311","product_condition":"new"},"_links":{"self":[{"href":"https:\/\/www.nanosol.cz\/sk\/wp-json\/wp\/v2\/product\/40660","targetHints":{"allow":["GET"]}}],"collection":[{"href":"https:\/\/www.nanosol.cz\/sk\/wp-json\/wp\/v2\/product"}],"about":[{"href":"https:\/\/www.nanosol.cz\/sk\/wp-json\/wp\/v2\/types\/product"}],"replies":[{"embeddable":true,"href":"https:\/\/www.nanosol.cz\/sk\/wp-json\/wp\/v2\/comments?post=40660"}],"wp:featuredmedia":[{"embeddable":true,"href":"https:\/\/www.nanosol.cz\/sk\/wp-json\/wp\/v2\/media\/44346"}],"wp:attachment":[{"href":"https:\/\/www.nanosol.cz\/sk\/wp-json\/wp\/v2\/media?parent=40660"}],"wp:term":[{"taxonomy":"product_brand","embeddable":true,"href":"https:\/\/www.nanosol.cz\/sk\/wp-json\/wp\/v2\/product_brand?post=40660"},{"taxonomy":"product_cat","embeddable":true,"href":"https:\/\/www.nanosol.cz\/sk\/wp-json\/wp\/v2\/product_cat?post=40660"},{"taxonomy":"product_tag","embeddable":true,"href":"https:\/\/www.nanosol.cz\/sk\/wp-json\/wp\/v2\/product_tag?post=40660"}],"curies":[{"name":"wp","href":"https:\/\/api.w.org\/{rel}","templated":true}]}}