{"id":43170,"date":"2020-05-27T20:59:09","date_gmt":"2020-05-27T18:59:09","guid":{"rendered":"https:\/\/www.nanosol.cz\/?post_type=product&#038;p=43170"},"modified":"2025-05-30T17:24:46","modified_gmt":"2025-05-30T15:24:46","slug":"testovaci","status":"publish","type":"product","link":"https:\/\/www.nanosol.cz\/sk\/testovaci\/","title":{"rendered":"Testovac\u00ed"},"content":{"rendered":"<p>df sdfasfs fadf sdfasfs fadf sdfasfs fadf sdfasfs fadf sdfasfs fadf sdfasfs fadf sdfasfs fadf sdfasfs fadf sdfasfs fadf sdfasfs fadf sdfasfs fadf sdfasfs fadf sdfasfs fadf sdfasfs fadf sdfasfs fadf sdfasfs fadf sdfasfs fadf sdfasfs fadf sdfasfs fadf sdfasfs fadf sdfasfs fadf sdfasfs fadf sdfasfs fadf sdfasfs fadf sdfasfs fadf sdfasfs fadf sdfasfs fadf sdfasfs fadf sdfasfs fadf sdfasfs fadf sdfasfs fadf sdfasfs fadf sdfasfs fa<\/p>\n<p>df sdfasfs fa<\/p>\n<p>df sdfasfs fa<\/p>\n<p>df sdfasfs fadf sdfasfs fa<\/p>\n<p>df sdfasfs fa<\/p>\n<p>df sdfasfs fa<\/p>\n<p>df sdfasfs fadf sdfasfs fa<\/p>\n<p>df sdfasfs fa<\/p>\n<p>df sdfasfs fa<\/p>\n<p>df sdfasfs fa<\/p>\n","protected":false},"excerpt":{"rendered":"<p>df sdfasfs fadf sdfasfs fadf sdfasfs fadf sdfasfs fadf sdfasfs fadf sdfasfs fadf sdfasfs fadf sdfasfs fadf sdfasfs fadf sdfasfs fa<\/p>\n","protected":false},"featured_media":43153,"comment_status":"open","ping_status":"closed","template":"","meta":{"_acf_changed":false},"product_brand":[],"product_cat":[34],"product_tag":[],"class_list":{"0":"post-43170","1":"product","2":"type-product","3":"status-publish","4":"has-post-thumbnail","6":"product_cat-nezarazene","8":"first","9":"instock","10":"taxable","11":"shipping-taxable","12":"purchasable","13":"product-type-simple"},"bundled_by":[],"bundle_stock_status":"instock","bundle_stock_quantity":null,"bundle_virtual":false,"bundle_layout":"","bundle_add_to_cart_form_location":"","bundle_editable_in_cart":false,"bundle_sold_individually_context":"","bundle_item_grouping":"","bundle_min_size":"","bundle_max_size":"","bundle_price":[],"bundled_items":[],"bundle_sell_ids":[21074],"acf":[],"yoast_head":"<!-- This site is optimized with the Yoast SEO Premium plugin v21.4 (Yoast SEO v21.9.1) - https:\/\/yoast.com\/wordpress\/plugins\/seo\/ -->\n<title>Testovac\u00ed - Nanosol SK<\/title>\n<meta name=\"robots\" content=\"index, follow, max-snippet:-1, max-image-preview:large, max-video-preview:-1\" \/>\n<link rel=\"canonical\" href=\"https:\/\/www.nanosol.cz\/sk\/testovaci\/\" \/>\n<meta property=\"og:locale\" content=\"sk_SK\" \/>\n<meta property=\"og:type\" content=\"article\" \/>\n<meta property=\"og:title\" content=\"Testovac\u00ed\" \/>\n<meta property=\"og:description\" content=\"df sdfasfs fadf sdfasfs fadf sdfasfs fadf sdfasfs fadf sdfasfs fadf sdfasfs fadf sdfasfs fadf sdfasfs fadf sdfasfs fadf sdfasfs fa\" \/>\n<meta property=\"og:url\" content=\"https:\/\/www.nanosol.cz\/sk\/testovaci\/\" \/>\n<meta property=\"og:site_name\" content=\"Nanosol SK\" \/>\n<meta property=\"article:modified_time\" content=\"2025-05-30T15:24:46+00:00\" \/>\n<meta property=\"og:image\" content=\"https:\/\/www.nanosol.cz\/sk\/wp-content\/uploads\/2024\/06\/8004012-cistic-pomniku-a-soch-MONUMENT-5L-NANOSOL-scaled.webp\" \/>\n\t<meta property=\"og:image:width\" content=\"1400\" \/>\n\t<meta property=\"og:image:height\" content=\"1400\" \/>\n\t<meta property=\"og:image:type\" content=\"image\/webp\" \/>\n<meta name=\"twitter:card\" content=\"summary_large_image\" \/>\n<meta name=\"twitter:label1\" content=\"Cena\" \/>\n\t<meta name=\"twitter:data1\" content=\"470.60&nbsp;&euro;\" \/>\n\t<meta name=\"twitter:label2\" content=\"Dostupnos\u0165\" \/>\n\t<meta name=\"twitter:data2\" content=\"Na sklade\" \/>\n<script type=\"application\/ld+json\" class=\"yoast-schema-graph\">{\"@context\":\"https:\/\/schema.org\",\"@graph\":[{\"@type\":\"WebPage\",\"@id\":\"https:\/\/www.nanosol.cz\/sk\/testovaci\/\",\"url\":\"https:\/\/www.nanosol.cz\/sk\/testovaci\/\",\"name\":\"Testovac\u00ed - Nanosol SK\",\"isPartOf\":{\"@id\":\"https:\/\/www.nanosol.cz\/sk\/#website\"},\"datePublished\":\"2020-05-27T18:59:09+00:00\",\"dateModified\":\"2025-05-30T15:24:46+00:00\",\"breadcrumb\":{\"@id\":\"https:\/\/www.nanosol.cz\/sk\/testovaci\/#breadcrumb\"},\"inLanguage\":\"sk-SK\",\"potentialAction\":[{\"@type\":\"ReadAction\",\"target\":[\"https:\/\/www.nanosol.cz\/sk\/testovaci\/\"]}]},{\"@type\":\"BreadcrumbList\",\"@id\":\"https:\/\/www.nanosol.cz\/sk\/testovaci\/#breadcrumb\",\"itemListElement\":[{\"@type\":\"ListItem\",\"position\":1,\"name\":\"Dom\u016f\",\"item\":\"https:\/\/www.nanosol.cz\/sk\/\"},{\"@type\":\"ListItem\",\"position\":2,\"name\":\"Produkty\",\"item\":\"https:\/\/www.nanosol.cz\/sk\/shop\/\"},{\"@type\":\"ListItem\",\"position\":3,\"name\":\"Testovac\u00ed\"}]},{\"@type\":\"WebSite\",\"@id\":\"https:\/\/www.nanosol.cz\/sk\/#website\",\"url\":\"https:\/\/www.nanosol.cz\/sk\/\",\"name\":\"Nanosol SK\",\"description\":\"Pr\u00e9miov\u00e9 nano p\u0159\u00edpravky a nano chemie\",\"potentialAction\":[{\"@type\":\"SearchAction\",\"target\":{\"@type\":\"EntryPoint\",\"urlTemplate\":\"https:\/\/www.nanosol.cz\/sk\/?s={search_term_string}\"},\"query-input\":\"required name=search_term_string\"}],\"inLanguage\":\"sk-SK\"}]}<\/script>\n<meta property=\"product:price:amount\" content=\"569.42\" \/>\n<meta property=\"product:price:currency\" content=\"EUR\" \/>\n<meta property=\"og:availability\" content=\"instock\" \/>\n<meta property=\"product:availability\" content=\"instock\" \/>\n<meta property=\"product:condition\" content=\"new\" \/>\n<!-- \/ Yoast SEO Premium plugin. -->","yoast_head_json":{"title":"Testovac\u00ed - Nanosol SK","robots":{"index":"index","follow":"follow","max-snippet":"max-snippet:-1","max-image-preview":"max-image-preview:large","max-video-preview":"max-video-preview:-1"},"canonical":"https:\/\/www.nanosol.cz\/sk\/testovaci\/","og_locale":"sk_SK","og_type":"article","og_title":"Testovac\u00ed","og_description":"df sdfasfs fadf sdfasfs fadf sdfasfs fadf sdfasfs fadf sdfasfs fadf sdfasfs fadf sdfasfs fadf sdfasfs fadf sdfasfs fadf sdfasfs fa","og_url":"https:\/\/www.nanosol.cz\/sk\/testovaci\/","og_site_name":"Nanosol SK","article_modified_time":"2025-05-30T15:24:46+00:00","og_image":[{"width":1400,"height":1400,"url":"https:\/\/www.nanosol.cz\/sk\/wp-content\/uploads\/2024\/06\/8004012-cistic-pomniku-a-soch-MONUMENT-5L-NANOSOL-scaled.webp","type":"image\/webp"}],"twitter_card":"summary_large_image","twitter_misc":{"Cena":"470.60&nbsp;&euro;","Dostupnos\u0165":"Na sklade"},"schema":{"@context":"https:\/\/schema.org","@graph":[{"@type":"WebPage","@id":"https:\/\/www.nanosol.cz\/sk\/testovaci\/","url":"https:\/\/www.nanosol.cz\/sk\/testovaci\/","name":"Testovac\u00ed - Nanosol SK","isPartOf":{"@id":"https:\/\/www.nanosol.cz\/sk\/#website"},"datePublished":"2020-05-27T18:59:09+00:00","dateModified":"2025-05-30T15:24:46+00:00","breadcrumb":{"@id":"https:\/\/www.nanosol.cz\/sk\/testovaci\/#breadcrumb"},"inLanguage":"sk-SK","potentialAction":[{"@type":"ReadAction","target":["https:\/\/www.nanosol.cz\/sk\/testovaci\/"]}]},{"@type":"BreadcrumbList","@id":"https:\/\/www.nanosol.cz\/sk\/testovaci\/#breadcrumb","itemListElement":[{"@type":"ListItem","position":1,"name":"Dom\u016f","item":"https:\/\/www.nanosol.cz\/sk\/"},{"@type":"ListItem","position":2,"name":"Produkty","item":"https:\/\/www.nanosol.cz\/sk\/shop\/"},{"@type":"ListItem","position":3,"name":"Testovac\u00ed"}]},{"@type":"WebSite","@id":"https:\/\/www.nanosol.cz\/sk\/#website","url":"https:\/\/www.nanosol.cz\/sk\/","name":"Nanosol SK","description":"Pr\u00e9miov\u00e9 nano p\u0159\u00edpravky a nano chemie","potentialAction":[{"@type":"SearchAction","target":{"@type":"EntryPoint","urlTemplate":"https:\/\/www.nanosol.cz\/sk\/?s={search_term_string}"},"query-input":"required name=search_term_string"}],"inLanguage":"sk-SK"}]},"product_price_amount":"569.42","product_price_currency":"EUR","og_availability":"instock","product_availability":"instock","product_condition":"new"},"_links":{"self":[{"href":"https:\/\/www.nanosol.cz\/sk\/wp-json\/wp\/v2\/product\/43170","targetHints":{"allow":["GET"]}}],"collection":[{"href":"https:\/\/www.nanosol.cz\/sk\/wp-json\/wp\/v2\/product"}],"about":[{"href":"https:\/\/www.nanosol.cz\/sk\/wp-json\/wp\/v2\/types\/product"}],"replies":[{"embeddable":true,"href":"https:\/\/www.nanosol.cz\/sk\/wp-json\/wp\/v2\/comments?post=43170"}],"wp:featuredmedia":[{"embeddable":true,"href":"https:\/\/www.nanosol.cz\/sk\/wp-json\/wp\/v2\/media\/43153"}],"wp:attachment":[{"href":"https:\/\/www.nanosol.cz\/sk\/wp-json\/wp\/v2\/media?parent=43170"}],"wp:term":[{"taxonomy":"product_brand","embeddable":true,"href":"https:\/\/www.nanosol.cz\/sk\/wp-json\/wp\/v2\/product_brand?post=43170"},{"taxonomy":"product_cat","embeddable":true,"href":"https:\/\/www.nanosol.cz\/sk\/wp-json\/wp\/v2\/product_cat?post=43170"},{"taxonomy":"product_tag","embeddable":true,"href":"https:\/\/www.nanosol.cz\/sk\/wp-json\/wp\/v2\/product_tag?post=43170"}],"curies":[{"name":"wp","href":"https:\/\/api.w.org\/{rel}","templated":true}]}}