{"id":44079,"date":"2025-06-25T11:50:37","date_gmt":"2025-06-25T09:50:37","guid":{"rendered":"https:\/\/www.nanosol.cz\/?post_type=product&#038;p=44079"},"modified":"2026-04-02T12:19:51","modified_gmt":"2026-04-02T10:19:51","slug":"cistic-disku-kol-orbis-pro-motorky-500ml","status":"publish","type":"product","link":"https:\/\/www.nanosol.cz\/sk\/cistic-disku-kol-orbis-pro-motorky-500ml\/","title":{"rendered":"\u010cisti\u010d disk\u016f kol ORBIS pro motorky 500ml"},"content":{"rendered":"<p>\u00da\u010dinn\u00fd \u010cisti\u010d disk\u016f kol ORBIS pro motorky velmi snadno odstra\u0148uje p\u0159ipe\u010den\u00fd prach z brzdov\u00fdch desti\u010dek a ostatn\u00ed ne\u010distoty. Obsahuje indik\u00e1tor \u00fa\u010dinnosti, kter\u00fd se b\u011bhem \u010di\u0161t\u011bn\u00ed p\u0159ebarv\u00ed do fialova a v p\u0159\u00edpad\u011b siln\u00e9ho zne\u010di\u0161t\u011bn\u00ed z\u010dern\u00e1. D\u00edky neutr\u00e1ln\u00edmu pH je zcela bezpe\u010dn\u00fd pro lakovan\u00e9, nelakovan\u00e9, hlin\u00edkov\u00e9 i chromovan\u00e9 disky kol.<\/p>\n<h2>Jak pou\u017e\u00edvat \u010cisti\u010d disk\u016f kol ORBIS pro motorky:<\/h2>\n<ol>\n<li>P\u0159\u00edpravek prot\u0159epejte.<\/li>\n<li>Nast\u0159\u00edkejte na zne\u010di\u0161t\u011bn\u00fd povrch.<\/li>\n<li>Nechte 1-2 minuty p\u016fsobit. P\u0159\u00edpravek na povrchu z\u010derven\u00e1.<\/li>\n<li>Opl\u00e1chn\u011bte siln\u00fdm proudem vody.<\/li>\n<\/ol>\n<p>V p\u0159\u00edpad\u011b odoln\u011bj\u0161\u00edho zne\u010di\u0161t\u011bn\u00ed postup opakujte a\u00a0pou\u017eijte Kart\u00e1\u010d na disky.<\/p>\n<h2>Doporu\u010den\u00ed:<\/h2>\n<p>Vyzkou\u0161ejte nejd\u0159\u00edve na m\u00edst\u011b, kter\u00e9 nejde vid\u011bt. Nepou\u017e\u00edvejte na hork\u00e9m povrchu, riskujete po\u0161kozen\u00ed povrchu. Aplika\u010dn\u00ed teplota 5-25 \u00b0C. Nenechte zaschnout.<\/p>\n<p>&nbsp;<\/p>\n<p>\u010cisti\u010d disk\u016f kol ORBIS je ide\u00e1ln\u00edm \u0159e\u0161en\u00edm pro v\u0161echny motork\u00e1\u0159e, kte\u0159\u00ed hledaj\u00ed produkt, jen\u017e jim umo\u017en\u00ed snadno, rychle a bezpe\u010dn\u011b odstranit i ty nejodoln\u011bj\u0161\u00ed ne\u010distoty z disk\u016f jejich stroj\u016f. D\u00edky kombinaci \u0161etrnosti, vysok\u00e9 \u00fa\u010dinnosti a jedine\u010dn\u00e9ho vizu\u00e1ln\u00edho indik\u00e1toru \u00fa\u010dinnosti p\u0159edstavuje ORBIS \u0161pi\u010dku ve sv\u00e9 kategorii a st\u00e1v\u00e1 se nepostradateln\u00fdm pomocn\u00edkem pro pravidelnou \u00fadr\u017ebu motocyklu. Pravideln\u00e9 pou\u017e\u00edv\u00e1n\u00ed tohoto \u010disti\u010de zaji\u0161\u0165uje nejen perfektn\u00ed vzhled kol, ale p\u0159isp\u00edv\u00e1 tak\u00e9 k bezpe\u010dnosti a dlouh\u00e9 \u017eivotnosti samotn\u00fdch disk\u016f.<\/p>\n","protected":false},"excerpt":{"rendered":"<p>\u00da\u010dinn\u00fd \u010cisti\u010d disk\u016f kol ORBIS pro motorky velmi snadno odstra\u0148uje p\u0159ipe\u010den\u00fd prach z brzdov\u00fdch desti\u010dek a ostatn\u00ed ne\u010distoty. D\u00edky neutr\u00e1ln\u00edmu pH je zcela bezpe\u010dn\u00fd pro lakovan\u00e9, nelakovan\u00e9, hlin\u00edkov\u00e9 i plechov\u00e9 disky kol.<\/p>\n<h2><\/h2>\n","protected":false},"featured_media":44080,"comment_status":"open","ping_status":"closed","template":"","meta":{"_acf_changed":false},"product_brand":[522],"product_cat":[174],"product_tag":[],"class_list":{"0":"post-44079","1":"product","2":"type-product","3":"status-publish","4":"has-post-thumbnail","6":"product_brand-nanosol","7":"product_cat-motokosmetika","8":"pa_objem-500-ml","9":"pa_ph-ph-neutralni","10":"pa_ph-ph6","11":"pa_slozeni-1-10-polyetoxyethyl-dodecylsulfat-sodny-1-10-2-butoxyethan-1-ol","12":"pa_vyrobce-nanosol","13":"pa_znacka-nanosol","15":"first","16":"instock","17":"taxable","18":"shipping-taxable","19":"purchasable","20":"product-type-simple"},"bundled_by":[],"bundle_stock_status":"instock","bundle_stock_quantity":25,"bundle_virtual":false,"bundle_layout":"","bundle_add_to_cart_form_location":"","bundle_editable_in_cart":false,"bundle_sold_individually_context":"","bundle_item_grouping":"","bundle_min_size":"","bundle_max_size":"","bundle_price":[],"bundled_items":[],"bundle_sell_ids":[21074],"acf":[],"yoast_head":"<!-- This site is optimized with the Yoast SEO Premium plugin v21.4 (Yoast SEO v21.9.1) - https:\/\/yoast.com\/wordpress\/plugins\/seo\/ -->\n<title>\u010cisti\u010d disk\u016f kol ORBIS pro motorky - NANOSOL<\/title>\n<meta name=\"description\" content=\"\u010cisti\u010d disk\u016f kol ORBIS snadno odstran\u00ed p\u0159ipe\u010den\u00fd prach z brzdov\u00fdch desti\u010dek.\u00a0Vhodn\u00e9 pro lakovan\u00e9, nelakovan\u00e9, hlin\u00edkov\u00e9 i plechov\u00e9 disky kol motorek.\" \/>\n<meta name=\"robots\" content=\"index, follow, max-snippet:-1, max-image-preview:large, max-video-preview:-1\" \/>\n<link rel=\"canonical\" href=\"https:\/\/www.nanosol.cz\/sk\/cistic-disku-kol-orbis-pro-motorky-500ml\/\" \/>\n<meta property=\"og:locale\" content=\"sk_SK\" \/>\n<meta property=\"og:type\" content=\"article\" \/>\n<meta property=\"og:title\" content=\"\u010cisti\u010d disk\u016f kol ORBIS pro motorky 500ml\" \/>\n<meta property=\"og:description\" content=\"\u010cisti\u010d disk\u016f kol ORBIS snadno odstran\u00ed p\u0159ipe\u010den\u00fd prach z brzdov\u00fdch desti\u010dek.\u00a0Vhodn\u00e9 pro lakovan\u00e9, nelakovan\u00e9, hlin\u00edkov\u00e9 i plechov\u00e9 disky kol motorek.\" \/>\n<meta property=\"og:url\" content=\"https:\/\/www.nanosol.cz\/sk\/cistic-disku-kol-orbis-pro-motorky-500ml\/\" \/>\n<meta property=\"og:site_name\" content=\"Nanosol SK\" \/>\n<meta property=\"article:modified_time\" content=\"2026-04-02T10:19:51+00:00\" \/>\n<meta property=\"og:image\" content=\"https:\/\/www.nanosol.cz\/sk\/wp-content\/uploads\/2025\/06\/80020100-Cistic-disku-koll-ORBIS-moto-500ml-NANOSOL-scaled.webp\" \/>\n\t<meta property=\"og:image:width\" content=\"1400\" \/>\n\t<meta property=\"og:image:height\" content=\"1400\" \/>\n\t<meta property=\"og:image:type\" content=\"image\/webp\" \/>\n<meta name=\"twitter:card\" content=\"summary_large_image\" \/>\n<meta name=\"twitter:label1\" content=\"Cena\" \/>\n\t<meta name=\"twitter:data1\" content=\"217.88&nbsp;&euro;\" \/>\n\t<meta name=\"twitter:label2\" content=\"Dostupnos\u0165\" \/>\n\t<meta name=\"twitter:data2\" content=\"Na sklade\" \/>\n<script type=\"application\/ld+json\" class=\"yoast-schema-graph\">{\"@context\":\"https:\/\/schema.org\",\"@graph\":[{\"@type\":\"WebPage\",\"@id\":\"https:\/\/www.nanosol.cz\/sk\/cistic-disku-kol-orbis-pro-motorky-500ml\/\",\"url\":\"https:\/\/www.nanosol.cz\/sk\/cistic-disku-kol-orbis-pro-motorky-500ml\/\",\"name\":\"\u010cisti\u010d disk\u016f kol ORBIS pro motorky - NANOSOL\",\"isPartOf\":{\"@id\":\"https:\/\/www.nanosol.cz\/sk\/#website\"},\"datePublished\":\"2025-06-25T09:50:37+00:00\",\"dateModified\":\"2026-04-02T10:19:51+00:00\",\"description\":\"\u010cisti\u010d disk\u016f kol ORBIS snadno odstran\u00ed p\u0159ipe\u010den\u00fd prach z brzdov\u00fdch desti\u010dek.\u00a0Vhodn\u00e9 pro lakovan\u00e9, nelakovan\u00e9, hlin\u00edkov\u00e9 i plechov\u00e9 disky kol motorek.\",\"breadcrumb\":{\"@id\":\"https:\/\/www.nanosol.cz\/sk\/cistic-disku-kol-orbis-pro-motorky-500ml\/#breadcrumb\"},\"inLanguage\":\"sk-SK\",\"potentialAction\":[{\"@type\":\"ReadAction\",\"target\":[\"https:\/\/www.nanosol.cz\/sk\/cistic-disku-kol-orbis-pro-motorky-500ml\/\"]}]},{\"@type\":\"BreadcrumbList\",\"@id\":\"https:\/\/www.nanosol.cz\/sk\/cistic-disku-kol-orbis-pro-motorky-500ml\/#breadcrumb\",\"itemListElement\":[{\"@type\":\"ListItem\",\"position\":1,\"name\":\"Dom\u016f\",\"item\":\"https:\/\/www.nanosol.cz\/sk\/\"},{\"@type\":\"ListItem\",\"position\":2,\"name\":\"Produkty\",\"item\":\"https:\/\/www.nanosol.cz\/sk\/shop\/\"},{\"@type\":\"ListItem\",\"position\":3,\"name\":\"\u010cisti\u010d disk\u016f kol ORBIS pro motorky 500ml\"}]},{\"@type\":\"WebSite\",\"@id\":\"https:\/\/www.nanosol.cz\/sk\/#website\",\"url\":\"https:\/\/www.nanosol.cz\/sk\/\",\"name\":\"Nanosol SK\",\"description\":\"Pr\u00e9miov\u00e9 nano p\u0159\u00edpravky a nano chemie\",\"potentialAction\":[{\"@type\":\"SearchAction\",\"target\":{\"@type\":\"EntryPoint\",\"urlTemplate\":\"https:\/\/www.nanosol.cz\/sk\/?s={search_term_string}\"},\"query-input\":\"required name=search_term_string\"}],\"inLanguage\":\"sk-SK\"}]}<\/script>\n<meta property=\"product:brand\" content=\"NANOSOL\" \/>\n<meta property=\"product:price:amount\" content=\"263.64\" \/>\n<meta property=\"product:price:currency\" content=\"EUR\" \/>\n<meta property=\"og:availability\" content=\"instock\" \/>\n<meta property=\"product:availability\" content=\"instock\" \/>\n<meta property=\"product:retailer_item_id\" content=\"80020105\" \/>\n<meta property=\"product:condition\" content=\"new\" \/>\n<!-- \/ Yoast SEO Premium plugin. -->","yoast_head_json":{"title":"\u010cisti\u010d disk\u016f kol ORBIS pro motorky - NANOSOL","description":"\u010cisti\u010d disk\u016f kol ORBIS snadno odstran\u00ed p\u0159ipe\u010den\u00fd prach z brzdov\u00fdch desti\u010dek.\u00a0Vhodn\u00e9 pro lakovan\u00e9, nelakovan\u00e9, hlin\u00edkov\u00e9 i plechov\u00e9 disky kol motorek.","robots":{"index":"index","follow":"follow","max-snippet":"max-snippet:-1","max-image-preview":"max-image-preview:large","max-video-preview":"max-video-preview:-1"},"canonical":"https:\/\/www.nanosol.cz\/sk\/cistic-disku-kol-orbis-pro-motorky-500ml\/","og_locale":"sk_SK","og_type":"article","og_title":"\u010cisti\u010d disk\u016f kol ORBIS pro motorky 500ml","og_description":"\u010cisti\u010d disk\u016f kol ORBIS snadno odstran\u00ed p\u0159ipe\u010den\u00fd prach z brzdov\u00fdch desti\u010dek.\u00a0Vhodn\u00e9 pro lakovan\u00e9, nelakovan\u00e9, hlin\u00edkov\u00e9 i plechov\u00e9 disky kol motorek.","og_url":"https:\/\/www.nanosol.cz\/sk\/cistic-disku-kol-orbis-pro-motorky-500ml\/","og_site_name":"Nanosol SK","article_modified_time":"2026-04-02T10:19:51+00:00","og_image":[{"width":1400,"height":1400,"url":"https:\/\/www.nanosol.cz\/sk\/wp-content\/uploads\/2025\/06\/80020100-Cistic-disku-koll-ORBIS-moto-500ml-NANOSOL-scaled.webp","type":"image\/webp"}],"twitter_card":"summary_large_image","twitter_misc":{"Cena":"217.88&nbsp;&euro;","Dostupnos\u0165":"Na sklade"},"schema":{"@context":"https:\/\/schema.org","@graph":[{"@type":"WebPage","@id":"https:\/\/www.nanosol.cz\/sk\/cistic-disku-kol-orbis-pro-motorky-500ml\/","url":"https:\/\/www.nanosol.cz\/sk\/cistic-disku-kol-orbis-pro-motorky-500ml\/","name":"\u010cisti\u010d disk\u016f kol ORBIS pro motorky - NANOSOL","isPartOf":{"@id":"https:\/\/www.nanosol.cz\/sk\/#website"},"datePublished":"2025-06-25T09:50:37+00:00","dateModified":"2026-04-02T10:19:51+00:00","description":"\u010cisti\u010d disk\u016f kol ORBIS snadno odstran\u00ed p\u0159ipe\u010den\u00fd prach z brzdov\u00fdch desti\u010dek.\u00a0Vhodn\u00e9 pro lakovan\u00e9, nelakovan\u00e9, hlin\u00edkov\u00e9 i plechov\u00e9 disky kol motorek.","breadcrumb":{"@id":"https:\/\/www.nanosol.cz\/sk\/cistic-disku-kol-orbis-pro-motorky-500ml\/#breadcrumb"},"inLanguage":"sk-SK","potentialAction":[{"@type":"ReadAction","target":["https:\/\/www.nanosol.cz\/sk\/cistic-disku-kol-orbis-pro-motorky-500ml\/"]}]},{"@type":"BreadcrumbList","@id":"https:\/\/www.nanosol.cz\/sk\/cistic-disku-kol-orbis-pro-motorky-500ml\/#breadcrumb","itemListElement":[{"@type":"ListItem","position":1,"name":"Dom\u016f","item":"https:\/\/www.nanosol.cz\/sk\/"},{"@type":"ListItem","position":2,"name":"Produkty","item":"https:\/\/www.nanosol.cz\/sk\/shop\/"},{"@type":"ListItem","position":3,"name":"\u010cisti\u010d disk\u016f kol ORBIS pro motorky 500ml"}]},{"@type":"WebSite","@id":"https:\/\/www.nanosol.cz\/sk\/#website","url":"https:\/\/www.nanosol.cz\/sk\/","name":"Nanosol SK","description":"Pr\u00e9miov\u00e9 nano p\u0159\u00edpravky a nano chemie","potentialAction":[{"@type":"SearchAction","target":{"@type":"EntryPoint","urlTemplate":"https:\/\/www.nanosol.cz\/sk\/?s={search_term_string}"},"query-input":"required name=search_term_string"}],"inLanguage":"sk-SK"}]},"product_brand":"NANOSOL","product_price_amount":"263.64","product_price_currency":"EUR","og_availability":"instock","product_availability":"instock","product_retailer_item_id":"80020105","product_condition":"new"},"_links":{"self":[{"href":"https:\/\/www.nanosol.cz\/sk\/wp-json\/wp\/v2\/product\/44079","targetHints":{"allow":["GET"]}}],"collection":[{"href":"https:\/\/www.nanosol.cz\/sk\/wp-json\/wp\/v2\/product"}],"about":[{"href":"https:\/\/www.nanosol.cz\/sk\/wp-json\/wp\/v2\/types\/product"}],"replies":[{"embeddable":true,"href":"https:\/\/www.nanosol.cz\/sk\/wp-json\/wp\/v2\/comments?post=44079"}],"wp:featuredmedia":[{"embeddable":true,"href":"https:\/\/www.nanosol.cz\/sk\/wp-json\/wp\/v2\/media\/44080"}],"wp:attachment":[{"href":"https:\/\/www.nanosol.cz\/sk\/wp-json\/wp\/v2\/media?parent=44079"}],"wp:term":[{"taxonomy":"product_brand","embeddable":true,"href":"https:\/\/www.nanosol.cz\/sk\/wp-json\/wp\/v2\/product_brand?post=44079"},{"taxonomy":"product_cat","embeddable":true,"href":"https:\/\/www.nanosol.cz\/sk\/wp-json\/wp\/v2\/product_cat?post=44079"},{"taxonomy":"product_tag","embeddable":true,"href":"https:\/\/www.nanosol.cz\/sk\/wp-json\/wp\/v2\/product_tag?post=44079"}],"curies":[{"name":"wp","href":"https:\/\/api.w.org\/{rel}","templated":true}]}}